{"id":4375,"date":"2014-04-20T10:59:59","date_gmt":"2014-04-20T09:59:59","guid":{"rendered":"http:\/\/blogs.univ-jfc.fr\/projetlaperouse\/?page_id=4375"},"modified":"2015-10-28T16:17:36","modified_gmt":"2015-10-28T15:17:36","slug":"visite-a-rochefort-lhermione","status":"publish","type":"page","link":"https:\/\/blogs.univ-jfc.fr\/projetlaperouse\/le-projet-2\/visite-a-rochefort-lhermione\/","title":{"rendered":"Visite \u00e0 Rochefort (L&rsquo;Hermione)"},"content":{"rendered":"<p style=\"text-align: justify\">Du 17 au 18 avril 2014, les \u00e9tudiants participant au projet se sont rendus \u00e0 Rochefort (Charente-Maritime), pour d\u00e9couvrir le patrimoine maritime de cette cit\u00e9, voulue par Louis XIV pour redonner pouvoir et prestige \u00e0 la France sur les mers. Ils y ont d\u00e9couvert la Corderie royale, le Mus\u00e9e de la Marine et celui de l&rsquo;\u00e9cole de m\u00e9decine navale, premier \u00e9tablissement de ce type dans le monde. Le clou du voyage a \u00e9t\u00e9 la visite de l&rsquo;Hermione, r\u00e9plique fid\u00e8le de la fr\u00e9gate \u00e0 bord de laquelle le marquis de Lafayette traversa l&rsquo;Atlantique en 1780 pour annoncer l&rsquo;aide de la France aux insurg\u00e9s am\u00e9ricains command\u00e9s par George Washington.<\/p>\n<div id=\"attachment_4599\" style=\"width: 1010px\" class=\"wp-caption aligncenter\"><a href=\"http:\/\/blogs.univ-jfc.fr\/projetlaperouse\/wp-content\/uploads\/sites\/9\/2014\/04\/IMGP7163.jpg\"><img aria-describedby=\"caption-attachment-4599\" loading=\"lazy\" class=\"size-medium wp-image-4599\" alt=\"Une partie du groupe, La Corderie Royale, Rochefort.\" src=\"http:\/\/blogs.univ-jfc.fr\/projetlaperouse\/wp-content\/uploads\/sites\/9\/2014\/04\/IMGP7163-1000x664.jpg\" width=\"1000\" height=\"664\" srcset=\"https:\/\/blogs.univ-jfc.fr\/projetlaperouse\/wp-content\/uploads\/sites\/9\/2014\/04\/IMGP7163-1000x664.jpg 1000w, https:\/\/blogs.univ-jfc.fr\/projetlaperouse\/wp-content\/uploads\/sites\/9\/2014\/04\/IMGP7163-451x300.jpg 451w, https:\/\/blogs.univ-jfc.fr\/projetlaperouse\/wp-content\/uploads\/sites\/9\/2014\/04\/IMGP7163.jpg 1072w\" sizes=\"(max-width: 1000px) 100vw, 1000px\" \/><\/a><p id=\"caption-attachment-4599\" class=\"wp-caption-text\">Une partie du groupe, La Corderie Royale, Rochefort.<\/p><\/div>\n<p>Tout savoir sur l&rsquo;<a title=\"Tout savoir sur l'Hermione\" href=\"http:\/\/exposvirtuelles.charente-maritime.fr\/fr\/expositions\/lhermione-fregate-de-la-liberte\" target=\"_blank\">Hermione<\/a>.<\/p>\n<p>Le <a href=\"http:\/\/www.voilesetvoiliers.com\/classique-et-tradition\/hermione-enfin-libre-rochefort-fregate\/\" target=\"_blank\">premier d\u00e9part<\/a> de Rochefort, en septembre 2014 et l&rsquo;arriv\u00e9e \u00e0 <a title=\"Arriv\u00e9e \u00e0 Yorktown (USA)\" href=\"http:\/\/france3-regions.francetvinfo.fr\/poitou-charentes\/charente-maritime\/la-rochelle\/premiere-escale-officielle-de-l-hermione-demain-matin-yorktown-usa-738943.html\" target=\"_blank\">Yorktown <\/a>(USA), en juin 2015.<\/p>\n","protected":false},"excerpt":{"rendered":"<p>Du 17 au 18 avril 2014, les \u00e9tudiants participant au projet se sont rendus \u00e0 Rochefort (Charente-Maritime), pour d\u00e9couvrir le patrimoine maritime de cette cit\u00e9, voulue par Louis XIV pour redonner pouvoir et prestige \u00e0 la France sur les mers. &hellip; <a href=\"https:\/\/blogs.univ-jfc.fr\/projetlaperouse\/le-projet-2\/visite-a-rochefort-lhermione\/\">Lire la suite <span class=\"meta-nav\">&rarr;<\/span><\/a><\/p>\n","protected":false},"author":15,"featured_media":4660,"parent":406,"menu_order":0,"comment_status":"closed","ping_status":"closed","template":"sidebar-page.php","meta":[],"_links":{"self":[{"href":"https:\/\/blogs.univ-jfc.fr\/projetlaperouse\/wp-json\/wp\/v2\/pages\/4375"}],"collection":[{"href":"https:\/\/blogs.univ-jfc.fr\/projetlaperouse\/wp-json\/wp\/v2\/pages"}],"about":[{"href":"https:\/\/blogs.univ-jfc.fr\/projetlaperouse\/wp-json\/wp\/v2\/types\/page"}],"author":[{"embeddable":true,"href":"https:\/\/blogs.univ-jfc.fr\/projetlaperouse\/wp-json\/wp\/v2\/users\/15"}],"replies":[{"embeddable":true,"href":"https:\/\/blogs.univ-jfc.fr\/projetlaperouse\/wp-json\/wp\/v2\/comments?post=4375"}],"version-history":[{"count":11,"href":"https:\/\/blogs.univ-jfc.fr\/projetlaperouse\/wp-json\/wp\/v2\/pages\/4375\/revisions"}],"predecessor-version":[{"id":4378,"href":"https:\/\/blogs.univ-jfc.fr\/projetlaperouse\/wp-json\/wp\/v2\/pages\/4375\/revisions\/4378"}],"up":[{"embeddable":true,"href":"https:\/\/blogs.univ-jfc.fr\/projetlaperouse\/wp-json\/wp\/v2\/pages\/406"}],"wp:featuredmedia":[{"embeddable":true,"href":"https:\/\/blogs.univ-jfc.fr\/projetlaperouse\/wp-json\/wp\/v2\/media\/4660"}],"wp:attachment":[{"href":"https:\/\/blogs.univ-jfc.fr\/projetlaperouse\/wp-json\/wp\/v2\/media?parent=4375"}],"curies":[{"name":"wp","href":"https:\/\/api.w.org\/{rel}","templated":true}]}}