{"id":484,"date":"2014-01-29T10:24:44","date_gmt":"2014-01-29T09:24:44","guid":{"rendered":"http:\/\/blogs.univ-jfc.fr\/projetlaperouse\/?page_id=484"},"modified":"2014-06-18T10:31:41","modified_gmt":"2014-06-18T09:31:41","slug":"sciences-naturelles","status":"publish","type":"page","link":"https:\/\/blogs.univ-jfc.fr\/projetlaperouse\/de-la-nature-et-des-hommes\/sciences-naturelles\/","title":{"rendered":"Sciences naturelles"},"content":{"rendered":"<p style=\"text-align: justify\"><a href=\"http:\/\/blogs.univ-jfc.fr\/projetlaperouse\/wp-content\/uploads\/sites\/9\/2014\/03\/LEncyclop\u00e9die-de-1751.jpg\"><br \/>\n<img loading=\"lazy\" class=\" wp-image-1346     alignright\" title=\"L'Encyclop\u00e9die de 1751\" alt=\"\" src=\"http:\/\/blogs.univ-jfc.fr\/projetlaperouse\/wp-content\/uploads\/sites\/9\/2014\/03\/LEncyclop\u00e9die-de-1751.jpg\" width=\"68\" height=\"102\" \/><\/a><span style=\"font-family: Arial,sans-serif\"><span style=\"font-size: medium\">Les sciences naturelles se structurent initialement gr\u00e2ce aux m\u00e9c\u00e8nes qui financent les recherches des savants ou les exp\u00e9ditions maritimes. D&rsquo;abord dispers\u00e9s dans toute l\u2019Europe, ces savants entrent en contact par une correspondance \u00e9pistolaire internationale. Dans un deuxi\u00e8me temps, ce processus am\u00e8ne \u00e0 la fondation d\u2019acad\u00e9mies. Celles-ci symbolisent leur reconnaissance officielle. Par cette protection \u00e9tatique, le savoir peut \u00eatre diffus\u00e9 et vulgaris\u00e9 tout au long du XVIIIe\u00a0si\u00e8cle, c&rsquo;est l<a title=\"L\u2019institutionnalisation des sciences\" href=\"http:\/\/blogs.univ-jfc.fr\/projetlaperouse\/de-la-nature-et-des-hommes\/sciences-naturelles\/linstitutionnalisation-des-sciences\/\">&lsquo;institutionnalisation des sciences<\/a>.\u00a0<\/span><\/span><\/p>\n<p style=\"text-align: justify\"><span style=\"font-family: Arial, sans-serif\">Au XVIIIe\u00a0si\u00e8cle, les multiples observations et exp\u00e9rimentations scientifiques, marquent <a href=\"http:\/\/blogs.univ-jfc.fr\/projetlaperouse\/wp-content\/uploads\/sites\/9\/2014\/03\/l-exitance-de-dieu1.jpg\"><img loading=\"lazy\" class=\" wp-image-2737 alignright\" title=\"L'existence de Dieu,\u00a0d\u00e9montr\u00e9e par les merveilles de la nature de Nieuwentyt ( conflit entre savants et religieux )\" alt=\"\" src=\"http:\/\/blogs.univ-jfc.fr\/projetlaperouse\/wp-content\/uploads\/sites\/9\/2014\/03\/l-exitance-de-dieu1.jpg\" width=\"184\" height=\"138\" \/><\/a>un bouleversement dans le domaine des sciences naturelles. On peut parler d&rsquo;un v\u00e9ritable engouement qui change la connaissance ainsi que la conception du monde. Par le biais de conflits entre savants et religieux, les avanc\u00e9es dans le domaine des sciences naturelles sont notables, comme les m\u00e9thodes employ\u00e9es.\u00a0Le XVIIIe est donc est un si\u00e8cle de bouleversement pour<\/span> l<a title=\"La sph\u00e8re scientifique\" href=\"http:\/\/blogs.univ-jfc.fr\/projetlaperouse\/de-la-nature-et-des-hommes\/sciences-naturelles\/la-sphere-scientifique\/\">a sph\u00e8re scientifique<\/a>.<\/p>\n<p style=\"text-align: justify\">\n<p><strong>R\u00e9dacteurs<\/strong> : Fabio SEGURO-REDONDO, Axel LAUDOU, Nicolas RIVES, Pauline SPADOTTI<\/p>\n","protected":false},"excerpt":{"rendered":"<p>Les sciences naturelles se structurent initialement gr\u00e2ce aux m\u00e9c\u00e8nes qui financent les recherches des savants ou les exp\u00e9ditions maritimes. D&rsquo;abord dispers\u00e9s dans toute l\u2019Europe, ces savants entrent en contact par une correspondance \u00e9pistolaire internationale. Dans un deuxi\u00e8me temps, ce processus &hellip; <a href=\"https:\/\/blogs.univ-jfc.fr\/projetlaperouse\/de-la-nature-et-des-hommes\/sciences-naturelles\/\">Lire la suite <span class=\"meta-nav\">&rarr;<\/span><\/a><\/p>\n","protected":false},"author":19,"featured_media":336,"parent":25,"menu_order":0,"comment_status":"closed","ping_status":"open","template":"","meta":[],"_links":{"self":[{"href":"https:\/\/blogs.univ-jfc.fr\/projetlaperouse\/wp-json\/wp\/v2\/pages\/484"}],"collection":[{"href":"https:\/\/blogs.univ-jfc.fr\/projetlaperouse\/wp-json\/wp\/v2\/pages"}],"about":[{"href":"https:\/\/blogs.univ-jfc.fr\/projetlaperouse\/wp-json\/wp\/v2\/types\/page"}],"author":[{"embeddable":true,"href":"https:\/\/blogs.univ-jfc.fr\/projetlaperouse\/wp-json\/wp\/v2\/users\/19"}],"replies":[{"embeddable":true,"href":"https:\/\/blogs.univ-jfc.fr\/projetlaperouse\/wp-json\/wp\/v2\/comments?post=484"}],"version-history":[{"count":42,"href":"https:\/\/blogs.univ-jfc.fr\/projetlaperouse\/wp-json\/wp\/v2\/pages\/484\/revisions"}],"predecessor-version":[{"id":4685,"href":"https:\/\/blogs.univ-jfc.fr\/projetlaperouse\/wp-json\/wp\/v2\/pages\/484\/revisions\/4685"}],"up":[{"embeddable":true,"href":"https:\/\/blogs.univ-jfc.fr\/projetlaperouse\/wp-json\/wp\/v2\/pages\/25"}],"wp:featuredmedia":[{"embeddable":true,"href":"https:\/\/blogs.univ-jfc.fr\/projetlaperouse\/wp-json\/wp\/v2\/media\/336"}],"wp:attachment":[{"href":"https:\/\/blogs.univ-jfc.fr\/projetlaperouse\/wp-json\/wp\/v2\/media?parent=484"}],"curies":[{"name":"wp","href":"https:\/\/api.w.org\/{rel}","templated":true}]}}