{"id":497,"date":"2014-01-30T09:30:51","date_gmt":"2014-01-30T08:30:51","guid":{"rendered":"http:\/\/blogs.univ-jfc.fr\/projetlaperouse\/?page_id=497"},"modified":"2014-04-08T06:01:50","modified_gmt":"2014-04-08T05:01:50","slug":"principales-etapes-et-evenements","status":"publish","type":"page","link":"https:\/\/blogs.univ-jfc.fr\/projetlaperouse\/le-voyage\/principales-etapes-et-evenements\/","title":{"rendered":"Principales \u00e9tapes et \u00e9v\u00e8nements"},"content":{"rendered":"<div id=\"attachment_3397\" style=\"width: 236px\" class=\"wp-caption alignright\"><a href=\"http:\/\/blogs.univ-jfc.fr\/projetlaperouse\/wp-content\/uploads\/sites\/9\/2014\/01\/carte-intro.jpg\"><img aria-describedby=\"caption-attachment-3397\" loading=\"lazy\" class=\" wp-image-3397  \" alt=\"carte intro\" src=\"http:\/\/blogs.univ-jfc.fr\/projetlaperouse\/wp-content\/uploads\/sites\/9\/2014\/01\/carte-intro.jpg\" width=\"226\" height=\"158\" \/><\/a><p id=\"caption-attachment-3397\" class=\"wp-caption-text\">Carte du voyage de Lap\u00e9rouse.<\/p><\/div>\n<p align=\"JUSTIFY\"><a title=\"Deux ans et demi en mer avec Lap\u00e9rouse et son \u00e9quipage\" href=\"http:\/\/blogs.univ-jfc.fr\/projetlaperouse\/le-voyage\/principales-etapes-et-evenements\/deux-ans-et-demi-en-mer-avec-laperouse-et-son-equipage\/\">L&rsquo;exp\u00e9dition de Lap\u00e9rouse passe deux ans et demi en mer<\/a>, elle demande donc une organisation minutieuse : il faut penser aux conditions m\u00e9t\u00e9orologiques, aux futures escales pour s&rsquo;approvisionner en eau et en nourriture, ainsi qu&rsquo;\u00e0 la pr\u00e9vention des maladies.<\/p>\n<p align=\"JUSTIFY\"><span style=\"color: #ffffff\">______<\/span><\/p>\n<p align=\"JUSTIFY\"><span style=\"color: #ffffff\">____________________<\/span><\/p>\n<div id=\"attachment_2589\" style=\"width: 212px\" class=\"wp-caption alignleft\"><a href=\"http:\/\/blogs.univ-jfc.fr\/projetlaperouse\/wp-content\/uploads\/sites\/9\/2014\/03\/lap.jpg\"><img aria-describedby=\"caption-attachment-2589\" loading=\"lazy\" class=\"wp-image-2589 \" alt=\"lap\" src=\"http:\/\/blogs.univ-jfc.fr\/projetlaperouse\/wp-content\/uploads\/sites\/9\/2014\/03\/lap.jpg\" width=\"202\" height=\"152\" \/><\/a><p id=\"caption-attachment-2589\" class=\"wp-caption-text\">Naufrage \u00e0 Lituya Bay<\/p><\/div>\n<p>Trois \u00e9tapes marquent particuli\u00e8rement l&rsquo;exp\u00e9dition de Lap\u00e9rouse : l&rsquo;\u00eele de P\u00e2ques, la Bay de Tutuila ou encore Lituya Bay. Entre moments de d\u00e9couverte et moments de drame, l&rsquo;exp\u00e9dition de Lap\u00e9rouse se montre extr\u00eamement complexe. D\u00e9couvrons ensemble, <a title=\"Quelques \u00e9tapes exceptionnelles\" href=\"http:\/\/blogs.univ-jfc.fr\/projetlaperouse\/le-voyage\/principales-etapes-et-evenements\/quelques-etapes-exceptionnelles\/\">quelques \u00e9tapes exceptionnelles<\/a> de ce projet.<\/p>\n<p><span style=\"color: #ffffff\">________________________________________________________<\/span><\/p>\n<div id=\"attachment_3540\" style=\"width: 230px\" class=\"wp-caption alignright\"><a href=\"http:\/\/blogs.univ-jfc.fr\/projetlaperouse\/wp-content\/uploads\/sites\/9\/2014\/01\/Femmes.jpg\"><img aria-describedby=\"caption-attachment-3540\" loading=\"lazy\" class=\" wp-image-3540   \" alt=\"Femmes\" src=\"http:\/\/blogs.univ-jfc.fr\/projetlaperouse\/wp-content\/uploads\/sites\/9\/2014\/01\/Femmes.jpg\" width=\"220\" height=\"147\" \/><\/a><p id=\"caption-attachment-3540\" class=\"wp-caption-text\">Portraits de Femmes.<\/p><\/div>\n<p align=\"JUSTIFY\">M\u00eame si le but premier du voyage n&rsquo;\u00e9tait pas culturel, cet aspect est important aux yeux de l&rsquo;\u00e9quipage, qui en tant qu&rsquo;acteur du si\u00e8cle des Lumi\u00e8res est amateur de connaissances. <a title=\"Le voyage de Lap\u00e9rouse : d\u2019\u00e9v\u00e9nements en d\u00e9couvertes\" href=\"http:\/\/blogs.univ-jfc.fr\/projetlaperouse\/le-voyage\/principales-etapes-et-evenements\/le-voyage-de-laperouse-devenements-en-decouvertes\/\">D&rsquo;\u00e9v\u00e9nements en d\u00e9couvertes<\/a>, Lap\u00e9rouse et son \u00e9quipage ne cessent de s&rsquo;\u00e9merveiller des nouveaux acquis qu&rsquo;ils ont assimil\u00e9s.<\/p>\n<p align=\"JUSTIFY\"><span style=\"color: #ffffff\">_________<\/span><\/p>\n<p align=\"JUSTIFY\"><span style=\"color: #ffffff\">______<\/span><\/p>\n<p style=\"text-align: right\" align=\"JUSTIFY\"><span style=\"color: #ffffff\">__________________________<\/span>Pauline BANQ, Sol\u00e8ne HOLLINGER, Quentin LOPEZ<\/p>\n<div id=\"sdfootnote1\" style=\"text-align: justify\">\n<p>&nbsp;<\/p>\n<\/div>\n","protected":false},"excerpt":{"rendered":"<p>L&rsquo;exp\u00e9dition de Lap\u00e9rouse passe deux ans et demi en mer, elle demande donc une organisation minutieuse : il faut penser aux conditions m\u00e9t\u00e9orologiques, aux futures escales pour s&rsquo;approvisionner en eau et en nourriture, ainsi qu&rsquo;\u00e0 la pr\u00e9vention des maladies. ______ &hellip; <a href=\"https:\/\/blogs.univ-jfc.fr\/projetlaperouse\/le-voyage\/principales-etapes-et-evenements\/\">Lire la suite <span class=\"meta-nav\">&rarr;<\/span><\/a><\/p>\n","protected":false},"author":20,"featured_media":0,"parent":14,"menu_order":4,"comment_status":"closed","ping_status":"closed","template":"","meta":[],"_links":{"self":[{"href":"https:\/\/blogs.univ-jfc.fr\/projetlaperouse\/wp-json\/wp\/v2\/pages\/497"}],"collection":[{"href":"https:\/\/blogs.univ-jfc.fr\/projetlaperouse\/wp-json\/wp\/v2\/pages"}],"about":[{"href":"https:\/\/blogs.univ-jfc.fr\/projetlaperouse\/wp-json\/wp\/v2\/types\/page"}],"author":[{"embeddable":true,"href":"https:\/\/blogs.univ-jfc.fr\/projetlaperouse\/wp-json\/wp\/v2\/users\/20"}],"replies":[{"embeddable":true,"href":"https:\/\/blogs.univ-jfc.fr\/projetlaperouse\/wp-json\/wp\/v2\/comments?post=497"}],"version-history":[{"count":49,"href":"https:\/\/blogs.univ-jfc.fr\/projetlaperouse\/wp-json\/wp\/v2\/pages\/497\/revisions"}],"predecessor-version":[{"id":4005,"href":"https:\/\/blogs.univ-jfc.fr\/projetlaperouse\/wp-json\/wp\/v2\/pages\/497\/revisions\/4005"}],"up":[{"embeddable":true,"href":"https:\/\/blogs.univ-jfc.fr\/projetlaperouse\/wp-json\/wp\/v2\/pages\/14"}],"wp:attachment":[{"href":"https:\/\/blogs.univ-jfc.fr\/projetlaperouse\/wp-json\/wp\/v2\/media?parent=497"}],"curies":[{"name":"wp","href":"https:\/\/api.w.org\/{rel}","templated":true}]}}