{"id":8,"date":"2013-06-11T07:31:21","date_gmt":"2013-06-11T06:31:21","guid":{"rendered":"http:\/\/blogs.univ-jfc.fr\/projetlaperouse\/?page_id=8"},"modified":"2014-04-03T08:45:55","modified_gmt":"2014-04-03T07:45:55","slug":"un-gentilhomme-provincial","status":"publish","type":"page","link":"https:\/\/blogs.univ-jfc.fr\/projetlaperouse\/un-gentilhomme-provincial\/","title":{"rendered":"Un gentilhomme provincial"},"content":{"rendered":"<p>&nbsp;<\/p>\n<p style=\"text-align: justify\" title=\"La naissance, le milieu familial, la premi\u00e8re \u00e9ducation\">Avant de devenir un marin confirm\u00e9 et d&rsquo;entrer dans la l\u00e9gende des grandes exp\u00e9ditions, <a href=\"http:\/\/blogs.univ-jfc.fr\/projetlaperouse\/wp-content\/uploads\/sites\/9\/2014\/03\/chateau_go.jpg\"><img loading=\"lazy\" class=\"wp-image-1096 alignright\" title=\"Ch\u00e2teau du G\u00f4\" alt=\"chateau_go\" src=\"http:\/\/blogs.univ-jfc.fr\/projetlaperouse\/wp-content\/uploads\/sites\/9\/2014\/03\/chateau_go.jpg\" width=\"220\" height=\"156\" \/><\/a>Lap\u00e9rouse est <a title=\"La naissance, le milieu familial, l\u2019enfance\" href=\"http:\/\/blogs.univ-jfc.fr\/projetlaperouse\/un-gentilhomme-provincial\/la-naissance-le-milieu-familial-la-premiere-education\/\" target=\"_blank\">n\u00e9 et a pass\u00e9 ses premi\u00e8res ann\u00e9es au sein de sa famille<\/a>. Il y re\u00e7oit l&rsquo;\u00e9ducation classique de tout jeune noble provincial, d&rsquo;abord au sein du ch\u00e2teau familial, puis dans un \u00e9tablissement j\u00e9suite proche. Sa famille fait partie de la <a title=\"La noblesse albigeoise au si\u00e8cle des Lumi\u00e8res\" href=\"http:\/\/blogs.univ-jfc.fr\/projetlaperouse\/un-gentilhomme-provincial\/la-noblesse-toulousaine-au-siecle-des-lumieres\/\" target=\"_blank\">noblesse albigeoise<\/a>, tr\u00e8s impliqu\u00e9e localement, \u00e9volue dans un si\u00e8cle riche en bouleversements, celui des Lumi\u00e8res, qui annonce la R\u00e9volution et la crise de l&rsquo;ordre nobiliaire. Apr\u00e8s ces premi\u00e8res ann\u00e9es, Lap\u00e9rouse, contrairement aux projets de son p\u00e8re, choisira de quitter la ville pour poursuivre une <a title=\"La formation navale\" href=\"http:\/\/blogs.univ-jfc.fr\/projetlaperouse\/un-gentilhomme-provincial\/leducation\/\" target=\"_blank\">formation navale<\/a>, \u00e0 l&rsquo;Ecole de marine de Brest.<\/p>\n<p>&nbsp;<\/p>\n","protected":false},"excerpt":{"rendered":"<p>&nbsp; Avant de devenir un marin confirm\u00e9 et d&rsquo;entrer dans la l\u00e9gende des grandes exp\u00e9ditions, Lap\u00e9rouse est n\u00e9 et a pass\u00e9 ses premi\u00e8res ann\u00e9es au sein de sa famille. Il y re\u00e7oit l&rsquo;\u00e9ducation classique de tout jeune noble provincial, d&rsquo;abord &hellip; <a href=\"https:\/\/blogs.univ-jfc.fr\/projetlaperouse\/un-gentilhomme-provincial\/\">Lire la suite <span class=\"meta-nav\">&rarr;<\/span><\/a><\/p>\n","protected":false},"author":15,"featured_media":207,"parent":0,"menu_order":0,"comment_status":"closed","ping_status":"closed","template":"sidebar-page.php","meta":[],"_links":{"self":[{"href":"https:\/\/blogs.univ-jfc.fr\/projetlaperouse\/wp-json\/wp\/v2\/pages\/8"}],"collection":[{"href":"https:\/\/blogs.univ-jfc.fr\/projetlaperouse\/wp-json\/wp\/v2\/pages"}],"about":[{"href":"https:\/\/blogs.univ-jfc.fr\/projetlaperouse\/wp-json\/wp\/v2\/types\/page"}],"author":[{"embeddable":true,"href":"https:\/\/blogs.univ-jfc.fr\/projetlaperouse\/wp-json\/wp\/v2\/users\/15"}],"replies":[{"embeddable":true,"href":"https:\/\/blogs.univ-jfc.fr\/projetlaperouse\/wp-json\/wp\/v2\/comments?post=8"}],"version-history":[{"count":41,"href":"https:\/\/blogs.univ-jfc.fr\/projetlaperouse\/wp-json\/wp\/v2\/pages\/8\/revisions"}],"predecessor-version":[{"id":44,"href":"https:\/\/blogs.univ-jfc.fr\/projetlaperouse\/wp-json\/wp\/v2\/pages\/8\/revisions\/44"}],"wp:featuredmedia":[{"embeddable":true,"href":"https:\/\/blogs.univ-jfc.fr\/projetlaperouse\/wp-json\/wp\/v2\/media\/207"}],"wp:attachment":[{"href":"https:\/\/blogs.univ-jfc.fr\/projetlaperouse\/wp-json\/wp\/v2\/media?parent=8"}],"curies":[{"name":"wp","href":"https:\/\/api.w.org\/{rel}","templated":true}]}}