{"id":959,"date":"2014-03-19T11:46:01","date_gmt":"2014-03-19T10:46:01","guid":{"rendered":"http:\/\/blogs.univ-jfc.fr\/projetlaperouse\/?page_id=959"},"modified":"2014-04-16T10:45:45","modified_gmt":"2014-04-16T09:45:45","slug":"959-2","status":"publish","type":"page","link":"https:\/\/blogs.univ-jfc.fr\/projetlaperouse\/le-voyage\/instructions-et-preparatifs\/959-2\/","title":{"rendered":"J-145 : Un long voyage&#8230;d&rsquo;importants moyens"},"content":{"rendered":"<p style=\"text-align: justify\"><span style=\"color: #333333\">\u00a0 \u00a0 \u00a0<\/span><em>\u00a0<\/em><em>Le 8 mars 1785, 145 jours avant le d\u00e9part, les bateaux sont d\u00e9sign\u00e9s<\/em><span style=\"color: #333333\">.<\/span><span style=\"color: #333333\"><span style=\"font-family: Arial, sans-serif\"><span><i>\u00a0<\/i><\/span><\/span><\/span><span style=\"color: #333333\"><span style=\"font-family: Arial, sans-serif\"><span><i>Les navires ont \u00e9t\u00e9 choisis en r\u00e9f\u00e9rence aux voyages de Cook. Le but n&rsquo;\u00e9tait pas d&rsquo;\u00eatre rapide, cependant il fallait des navires robustes, avec des coques larges et plates, permettant une navigation dans les eaux peu profondes du rivage des c\u00f4tes tout en gardant une importante capacit\u00e9 de charge. Ce choix se fit au port de Rochefort, moins expos\u00e9 aux vues adverses, afin de garder une certaine discr\u00e9tion sur l&rsquo;exp\u00e9dition. De plus, une telle exp\u00e9dition exigeait un \u00e9quipement en mat\u00e9riels nombreux et divers, deux qualificatifs qui peuvent s&rsquo;appliquer au choix de l&rsquo;\u00e9quipage, en y adjoignant la n\u00e9cessaire comp\u00e9tence.<\/i><\/span><\/span><\/span><\/p>\n<p align=\"JUSTIFY\"><span style=\"font-family: Arial, sans-serif\"><a href=\"http:\/\/blogs.univ-jfc.fr\/projetlaperouse\/wp-content\/uploads\/sites\/9\/2014\/03\/10156841_10202931245875546_1517666168_n.jpg\"><img loading=\"lazy\" class=\"alignleft  wp-image-2936\" title=\"La Boussole et l'Astrolabe, illustration de Duch\u00e9 de Vancy, 1785\" alt=\"La Boussole et l'Astrolabe, illustration de Duch\u00e9 de Vancy, 1785\" src=\"http:\/\/blogs.univ-jfc.fr\/projetlaperouse\/wp-content\/uploads\/sites\/9\/2014\/03\/10156841_10202931245875546_1517666168_n.jpg\" width=\"331\" height=\"221\" \/><\/a><\/span><span style=\"font-family: Arial, sans-serif\">\u00a0 \u00a0 Le <em>Portefaix<\/em>\u00a0fut donc d\u00e9sign\u00e9 le 8 mars 1785. Trois jours plus tard, l&rsquo;<\/span><span style=\"font-family: Arial, sans-serif\"><i>Utile<\/i><\/span><span style=\"font-family: Arial, sans-serif\"> fut choisi en compl\u00e9ment<\/span><sup><span style=\"font-family: Arial, sans-serif\"><a href=\"#sdendnote1sym\" name=\"sdendnote1anc\"><sup>1<\/sup><\/a><\/span><\/sup><span style=\"font-family: Arial, sans-serif\">. <a title=\"Navires et navigation\" href=\"http:\/\/blogs.univ-jfc.fr\/projetlaperouse\/naviguer-au-xviiie-siecle\/officiers-et-matelots\/\" target=\"_blank\">Ces deux navires<\/a> \u00e9taient de construction assez r\u00e9cente, toutefois, l&rsquo;<\/span><span style=\"font-family: Arial, sans-serif\"><i>Utile<\/i><\/span><span style=\"font-family: Arial, sans-serif\"> parut trop difficile \u00e0 modifier et le ministre d\u00e9cida de stopper les am\u00e9nagements sur celui-ci le 9 avril car, \u00ab\u00a0il ne peut plus \u00eatre propre \u00e0 la mission que le roi se proposait de lui donner\u00a0\u00bb<\/span><sup><span style=\"font-family: Arial, sans-serif\"><a href=\"#sdendnote2sym\" name=\"sdendnote2anc\"><sup>2<\/sup><\/a><\/span><\/sup><span style=\"font-family: Arial, sans-serif\">. Dans le m\u00eame moment, la d\u00e9cision est prise de remplacer l&rsquo;<\/span><span style=\"font-family: Arial, sans-serif\"><i>Utile <\/i><\/span><span style=\"font-family: Arial, sans-serif\">par l&rsquo;<\/span><span style=\"font-family: Arial, sans-serif\"><i>Autruche, <\/i><\/span><span style=\"font-family: Arial, sans-serif\">un navire r\u00e9cent qui a l&rsquo;avantage d&rsquo;avoir des caract\u00e9ristiques identiques \u00e0 celles du <\/span><span style=\"font-family: Arial, sans-serif\"><i>Portefaix<\/i><\/span><span style=\"font-family: Arial, sans-serif\">, favorisant ainsi son am\u00e9nagement. Des probl\u00e8mes survinrent sur le <em>P<\/em><\/span><span style=\"font-family: Arial, sans-serif\"><i>ortefaix, <\/i><\/span><span style=\"font-family: Arial, sans-serif\">mettant en cause l&rsquo;ing\u00e9nieur charg\u00e9 des travaux Pennevert, qui fut \u00e9cart\u00e9 de l&rsquo;exp\u00e9dition. Les deux navires sont pr\u00e9par\u00e9s sur les m\u00eames bases afin de faciliter les embarquements et la conception des am\u00e9nagements. Tous deux disposent de chaloupes et de canots pour les \u00e9changes \u00e9ventuels entre les navires et l&rsquo;exploration des c\u00f4tes. Enfin, l&rsquo;accent est mis sur la pr\u00e9sence \u00e0 bord de jeux de voile de rechanges, communs aux deux b\u00e2timents, ainsi que du bois pour la r\u00e9paration \u00e9ventuelle des m\u00e2ts.<\/span><\/p>\n<p align=\"JUSTIFY\"><span style=\"font-family: Arial, sans-serif\">A l&rsquo;int\u00e9rieur des bateaux, une partie primordiale est celle des cuisines. En effet, elles accueillent plusieurs corps de m\u00e9tiers diff\u00e9rents\u00a0: les cuisiniers, de l&rsquo;\u00e9quipage et de l&rsquo;\u00e9tat- major simultan\u00e9ment, mais aussi des scientifiques qui en ont besoin pour leurs exp\u00e9rimentations. Les cuisines pr\u00e9vues \u00e9taient neuves, en fer, d&rsquo;origines anglaises, mais toutefois trop spacieuses et peu pratiques<\/span><sup><span style=\"font-family: Arial, sans-serif\"><a href=\"#sdendnote3sym\" name=\"sdendnote3anc\"><sup>3<\/sup><\/a><\/span><\/sup><span style=\"font-family: Arial, sans-serif\">. La d\u00e9cision fut prise de demander \u00e0 Fleuriot de Langle d&rsquo;en concevoir un autre mod\u00e8le, ce qui fut termin\u00e9 le 16 juin avec succ\u00e8s, et qui de surcro\u00eet, moins gourmand en bois<\/span><sup><span style=\"font-family: Arial, sans-serif\"><a href=\"#sdendnote4sym\" name=\"sdendnote4anc\"><sup>4<\/sup><\/a><\/span><\/sup><span style=\"font-family: Arial, sans-serif\">.<\/span><\/p>\n<p align=\"JUSTIFY\"><span style=\"font-family: Arial, sans-serif\">Enfin, la n\u00e9cessit\u00e9 d&rsquo;exposer les desseins scientifiques de l&rsquo;exp\u00e9dition amena le choix de nouveaux noms pour les navires\u00a0: <\/span><span style=\"font-family: Arial, sans-serif\"><i>l&rsquo;Autruche <\/i><\/span><span style=\"font-family: Arial, sans-serif\">pr\u00e9vue pour Langle devint l&rsquo;<\/span><span style=\"font-family: Arial, sans-serif\"><i>Astrolabe,<\/i><\/span><span style=\"font-family: Arial, sans-serif\"> le <\/span><span style=\"font-family: Arial, sans-serif\"><i>Portefaix <\/i><\/span><span style=\"font-family: Arial, sans-serif\">de Lap\u00e9rouse se transforma en <\/span><span style=\"font-family: Arial, sans-serif\"><i>Boussole<\/i><\/span><sup><span style=\"font-family: Arial, sans-serif\"><i><a href=\"#sdendnote5sym\" name=\"sdendnote5anc\"><sup>5<\/sup><\/a><\/i><\/span><\/sup><span style=\"font-family: Arial, sans-serif\"><i>. <\/i><\/span><span style=\"font-family: Arial, sans-serif\">Une fois les cuisines achev\u00e9es, l&rsquo;am\u00e9nagement int\u00e9rieur ne manquait de rien, \u00e0 partir du 22 juin 1785, les deux navires \u00e9taient par\u00e9s pour le d\u00e9part<\/span><sup><span style=\"font-family: Arial, sans-serif\"><a href=\"#sdendnote6sym\" name=\"sdendnote6anc\"><sup>6<\/sup><\/a><\/span><\/sup><span style=\"font-family: Arial, sans-serif\">.<\/span><\/p>\n<p align=\"JUSTIFY\"><span style=\"font-family: Arial, sans-serif\">\u00a0<\/span><\/p>\n<p><img loading=\"lazy\" class=\"alignright  wp-image-2947\" title=\"Mappemonde ou carte r\u00e9duite des parties connues du globe pour servir au voyage de La P\u00e9rouse,  Biblioth\u00e8que nationale de France, d\u00e9partement Cartes et plans, 1785-1788\" alt=\"\" src=\"http:\/\/blogs.univ-jfc.fr\/projetlaperouse\/wp-content\/uploads\/sites\/9\/2014\/03\/10157009_10202670116825328_1145499779_n.jpg\" width=\"363\" height=\"234\" \/><\/p>\n<p align=\"JUSTIFY\"><span style=\"font-family: Arial, sans-serif\">\u00a0\u00a0<a title=\"Instruments et techniques de navigation\" href=\"http:\/\/blogs.univ-jfc.fr\/projetlaperouse\/naviguer-au-xviiie-siecle\/officiers-et-matelots\/instruments-et-techniques-de-navigation\/\" target=\"_blank\"> Le mat\u00e9riel \u00e0 bord<\/a> des deux navires \u00e9tait cons\u00e9quent<\/span><sup><span style=\"font-family: Arial, sans-serif\"><a href=\"#sdendnote7sym\" name=\"sdendnote7anc\"><sup>7<\/sup><\/a><\/span><\/sup><span style=\"font-family: Arial, sans-serif\">. Il fallait, tout d&rsquo;abord, pour les besoins de la navigation et pour des corrections possibles, des livres et des cartes maritimes. Lap\u00e9rouse, en homme \u00e9clair\u00e9, voulu tout ce qui \u00e9tait disponible en la mati\u00e8re, en pillant litt\u00e9ralement le D\u00e9p\u00f4t des Cartes et plans de la Marine : \u00ab\u00a0Je vous prie de demander un ordre \u00e0 M. le mar\u00e9chal pour avoir du D\u00e9p\u00f4t g\u00e9n\u00e9ralement tout ce qui s&rsquo;y trouve ; nous le fairons porter ch\u00e9s vous, nous le visiterons ensemble, j&rsquo;y ajouterai ce qui manquera\u00a0\u00bb<\/span><sup><span style=\"font-family: Arial, sans-serif\"><a href=\"#sdendnote8sym\" name=\"sdendnote8anc\"><sup>8<\/sup><\/a><\/span><\/sup><span style=\"font-family: Arial, sans-serif\">. La biblioth\u00e8que de bord est grandement compos\u00e9e de livres de voyages, et particuli\u00e8rement des trois voyages de Cook. Ces ouvrages, permettent de progresser plus rapidement et, au besoin, de les actualiser. Il faut garder \u00e0 l&rsquo;esprit que l&rsquo;exp\u00e9dition de Lap\u00e9rouse a sa raison d&rsquo;\u00eatre dans le perfectionnement des voyages de Cook : ils sont la r\u00e9f\u00e9rence, \u00e9ventuellement \u00e0\u00a0 compl\u00e9ter voire am\u00e9liorer. Langle et Lap\u00e9rouse jugeaient ces ouvrages indispensables, \u00e0 tel point qu&rsquo;ils en commandaient une grande quantit\u00e9, surtout celui du troisi\u00e8me voyage, et demandaient \u00e0 leurs officiers de s&rsquo;en procurer<\/span><sup><span style=\"font-family: Arial, sans-serif\"><a href=\"#sdendnote9sym\" name=\"sdendnote9anc\"><sup>9<\/sup><\/a><\/span><\/sup><span style=\"font-family: Arial, sans-serif\">. Ensuite viennent des ouvrages plus techniques d&rsquo;astronomies et de math\u00e9matiques. \u00c9videmment, l&rsquo;<\/span><span style=\"font-family: Arial, sans-serif\"><i>Encyclop\u00e9die<\/i><\/span><span style=\"font-family: Arial, sans-serif\"> de Diderot et d&rsquo;Alembert, dont l&rsquo;\u00e9dition se termina treize ans auparavant, avait une place de choix<\/span><sup><span style=\"font-family: Arial, sans-serif\"><a href=\"#sdendnote10sym\" name=\"sdendnote10anc\"><sup>x<\/sup><\/a><\/span><\/sup><span style=\"font-family: Arial, sans-serif\">.<\/span><\/p>\n<p align=\"JUSTIFY\"><span style=\"font-family: Arial, sans-serif\">Associ\u00e9s aux livres, les instruments scientifiques communs provenaient de France mais aussi d&rsquo;Angleterre, l&rsquo;esprit des Lumi\u00e8res \u00e9tant apatride. Dans cette optique, Lap\u00e9rouse envoya l&rsquo;ing\u00e9nieur en chef de l&rsquo;exp\u00e9dition Monneron en Angleterre, se procurer divers instruments tels que des compas azimutaux, th\u00e9odolites et boussoles d&rsquo;inclinaison. N&rsquo;arrivant pas \u00e0 trouver les boussoles, et pour preuve des bons \u00e9changes entre les communaut\u00e9s scientifiques du moment, Monneron se les fit pr\u00eater par le pr\u00e9sident de la Soci\u00e9t\u00e9 royale de Londres, Joseph Banks, c\u00e9l\u00e8bre \u00e9rudit britannique. Pour le reste du mat\u00e9riel de navigation n\u00e9cessaire, cercles de r\u00e9flexion et horloges marines, deux savants encyclop\u00e9distes fran\u00e7ais en \u00e9taient les concepteurs : le chevalier de Borda et Ferdinand Berthoud. Il faut savoir que Borda avait remis un trait\u00e9 de g\u00e9om\u00e9trie \u00e0 d&rsquo;Alembert pour son Encyclop\u00e9die<\/span><sup><span style=\"font-family: Arial, sans-serif\"><a href=\"#sdendnote11sym\" name=\"sdendnote11anc\"><sup>11<\/sup><\/a><\/span><\/sup><span style=\"font-family: Arial, sans-serif\">. Les montres marines, qui servent \u00e0 avoir une base de temps portable utile \u00e0<\/span> <span style=\"font-family: Arial, sans-serif\">la navigation marine pour d\u00e9terminer la longitude, fabriqu\u00e9es par Berthoud, sont donn\u00e9es \u00e0 Lap\u00e9rouse par le Roi<\/span><sup><span style=\"font-family: Arial, sans-serif\"><a href=\"#sdendnote12sym\" name=\"sdendnote12anc\"><sup>12<\/sup><\/a><\/span><\/sup><span style=\"font-family: Arial, sans-serif\">.<\/span><\/p>\n<p align=\"JUSTIFY\"><span style=\"font-family: Arial, sans-serif\">\u00a0<a href=\"http:\/\/blogs.univ-jfc.fr\/projetlaperouse\/wp-content\/uploads\/sites\/9\/2014\/03\/967458_10202670205547546_457543020_n.jpg\"><img loading=\"lazy\" class=\"alignleft size-full wp-image-2951\" title=\"Louis Antoine Fleuriot de Langle Miniature anonyme, Collection particuli\u00e8re Photo Mus\u00e9e National de la Marine\" alt=\"967458_10202670205547546_457543020_n\" src=\"http:\/\/blogs.univ-jfc.fr\/projetlaperouse\/wp-content\/uploads\/sites\/9\/2014\/03\/967458_10202670205547546_457543020_n.jpg\" width=\"247\" height=\"267\" \/><\/a> \u00a0 Le choix de Fleuriot de Langle est incontestable pour Lap\u00e9rouse : outre le fait d&rsquo;\u00eatre son ami, il fut surtout son compagnon d&rsquo;armes \u00e0 la baie d&rsquo;Hudson en commandant l&rsquo;<\/span><span style=\"font-family: Arial, sans-serif\"><i>Astr\u00e9e<\/i><\/span><span style=\"font-family: Arial, sans-serif\">. De plus, Langle est breton, il sera sur place \u00e0 Brest, pour surveiller le d\u00e9roulement des pr\u00e9paratifs. Il influera grandement au monopole de l&rsquo;\u00e9quipage Breton : \u00ab\u00a0dont l&rsquo;\u00e9quipage, compos\u00e9 en entier de Bretons et form\u00e9 par De Langle \u00e9toit excellent, brave et tout d\u00e9vou\u00e9 \u00e0 nous\u00a0\u00bb<\/span><sup><span style=\"font-family: Arial, sans-serif\"><a href=\"#sdendnote13sym\" name=\"sdendnote13anc\"><sup>13<\/sup><\/a><\/span><\/sup><span style=\"font-family: Arial, sans-serif\">. C&rsquo;est un des officiers les plus \u00e9rudits de son \u00e9poque, qui pr\u00e9f\u00e9ra au d\u00e9but de sa carri\u00e8re se consacrer \u00e0 divers travaux scientifiques, au d\u00e9triment de la navigation et de son avancement militaire. En cela, il donnera un ton \u00e0 ces pr\u00e9paratifs et les lettres qu&rsquo;il envoie \u00e0 Fleurieu<\/span><sup><span style=\"font-family: Arial, sans-serif\"><a href=\"#sdendnote14sym\" name=\"sdendnote14anc\"><sup>14<\/sup><\/a><\/span><\/sup><span style=\"font-family: Arial, sans-serif\">, lors de la tragique exp\u00e9dition, d\u00e9montrent sa pr\u00e9occupation exclusive de la navigation scientifique. Associ\u00e9s au directeur du port de Brest, le comte d&rsquo;Hector, Lap\u00e9rouse et Langle \u00e9tablissent le recrutement des \u00c9tats-majors pour les deux vaisseaux. L&rsquo;objectif est de faire une large publicit\u00e9 sur l&rsquo;aspect \u00ab\u00a0grandes d\u00e9couvertes\u00a0\u00bb de l&rsquo;exp\u00e9dition, afin d&rsquo;attirer les marins les plus \u00ab\u00a0\u00e9clair\u00e9s\u00a0\u00bb. Cette politique volontariste atteint le r\u00e9sultat escompt\u00e9 en amenant plus de candidats que n\u00e9cessaire. Les enr\u00f4leurs pourront s&rsquo;attacher les services des meilleurs sujets et choisir les \u00ab\u00a0individus instruits, bien portants et bien d\u00e9termin\u00e9s \u00e0 substituer le z\u00e8le et la constance aux douceurs qu&rsquo;on peut se procurer dans d&rsquo;autres campagnes\u00a0\u00bb<\/span><sup><span style=\"font-family: Arial, sans-serif\"><a href=\"#sdendnote15sym\" name=\"sdendnote15anc\"><sup>15<\/sup><\/a><\/span><\/sup><span style=\"font-family: Arial, sans-serif\">. En ce sens, seront recrut\u00e9s cinq <a title=\"Les officiers au XVIIIe si\u00e8cle\" href=\"http:\/\/blogs.univ-jfc.fr\/projetlaperouse\/naviguer-au-xviiie-siecle\/officiers-et-matelots-2\/les-officiers-au-xviiie-siecle\/\" target=\"_blank\">officiers<\/a> par navire, reconnus pour leurs comp\u00e9tences scientifiques et leurs penchants humanistes. La <\/span><span style=\"font-family: Arial, sans-serif\"><i>Boussole <\/i><\/span><span style=\"font-family: Arial, sans-serif\">accueille deux lieutenants de vaisseau, Clonard et Morel d&rsquo;Escures ; deux enseignes, Pierrevert et Boutin ; et un lieutenant de fr\u00e9gate en la personne de Colinet. Quant \u00e0 l&rsquo;<\/span><span style=\"font-family: Arial, sans-serif\"><i>Astrolabe<\/i><\/span><span style=\"font-family: Arial, sans-serif\">, elle re\u00e7oit Monti comme lieutenant de vaisseau ; trois enseignes, Vaujuas, Aigremont et Marchainville ; Blondela, lieutenant de fr\u00e9gate. Le reste de l&rsquo;\u00e9quipage est compos\u00e9, comme fr\u00e9quemment \u00e0 cette \u00e9poque, de familiers ou de marins qui avaient d\u00e9j\u00e0 navigu\u00e9 avec Lap\u00e9rouse ou Langle<\/span><sup><span style=\"font-family: Arial, sans-serif\"><a href=\"#sdendnote16sym\" name=\"sdendnote16anc\"><sup>16<\/sup><\/a><\/span><\/sup><span style=\"font-family: Arial, sans-serif\">. Cet \u00e9quipage englobe marins et soldats, except\u00e9 ici les scientifiques, la <\/span><span style=\"font-family: Arial, sans-serif\"><i>Boussole<\/i><\/span><span style=\"font-family: Arial, sans-serif\"> embarque 97 personnes et l&rsquo;<\/span><span style=\"font-family: Arial, sans-serif\"><i>Astrolabe <\/i><\/span><span style=\"font-family: Arial, sans-serif\">106. Le b\u00e2timent de Langle sera finalement compos\u00e9 de 9 officiers pour l&rsquo;\u00e9tat-major, de 9 officiers mariniers, 8 canonniers, 11 charpentiers et voiliers, 41 matelots, 12 canonniers servants, 9 surnum\u00e9raires et 7 domestiques<\/span><sup><span style=\"font-family: Arial, sans-serif\"><a href=\"#sdendnote17sym\" name=\"sdendnote17anc\"><sup>17<\/sup><\/a><\/span><\/sup><span style=\"font-family: Arial, sans-serif\">. Lap\u00e9rouse r\u00e9unira sur la <\/span><span style=\"font-family: Arial, sans-serif\"><i>Boussole <\/i><\/span><span style=\"font-family: Arial, sans-serif\">un \u00e9tat-major de 10 officiers, lui inclus, 8 officiers mariniers, 8 canonniers, 9 charpentiers et voiliers,<a title=\"Les matelots au XVIIIe si\u00e8cle\" href=\"http:\/\/blogs.univ-jfc.fr\/projetlaperouse\/naviguer-au-xviiie-siecle\/officiers-et-matelots-2\/les-matelots-au-xviiie-siecle\/\" target=\"_blank\"> 35 matelots<\/a>, 12 canonniers servants, 9 surnum\u00e9raires et 6 domestiques<\/span><sup><span style=\"font-family: Arial, sans-serif\"><a href=\"#sdendnote18sym\" name=\"sdendnote18anc\"><sup>18<\/sup><\/a><\/span><\/sup><span style=\"font-family: Arial, sans-serif\">.<\/span><\/p>\n<ul>\n<li><a title=\"C \u2013 J-71 : Une entreprise encyclop\u00e9dique\" href=\"http:\/\/blogs.univ-jfc.fr\/projetlaperouse\/le-voyage\/instructions-et-preparatifs\/iii-j-71-une-entreprise-encyclopedique\/\">J-71 : Une entreprise encyclop\u00e9dique<\/a><\/li>\n<\/ul>\n<p style=\"text-align: center\" align=\"JUSTIFY\">________________________________________________________________________<\/p>\n<address id=\"sdendnote1\"><a href=\"#sdendnote1anc\" name=\"sdendnote1sym\">1<\/a> Archives d\u00e9partementales de Rochefort, 1A 59 f. 89-92<span>.<\/span><\/address>\n<address id=\"sdendnote2\"><a href=\"#sdendnote2anc\" name=\"sdendnote2sym\">2<\/a> <i>Ibid, <\/i>f. 123.<\/address>\n<address id=\"sdendnote3\">\n<p align=\"JUSTIFY\"><span style=\"font-size: small\"><a href=\"#sdendnote3anc\" name=\"sdendnote3sym\">3 <\/a><\/span>Archives d\u00e9partementales de Brest<span style=\"font-size: small\"><span style=\"color: #000000\">, 1E 215 p. 227 et 1A 46 f. 236.<\/span><\/span><\/p>\n<\/address>\n<address id=\"sdendnote4\">\n<p align=\"JUSTIFY\"><span style=\"font-size: small\"><a href=\"#sdendnote4anc\" name=\"sdendnote4sym\">4<\/a> <\/span><i>Ibid<\/i><span style=\"font-size: small\"><em>,<\/em> <\/span>p. 514.<\/p>\n<\/address>\n<address id=\"sdendnote5\"><a href=\"#sdendnote5anc\" name=\"sdendnote5sym\">5<\/a> Archives d\u00e9partementales de Brest, 1E 215 p. 227 et 1A 46 f. 236.<\/address>\n<address id=\"sdendnote6\"><a href=\"#sdendnote6anc\" name=\"sdendnote6sym\">6<\/a> <i>Ibid, <\/i>1A 165 p. 524.<\/address>\n<address id=\"sdendnote7\"><a href=\"#sdendnote7anc\" name=\"sdendnote7sym\">7<\/a> M. de Brossard, <i>Rendez-vous avec Lap\u00e9rouse<\/i>, France-Empire, Paris, 1964, p. 285-292.<\/address>\n<address><a href=\"#sdendnote8anc\" name=\"sdendnote8sym\">8<\/a>\u00a0Archives nationales de la Marine,\u00a03JJ 386 f. 332.<\/address>\n<address id=\"sdendnote9\">\n<p align=\"JUSTIFY\"><a href=\"#sdendnote9anc\" name=\"sdendnote9sym\">9<\/a> <em>Ibid<\/em><span style=\"font-size: small\"><i>,<\/i><\/span><span style=\"font-size: small\"> B4 318.<\/span><\/p>\n<\/address>\n<address id=\"sdendnote10\"><a href=\"#sdendnote10anc\" name=\"sdendnote10sym\">1<\/a><a href=\"#sdendnote10anc\" name=\"sdendnote10sym\">0<\/a> <i>Ibid, <\/i>3JJ 386 f. 334.<\/address>\n<address id=\"sdendnote11\"><a href=\"#sdendnote11anc\" name=\"sdendnote11sym\">11<\/a> M. Daumas, <i>Les instruments scientifiques<\/i>, PUF, Paris, 1953, p. 242.<\/address>\n<address id=\"sdendnote12\"><a href=\"#sdendnote12anc\" name=\"sdendnote12sym\">12<\/a>\u00a0Archives nationales de la Marine, B4 318.<\/address>\n<address id=\"sdendnote13\"><a href=\"#sdendnote13anc\" name=\"sdendnote13sym\">13<\/a> P.-B.-J. de La Monneraye, <i>Souvenirs<\/i>, P. Bonnichon, Paris, 1998, p. 38.<\/address>\n<address id=\"sdendnote14\"><a href=\"#sdendnote14anc\" name=\"sdendnote14sym\">14<\/a> Archives nationales de la Marine, 3JJ 389 f. 138-140.<\/address>\n<address id=\"sdendnote15\"><a href=\"#sdendnote15anc\" name=\"sdendnote15sym\">15<\/a> Lettre du comte d&rsquo;Hector au ministre, 2 mai 1785, Archives de la Marine de Brest 1A 166 f. 246.<\/address>\n<address id=\"sdendnote16\"><a href=\"#sdendnote16anc\" name=\"sdendnote16sym\">16<\/a> P. Fleuriot de Langle, <i>La tragique exp\u00e9dition de Lap\u00e9rouse et Langle<\/i>, Hachette, Paris, 1954, p. 87-88.<\/address>\n<address id=\"sdendnote17\"><a href=\"#sdendnote17anc\" name=\"sdendnote17sym\">17<\/a>\u00a0C. Gaziello, <i>L&rsquo;exp\u00e9dition de Lap\u00e9rouse<\/i>, C.T.H.S., Paris, 1984, p 265-267.<\/address>\n<address id=\"sdendnote18\"><a href=\"#sdendnote18anc\" name=\"sdendnote18sym\">18<\/a> <i>Ibid.<\/i> p. 261-263.<\/address>\n","protected":false},"excerpt":{"rendered":"<p>\u00a0 \u00a0 \u00a0\u00a0Le 8 mars 1785, 145 jours avant le d\u00e9part, les bateaux sont d\u00e9sign\u00e9s.\u00a0Les navires ont \u00e9t\u00e9 choisis en r\u00e9f\u00e9rence aux voyages de Cook. Le but n&rsquo;\u00e9tait pas d&rsquo;\u00eatre rapide, cependant il fallait des navires robustes, avec des coques &hellip; <a href=\"https:\/\/blogs.univ-jfc.fr\/projetlaperouse\/le-voyage\/instructions-et-preparatifs\/959-2\/\">Lire la suite <span class=\"meta-nav\">&rarr;<\/span><\/a><\/p>\n","protected":false},"author":53,"featured_media":0,"parent":281,"menu_order":0,"comment_status":"closed","ping_status":"closed","template":"sidebar-page.php","meta":[],"_links":{"self":[{"href":"https:\/\/blogs.univ-jfc.fr\/projetlaperouse\/wp-json\/wp\/v2\/pages\/959"}],"collection":[{"href":"https:\/\/blogs.univ-jfc.fr\/projetlaperouse\/wp-json\/wp\/v2\/pages"}],"about":[{"href":"https:\/\/blogs.univ-jfc.fr\/projetlaperouse\/wp-json\/wp\/v2\/types\/page"}],"author":[{"embeddable":true,"href":"https:\/\/blogs.univ-jfc.fr\/projetlaperouse\/wp-json\/wp\/v2\/users\/53"}],"replies":[{"embeddable":true,"href":"https:\/\/blogs.univ-jfc.fr\/projetlaperouse\/wp-json\/wp\/v2\/comments?post=959"}],"version-history":[{"count":126,"href":"https:\/\/blogs.univ-jfc.fr\/projetlaperouse\/wp-json\/wp\/v2\/pages\/959\/revisions"}],"predecessor-version":[{"id":960,"href":"https:\/\/blogs.univ-jfc.fr\/projetlaperouse\/wp-json\/wp\/v2\/pages\/959\/revisions\/960"}],"up":[{"embeddable":true,"href":"https:\/\/blogs.univ-jfc.fr\/projetlaperouse\/wp-json\/wp\/v2\/pages\/281"}],"wp:attachment":[{"href":"https:\/\/blogs.univ-jfc.fr\/projetlaperouse\/wp-json\/wp\/v2\/media?parent=959"}],"curies":[{"name":"wp","href":"https:\/\/api.w.org\/{rel}","templated":true}]}}