{"id":2,"date":"2022-06-14T13:03:17","date_gmt":"2022-06-14T11:03:17","guid":{"rendered":"https:\/\/blogs.univ-jfc.fr\/raes\/?page_id=2"},"modified":"2022-08-26T14:17:13","modified_gmt":"2022-08-26T12:17:13","slug":"page-d-exemple","status":"publish","type":"page","link":"https:\/\/blogs.univ-jfc.fr\/raes\/","title":{"rendered":"Qu&rsquo;est-ce que c&rsquo;est?"},"content":{"rendered":"\n<p>Bienvenue sur le site regroupant les projets UdeRAES.<br><strong>U<\/strong>tilisation <strong>de R<\/strong>\u00e9alit\u00e9 <strong>A<\/strong>ugment\u00e9e en <strong>E<\/strong>nseignement <strong>S<\/strong>up\u00e9rieur<\/p>\n\n\n\n<p>En reprenant le travail de <a rel=\"noreferrer noopener\" href=\"https:\/\/www.ijert.org\/a-survey-virtual-augmented-and-mixed-reality-in-education\" target=\"_blank\">Patel et al.<\/a>, nous d\u00e9finissons :<\/p>\n\n\n\n<ul><li><strong>R<\/strong>\u00e9alit\u00e9<strong> V<\/strong>irtuelle (<em>\u00ab\u00a0Virual Reality\u00a0\u00bb en anglais<\/em>) : <br>Vous \u00eates plong\u00e9s dans un mode enti\u00e8rement virtuel.<\/li><li><strong>R<\/strong>\u00e9alit\u00e9<strong> A<\/strong>ugment\u00e9e (<em>\u00ab\u00a0Augmented Reality\u00a0\u00bb en anglais<\/em>) : <br>Des \u00e9l\u00e9ments virtuels vont venir s&rsquo;ajouter \u00e0 votre vision de la r\u00e9alit\u00e9.<\/li><li><strong>R<\/strong>\u00e9alit\u00e9<strong> M<\/strong>ixte (<em>\u00ab\u00a0Mixed Reality\u00a0\u00bb en anglais<\/em>) : <br>R\u00e9alit\u00e9 augment\u00e9e avec de l&rsquo;interaction avec lesdits \u00e9l\u00e9ments en superposition.<\/li><\/ul>\n\n\n\n<div class=\"wp-block-image\"><figure class=\"aligncenter size-large\"><img loading=\"lazy\" width=\"700\" height=\"557\" src=\"https:\/\/blogs.univ-jfc.fr\/raes\/wp-content\/uploads\/sites\/102\/2022\/08\/rubygarage-definition.png\" alt=\"\" class=\"wp-image-90\" srcset=\"https:\/\/blogs.univ-jfc.fr\/raes\/wp-content\/uploads\/sites\/102\/2022\/08\/rubygarage-definition.png 700w, https:\/\/blogs.univ-jfc.fr\/raes\/wp-content\/uploads\/sites\/102\/2022\/08\/rubygarage-definition-300x239.png 300w, https:\/\/blogs.univ-jfc.fr\/raes\/wp-content\/uploads\/sites\/102\/2022\/08\/rubygarage-definition-377x300.png 377w\" sizes=\"(max-width: 700px) 100vw, 700px\" \/><figcaption><a href=\"https:\/\/rubygarage.org\/blog\/difference-between-ar-vr-mr#article\" target=\"_blank\" rel=\"noreferrer noopener\"><em>https:\/\/rubygarage.org\/blog\/difference-between-ar-vr-mr#article<\/em><\/a><\/figcaption><\/figure><\/div>\n\n\n\n<p>La formation initiale et continue des personnels est aujourd&rsquo;hui un besoin crucial pour la comp\u00e9titivit\u00e9 des entreprises. L&rsquo;arriv\u00e9e sur le march\u00e9 des technologies RA et RV permet d&rsquo;imaginer de nouveaux mod\u00e8les de formation.<\/p>\n\n\n\n<p>L\u2019objectif de ce travail est d\u2019\u00e9tudier les apports possibles de la RA et RM pour la&nbsp;transmission de comp\u00e9tences techniques, et plus particuli\u00e8rement l\u2019utilisation de la RM en enseignement dans un environnement de G\u00e9nie M\u00e9canique. <\/p>\n\n\n\n<p>Deux aspects sont envisag\u00e9s :<\/p>\n\n\n\n<ul><li class=\"\">la d\u00e9finition des crit\u00e8res pour quantifier la pertinence d\u2019une \u00e9tape de RM<\/li><li class=\"\">la quantification de l\u2019apport de la technologie RM pour les manipulations de G\u00e9nie M\u00e9canique (ou des activit\u00e9s similaires)<\/li><\/ul>\n","protected":false},"excerpt":{"rendered":"<p>Bienvenue sur le site regroupant les projets UdeRAES.Utilisation de R\u00e9alit\u00e9 Augment\u00e9e en Enseignement Sup\u00e9rieur En reprenant le travail de Patel et al., nous d\u00e9finissons : R\u00e9alit\u00e9 Virtuelle (\u00ab\u00a0Virual Reality\u00a0\u00bb en anglais) : Vous \u00eates plong\u00e9s dans un mode enti\u00e8rement virtuel. &hellip; <a href=\"https:\/\/blogs.univ-jfc.fr\/raes\/\">Lire la suite <span class=\"meta-nav\">&rarr;<\/span><\/a><\/p>\n","protected":false},"author":548,"featured_media":0,"parent":0,"menu_order":10,"comment_status":"closed","ping_status":"closed","template":"","meta":[],"_links":{"self":[{"href":"https:\/\/blogs.univ-jfc.fr\/raes\/wp-json\/wp\/v2\/pages\/2"}],"collection":[{"href":"https:\/\/blogs.univ-jfc.fr\/raes\/wp-json\/wp\/v2\/pages"}],"about":[{"href":"https:\/\/blogs.univ-jfc.fr\/raes\/wp-json\/wp\/v2\/types\/page"}],"author":[{"embeddable":true,"href":"https:\/\/blogs.univ-jfc.fr\/raes\/wp-json\/wp\/v2\/users\/548"}],"replies":[{"embeddable":true,"href":"https:\/\/blogs.univ-jfc.fr\/raes\/wp-json\/wp\/v2\/comments?post=2"}],"version-history":[{"count":15,"href":"https:\/\/blogs.univ-jfc.fr\/raes\/wp-json\/wp\/v2\/pages\/2\/revisions"}],"predecessor-version":[{"id":94,"href":"https:\/\/blogs.univ-jfc.fr\/raes\/wp-json\/wp\/v2\/pages\/2\/revisions\/94"}],"wp:attachment":[{"href":"https:\/\/blogs.univ-jfc.fr\/raes\/wp-json\/wp\/v2\/media?parent=2"}],"curies":[{"name":"wp","href":"https:\/\/api.w.org\/{rel}","templated":true}]}}