{"id":21,"date":"2022-07-06T15:23:12","date_gmt":"2022-07-06T13:23:12","guid":{"rendered":"https:\/\/blogs.univ-jfc.fr\/raes\/?page_id=21"},"modified":"2022-08-22T10:37:24","modified_gmt":"2022-08-22T08:37:24","slug":"holoprint","status":"publish","type":"page","link":"https:\/\/blogs.univ-jfc.fr\/raes\/holoprint\/","title":{"rendered":"HoloPrint"},"content":{"rendered":"\n<p>Premi\u00e8re application du Projet UdeRAES faite sur une imprimante 3D Ultimaker 3 Extended et en utilisant le casque de r\u00e9alit\u00e9 mixte Hololens 2. Ce genre de machine est parfait pour tester l&rsquo;efficacit\u00e9 et la prise en main de la r\u00e9alit\u00e9 mixte gr\u00e2ce \u00e0 sa complexit\u00e9 r\u00e9duite pour l&rsquo;utilisateur comme pour le d\u00e9veloppeur, c&rsquo;est une machine sans grand danger compar\u00e9 \u00e0 une fraiseuse par exemple. <\/p>\n\n\n\n<figure class=\"wp-block-embed is-type-video is-provider-youtube wp-block-embed-youtube wp-embed-aspect-16-9 wp-has-aspect-ratio\"><div class=\"wp-block-embed__wrapper\">\n<iframe title=\"Guide de d\u00e9marrage d&#039;une Imprimante 3D en R\u00e9alit\u00e9 Mixte avec Hololens 2\" width=\"584\" height=\"329\" src=\"https:\/\/www.youtube.com\/embed\/pSnY3hc8Ewc?feature=oembed\" frameborder=\"0\" allow=\"accelerometer; autoplay; clipboard-write; encrypted-media; gyroscope; picture-in-picture\" allowfullscreen><\/iframe>\n<\/div><\/figure>\n\n\n\n<p>L&rsquo;application a pu \u00eatre essay\u00e9e par plus de 80 \u00e9tudiants de premi\u00e8re ann\u00e9e de l&rsquo;INSA de Toulouse afin d&rsquo;avoir des ressentis des potentiels de la r\u00e9alit\u00e9 mixte. Le questionnaire SUS utilis\u00e9 sortira un score de 79 sur 100, entre le \u00ab\u00a0bon\u00a0\u00bb et \u00ab\u00a0l&rsquo;excellent\u00a0\u00bb en terme d&rsquo;utilisation.<\/p>\n\n\n\n<figure class=\"wp-block-image size-large\"><img loading=\"lazy\" width=\"1024\" height=\"768\" src=\"https:\/\/blogs.univ-jfc.fr\/raes\/wp-content\/uploads\/sites\/102\/2022\/08\/IMG_20220407_145003_compressed-1024x768.jpg\" alt=\"\" class=\"wp-image-56\" srcset=\"https:\/\/blogs.univ-jfc.fr\/raes\/wp-content\/uploads\/sites\/102\/2022\/08\/IMG_20220407_145003_compressed-1024x768.jpg 1024w, https:\/\/blogs.univ-jfc.fr\/raes\/wp-content\/uploads\/sites\/102\/2022\/08\/IMG_20220407_145003_compressed-300x225.jpg 300w, https:\/\/blogs.univ-jfc.fr\/raes\/wp-content\/uploads\/sites\/102\/2022\/08\/IMG_20220407_145003_compressed-768x576.jpg 768w, https:\/\/blogs.univ-jfc.fr\/raes\/wp-content\/uploads\/sites\/102\/2022\/08\/IMG_20220407_145003_compressed-1536x1152.jpg 1536w, https:\/\/blogs.univ-jfc.fr\/raes\/wp-content\/uploads\/sites\/102\/2022\/08\/IMG_20220407_145003_compressed-2048x1536.jpg 2048w, https:\/\/blogs.univ-jfc.fr\/raes\/wp-content\/uploads\/sites\/102\/2022\/08\/IMG_20220407_145003_compressed-400x300.jpg 400w\" sizes=\"(max-width: 1024px) 100vw, 1024px\" \/><\/figure>\n","protected":false},"excerpt":{"rendered":"<p>Premi\u00e8re application du Projet UdeRAES faite sur une imprimante 3D Ultimaker 3 Extended et en utilisant le casque de r\u00e9alit\u00e9 mixte Hololens 2. Ce genre de machine est parfait pour tester l&rsquo;efficacit\u00e9 et la prise en main de la r\u00e9alit\u00e9 &hellip; <a href=\"https:\/\/blogs.univ-jfc.fr\/raes\/holoprint\/\">Lire la suite <span class=\"meta-nav\">&rarr;<\/span><\/a><\/p>\n","protected":false},"author":882,"featured_media":0,"parent":0,"menu_order":2,"comment_status":"closed","ping_status":"closed","template":"","meta":[],"_links":{"self":[{"href":"https:\/\/blogs.univ-jfc.fr\/raes\/wp-json\/wp\/v2\/pages\/21"}],"collection":[{"href":"https:\/\/blogs.univ-jfc.fr\/raes\/wp-json\/wp\/v2\/pages"}],"about":[{"href":"https:\/\/blogs.univ-jfc.fr\/raes\/wp-json\/wp\/v2\/types\/page"}],"author":[{"embeddable":true,"href":"https:\/\/blogs.univ-jfc.fr\/raes\/wp-json\/wp\/v2\/users\/882"}],"replies":[{"embeddable":true,"href":"https:\/\/blogs.univ-jfc.fr\/raes\/wp-json\/wp\/v2\/comments?post=21"}],"version-history":[{"count":7,"href":"https:\/\/blogs.univ-jfc.fr\/raes\/wp-json\/wp\/v2\/pages\/21\/revisions"}],"predecessor-version":[{"id":66,"href":"https:\/\/blogs.univ-jfc.fr\/raes\/wp-json\/wp\/v2\/pages\/21\/revisions\/66"}],"wp:attachment":[{"href":"https:\/\/blogs.univ-jfc.fr\/raes\/wp-json\/wp\/v2\/media?parent=21"}],"curies":[{"name":"wp","href":"https:\/\/api.w.org\/{rel}","templated":true}]}}