{"id":23,"date":"2022-07-06T15:23:06","date_gmt":"2022-07-06T13:23:06","guid":{"rendered":"https:\/\/blogs.univ-jfc.fr\/raes\/?page_id=23"},"modified":"2023-07-21T16:42:23","modified_gmt":"2023-07-21T14:42:23","slug":"holocharly","status":"publish","type":"page","link":"https:\/\/blogs.univ-jfc.fr\/raes\/holocharly\/","title":{"rendered":"HoloCharly"},"content":{"rendered":"\n<p>Apr\u00e8s avoir r\u00e9alis\u00e9 l&rsquo;application HoloPrint, il \u00e9tait temps de se mettre \u00e0 une machine plus complexe: une fraiseuse. Le prototype HoloCharly a donc pour but de tester les eaux d&rsquo;une application Hololens 2 sur une machine demandant plus d&rsquo;interactions et d&rsquo;attention de l&rsquo;utilisateur.<\/p>\n\n\n\n<figure class=\"wp-block-embed is-type-video is-provider-youtube wp-block-embed-youtube wp-embed-aspect-16-9 wp-has-aspect-ratio\"><div class=\"wp-block-embed__wrapper\">\n<iframe title=\"Guide de d\u00e9marrage d&#039;une Fraiseuse en R\u00e9alit\u00e9 Mixte avec Hololens 2\" width=\"584\" height=\"329\" src=\"https:\/\/www.youtube.com\/embed\/au7nJYrWnaM?feature=oembed\" frameborder=\"0\" allow=\"accelerometer; autoplay; clipboard-write; encrypted-media; gyroscope; picture-in-picture; web-share\" allowfullscreen><\/iframe>\n<\/div><\/figure>\n\n\n\n<h1 class=\"has-huge-font-size\">HoloCharly4u v.2<\/h1>\n\n\n\n<p>Continuation du prototype HoloCharly4u, cette seconde version approfondit le contenu en se reposant sur les bases d\u00e9velopp\u00e9s lors de la premi\u00e8re it\u00e9ration du projet. <\/p>\n\n\n\n<p>Cette seconde version comprend:<\/p>\n\n\n\n<ul><li>Tous les sc\u00e9narios d\u00e9j\u00e0 existant dans la version 1<\/li><li>La possibilit\u00e9 de changer la langue (entre le Fran\u00e7ais et l&rsquo;Anglais)&#8230;<\/li><li>&#8230; Et de traquer plusieurs cibles simultan\u00e9ment gr\u00e2ce aux \u00ab\u00a0Image Target\u00a0\u00bb du Vuforia Engine.<\/li><li>Un QCM testant l&rsquo;utilisateur sur les diff\u00e9rents \u00e9l\u00e9ments qu&rsquo;il pourra \u00eatre amen\u00e9 \u00e0 utiliser<\/li><li>Un nouveau sc\u00e9nario permettant d&rsquo;apprendre \u00e0 d\u00e9finir l&rsquo;origine<\/li><\/ul>\n\n\n\n<figure class=\"wp-block-embed is-type-video is-provider-youtube wp-block-embed-youtube wp-embed-aspect-16-9 wp-has-aspect-ratio\"><div class=\"wp-block-embed__wrapper\">\n<iframe title=\"Guide de d\u00e9marrage d&#039;une Fraiseuse en R\u00e9alit\u00e9 Mixte avec Hololens 2 - Prototype 2\" width=\"584\" height=\"329\" src=\"https:\/\/www.youtube.com\/embed\/rGPnDLLgGA0?feature=oembed\" frameborder=\"0\" allow=\"accelerometer; autoplay; clipboard-write; encrypted-media; gyroscope; picture-in-picture; web-share\" allowfullscreen><\/iframe>\n<\/div><figcaption>Vid\u00e9o de pr\u00e9sentation Holocharly4u V.2<\/figcaption><\/figure>\n\n\n\n<p><\/p>\n","protected":false},"excerpt":{"rendered":"<p>Apr\u00e8s avoir r\u00e9alis\u00e9 l&rsquo;application HoloPrint, il \u00e9tait temps de se mettre \u00e0 une machine plus complexe: une fraiseuse. Le prototype HoloCharly a donc pour but de tester les eaux d&rsquo;une application Hololens 2 sur une machine demandant plus d&rsquo;interactions et &hellip; <a href=\"https:\/\/blogs.univ-jfc.fr\/raes\/holocharly\/\">Lire la suite <span class=\"meta-nav\">&rarr;<\/span><\/a><\/p>\n","protected":false},"author":882,"featured_media":0,"parent":0,"menu_order":1,"comment_status":"closed","ping_status":"closed","template":"","meta":[],"_links":{"self":[{"href":"https:\/\/blogs.univ-jfc.fr\/raes\/wp-json\/wp\/v2\/pages\/23"}],"collection":[{"href":"https:\/\/blogs.univ-jfc.fr\/raes\/wp-json\/wp\/v2\/pages"}],"about":[{"href":"https:\/\/blogs.univ-jfc.fr\/raes\/wp-json\/wp\/v2\/types\/page"}],"author":[{"embeddable":true,"href":"https:\/\/blogs.univ-jfc.fr\/raes\/wp-json\/wp\/v2\/users\/882"}],"replies":[{"embeddable":true,"href":"https:\/\/blogs.univ-jfc.fr\/raes\/wp-json\/wp\/v2\/comments?post=23"}],"version-history":[{"count":7,"href":"https:\/\/blogs.univ-jfc.fr\/raes\/wp-json\/wp\/v2\/pages\/23\/revisions"}],"predecessor-version":[{"id":106,"href":"https:\/\/blogs.univ-jfc.fr\/raes\/wp-json\/wp\/v2\/pages\/23\/revisions\/106"}],"wp:attachment":[{"href":"https:\/\/blogs.univ-jfc.fr\/raes\/wp-json\/wp\/v2\/media?parent=23"}],"curies":[{"name":"wp","href":"https:\/\/api.w.org\/{rel}","templated":true}]}}