{"id":6,"date":"2022-07-06T15:22:41","date_gmt":"2022-07-06T13:22:41","guid":{"rendered":"https:\/\/blogs.univ-jfc.fr\/raes\/?page_id=6"},"modified":"2023-11-09T10:40:31","modified_gmt":"2023-11-09T09:40:31","slug":"contact","status":"publish","type":"page","link":"https:\/\/blogs.univ-jfc.fr\/raes\/contact\/","title":{"rendered":"\u00c9quipe"},"content":{"rendered":"\n<p><strong>Laboratoire Serious Game Research Lab \/ Game Labs Net<\/strong><br>LAGARRIGUE Pierre &#8211; Professeur des Universit\u00e9s, G\u00e9nie M\u00e9canique, ICA<br>BOUDIER Val\u00e9rie &#8211; Ing\u00e9nieur de recheche<br>GALAUP Michel &#8211; Directeur du laboratoire<br>LANDI Benoit &#8211; Ing\u00e9nieur de recherche<br>MAWET Priscillien &#8211; Concepteur HoloPrint \/ HoloCharly ; Stage Master 2 <br>MIRAMOND Fran\u00e7ois &#8211; Concepteur HoloPrint \/ MobilePrint ; Stage Master 2<br>PIC Bastien &#8211;  Holocharly V2  ; Stage Master2 (encadrement Benoit Landi)<\/p>\n\n\n\n<p><strong>Laboratoire ICA<\/strong><br>GILLES Patrick &#8211; Maitre de conf\u00e9rences<br>SEITIER Philippe &#8211; Ing\u00e9nieur de recherche<br>R\u00c9MOND Abigail &#8211; Etudiante INSA en stage<br><\/p>\n","protected":false},"excerpt":{"rendered":"<p>Laboratoire Serious Game Research Lab \/ Game Labs NetLAGARRIGUE Pierre &#8211; Professeur des Universit\u00e9s, G\u00e9nie M\u00e9canique, ICABOUDIER Val\u00e9rie &#8211; Ing\u00e9nieur de rechecheGALAUP Michel &#8211; Directeur du laboratoireLANDI Benoit &#8211; Ing\u00e9nieur de rechercheMAWET Priscillien &#8211; Concepteur HoloPrint \/ HoloCharly ; Stage &hellip; <a href=\"https:\/\/blogs.univ-jfc.fr\/raes\/contact\/\">Lire la suite <span class=\"meta-nav\">&rarr;<\/span><\/a><\/p>\n","protected":false},"author":548,"featured_media":0,"parent":0,"menu_order":4,"comment_status":"closed","ping_status":"closed","template":"","meta":[],"_links":{"self":[{"href":"https:\/\/blogs.univ-jfc.fr\/raes\/wp-json\/wp\/v2\/pages\/6"}],"collection":[{"href":"https:\/\/blogs.univ-jfc.fr\/raes\/wp-json\/wp\/v2\/pages"}],"about":[{"href":"https:\/\/blogs.univ-jfc.fr\/raes\/wp-json\/wp\/v2\/types\/page"}],"author":[{"embeddable":true,"href":"https:\/\/blogs.univ-jfc.fr\/raes\/wp-json\/wp\/v2\/users\/548"}],"replies":[{"embeddable":true,"href":"https:\/\/blogs.univ-jfc.fr\/raes\/wp-json\/wp\/v2\/comments?post=6"}],"version-history":[{"count":12,"href":"https:\/\/blogs.univ-jfc.fr\/raes\/wp-json\/wp\/v2\/pages\/6\/revisions"}],"predecessor-version":[{"id":116,"href":"https:\/\/blogs.univ-jfc.fr\/raes\/wp-json\/wp\/v2\/pages\/6\/revisions\/116"}],"wp:attachment":[{"href":"https:\/\/blogs.univ-jfc.fr\/raes\/wp-json\/wp\/v2\/media?parent=6"}],"curies":[{"name":"wp","href":"https:\/\/api.w.org\/{rel}","templated":true}]}}