{"id":16,"date":"2022-04-19T16:33:02","date_gmt":"2022-04-19T14:33:02","guid":{"rendered":"https:\/\/blogs.univ-jfc.fr\/seriousgameresearchnetwork\/?page_id=16"},"modified":"2022-04-19T16:33:02","modified_gmt":"2022-04-19T14:33:02","slug":"projets","status":"publish","type":"page","link":"https:\/\/blogs.univ-jfc.fr\/seriousgameresearchnetwork\/projets\/","title":{"rendered":"Projets"},"content":{"rendered":"\n<h3>Mecagenius<\/h3>\n\n\n\n<p>Mecagenius est serious game dont la th\u00e9matique est le g\u00e9nie m\u00e9canique. Il permet de d\u00e9couvrir un atelier de fabrication, apprendre \u00e0 mettre en \u0153uvre les machines, \u00e0 usiner des pi\u00e8ces avec une machine outil \u00e0 commande num\u00e9rique et \u00e0 optimiser une production de pi\u00e8ces dans un atelier virtuel.<\/p>\n\n\n\n<p><a href=\"http:\/\/blogs.univ-jfc.fr\/mecagenius\" target=\"_blank\" rel=\"noreferrer noopener\">site officiel<\/a><\/p>\n\n\n\n<h3>3D Virtual Operating Room (3D VOR)<\/h3>\n\n\n\n<p>3D VOR est un serious game pour la&nbsp;formation et l&rsquo;entrainement des professionnels du bloc op\u00e9ratoire \u00e0 la gestion des risques et \u00e0 la pr\u00e9vention des \u00e9v\u00e9nements ind\u00e9sirables graves. Il met en jeu tous les acteurs de sant\u00e9 intervenant au bloc op\u00e9ratoire.<\/p>\n\n\n\n<p>Son originalit\u00e9 est de proposer un entrainement collaboratif \u00e0 l&rsquo;ensemble de ces professionnels du bloc op\u00e9ratoire (anesth\u00e9siste, chirurgien, infirmiers, manipulateurs radios, cadre de sant\u00e9).<\/p>\n\n\n\n<p><a href=\"https:\/\/blogs.univ-jfc.fr\/3dvor\" target=\"_blank\" rel=\"noreferrer noopener\">site officiel<\/a><\/p>\n\n\n\n<h3>Easy RMM<\/h3>\n\n\n\n<p>Easy RMM est une application \u00e0 destination des professionnels de l&rsquo;h\u00f4pital pour la gestion des revues de morbidit\u00e9-mortalit\u00e9.&nbsp;<\/p>\n\n\n\n<p><a href=\"http:\/\/blogs.univ-jfc.fr\/easyrmm\" target=\"_blank\" rel=\"noreferrer noopener\">site officiel<\/a><\/p>\n\n\n\n<h3>SCI-FI : Scientific Culture Is the Future of Industry<\/h3>\n\n\n\n<p>Projet euror\u00e9gion dont l&rsquo;objectif est la promotion de la culture scientifique.<br><a href=\"http:\/\/blogs.univ-jfc.fr\/scifi\" target=\"_blank\" rel=\"noreferrer noopener\">site officiel<\/a><\/p>\n","protected":false},"excerpt":{"rendered":"<p>Mecagenius Mecagenius est serious game dont la th\u00e9matique est le g\u00e9nie m\u00e9canique. Il permet de d\u00e9couvrir un atelier de fabrication, apprendre \u00e0 mettre en \u0153uvre les machines, \u00e0 usiner des pi\u00e8ces avec une machine outil \u00e0 commande num\u00e9rique et \u00e0 &hellip; <a href=\"https:\/\/blogs.univ-jfc.fr\/seriousgameresearchnetwork\/projets\/\">Lire la suite <span class=\"meta-nav\">&rarr;<\/span><\/a><\/p>\n","protected":false},"author":242,"featured_media":0,"parent":0,"menu_order":0,"comment_status":"closed","ping_status":"closed","template":"","meta":[],"_links":{"self":[{"href":"https:\/\/blogs.univ-jfc.fr\/seriousgameresearchnetwork\/wp-json\/wp\/v2\/pages\/16"}],"collection":[{"href":"https:\/\/blogs.univ-jfc.fr\/seriousgameresearchnetwork\/wp-json\/wp\/v2\/pages"}],"about":[{"href":"https:\/\/blogs.univ-jfc.fr\/seriousgameresearchnetwork\/wp-json\/wp\/v2\/types\/page"}],"author":[{"embeddable":true,"href":"https:\/\/blogs.univ-jfc.fr\/seriousgameresearchnetwork\/wp-json\/wp\/v2\/users\/242"}],"replies":[{"embeddable":true,"href":"https:\/\/blogs.univ-jfc.fr\/seriousgameresearchnetwork\/wp-json\/wp\/v2\/comments?post=16"}],"version-history":[{"count":1,"href":"https:\/\/blogs.univ-jfc.fr\/seriousgameresearchnetwork\/wp-json\/wp\/v2\/pages\/16\/revisions"}],"predecessor-version":[{"id":18,"href":"https:\/\/blogs.univ-jfc.fr\/seriousgameresearchnetwork\/wp-json\/wp\/v2\/pages\/16\/revisions\/18"}],"wp:attachment":[{"href":"https:\/\/blogs.univ-jfc.fr\/seriousgameresearchnetwork\/wp-json\/wp\/v2\/media?parent=16"}],"curies":[{"name":"wp","href":"https:\/\/api.w.org\/{rel}","templated":true}]}}