{"id":21,"date":"2022-04-19T16:43:28","date_gmt":"2022-04-19T14:43:28","guid":{"rendered":"https:\/\/blogs.univ-jfc.fr\/seriousgameresearchnetwork\/?page_id=21"},"modified":"2022-04-19T16:44:41","modified_gmt":"2022-04-19T14:44:41","slug":"organisation","status":"publish","type":"page","link":"https:\/\/blogs.univ-jfc.fr\/seriousgameresearchnetwork\/organisation\/","title":{"rendered":"Organisation"},"content":{"rendered":"\n<p>Le SGRN est constitu\u00e9 d&rsquo;un pr\u00e9sident, d&rsquo;un comit\u00e9 directeur, d&rsquo;un comit\u00e9 scientifique et d&rsquo;un directeur \u00e9lu.<\/p>\n\n\n\n<h3>Pr\u00e9sident<\/h3>\n\n\n\n<p>Herv\u00e9 Pingaud<br>CUFR Champollion <\/p>\n\n\n\n<h3>Directeur<\/h3>\n\n\n\n<p>Pierre Lagarrigue<br>SGRL, Albi<br>ICA, Toulouse<\/p>\n\n\n\n<h3>Comit\u00e9 Directeur<\/h3>\n\n\n\n<p>Le comit\u00e9 directeur est constitu\u00e9 des repr\u00e9sentants des 12 institutions signataires de la convention du GIS. Il est responsable des orientations scientifiques et des projets de recherche.<\/p>\n\n\n\n<figure class=\"wp-block-image size-large\"><img loading=\"lazy\" width=\"865\" height=\"492\" src=\"https:\/\/blogs.univ-jfc.fr\/seriousgameresearchnetwork\/wp-content\/uploads\/sites\/98\/2022\/04\/ca2014.png\" alt=\"\" class=\"wp-image-22\" srcset=\"https:\/\/blogs.univ-jfc.fr\/seriousgameresearchnetwork\/wp-content\/uploads\/sites\/98\/2022\/04\/ca2014.png 865w, https:\/\/blogs.univ-jfc.fr\/seriousgameresearchnetwork\/wp-content\/uploads\/sites\/98\/2022\/04\/ca2014-300x171.png 300w, https:\/\/blogs.univ-jfc.fr\/seriousgameresearchnetwork\/wp-content\/uploads\/sites\/98\/2022\/04\/ca2014-768x437.png 768w\" sizes=\"(max-width: 865px) 100vw, 865px\" \/><\/figure>\n\n\n\n<h3>Comit\u00e9 Scientifique<\/h3>\n\n\n\n<p>Le comit\u00e9 scientifique regroupe des personnalit\u00e9s scientifiques reconnues dans les diverses disciplines concern\u00e9es par les activit\u00e9s du GIS, notamment la sant\u00e9 et le g\u00e9nie m\u00e9canique.&nbsp;<\/p>\n\n\n\n<p>Le r\u00f4le du CS est de garantir la pertinence et la qualit\u00e9 scientifique des activit\u00e9s du GIS.<\/p>\n\n\n\n<h4>Serious Game<\/h4>\n\n\n\n<div class=\"wp-block-columns\">\n<div class=\"wp-block-column\">\n<p>Catherine Lelardeux<br><strong>Pr\u00e9sidente du conseil scientifique<\/strong><br>SGRL, Universit\u00e9 Champollion<\/p>\n\n\n\n<p>Michel Galaup<br>UFR UMTS,<br>Universit\u00e9 Toulouse II<\/p>\n\n\n\n<p>Louise Sauv\u00e9<br>T\u00c9LUQ<\/p>\n\n\n\n<p>Andr\u00e9 Aoun<br>IRIT, Universit\u00e9 Toulouse III<\/p>\n<\/div>\n\n\n\n<div class=\"wp-block-column\">\n<p>David Panzoli<br>SGRL, IRIT,<br>Universit\u00e9 Champollion<\/p>\n\n\n\n<p>Damien Djaouti<br>Ludoscience<\/p>\n\n\n\n<p>Raquel Becerril-Ortega<br>Trigone-CIREL,<br>Universit\u00e9 de Lille<\/p>\n\n\n\n<p>Jean Heutte<br>CIREL,<br>Universit\u00e9 de Lille I<\/p>\n<\/div>\n<\/div>\n\n\n\n<h4>Sociologie<\/h4>\n\n\n\n<p>Mich\u00e8le Lalanne<br>CERTOP,<br>Universit\u00e9 de Toulouse II<\/p>\n\n\n\n<h4>Sant\u00e9<\/h4>\n\n\n\n<div class=\"wp-block-columns\">\n<div class=\"wp-block-column\">\n<p>Vincent Lubrano<br>CHU Rangueil, Toulouse<\/p>\n\n\n\n<p>Bernard Rigaud<br>ISIS, Castres<\/p>\n<\/div>\n\n\n\n<div class=\"wp-block-column\">\n<p>Vincent Minville<br>CHU Rangueil, Toulouse<\/p>\n<\/div>\n<\/div>\n\n\n\n<h4>G\u00e9nie m\u00e9canique<\/h4>\n\n\n\n<div class=\"wp-block-columns\">\n<div class=\"wp-block-column\">\n<p>Philippes Lattes<br>Aerospace Valley<\/p>\n\n\n\n<p>Xavier Aubard<br>IRT, Bordeaux<\/p>\n<\/div>\n\n\n\n<div class=\"wp-block-column\">\n<p>Marc Sartor<br>ICA, Toulouse<\/p>\n\n\n\n<p>Amm\u00e9ziane Aoussat<br>ENSAM, Paris<\/p>\n<\/div>\n<\/div>\n","protected":false},"excerpt":{"rendered":"<p>Le SGRN est constitu\u00e9 d&rsquo;un pr\u00e9sident, d&rsquo;un comit\u00e9 directeur, d&rsquo;un comit\u00e9 scientifique et d&rsquo;un directeur \u00e9lu. Pr\u00e9sident Herv\u00e9 PingaudCUFR Champollion Directeur Pierre LagarrigueSGRL, AlbiICA, Toulouse Comit\u00e9 Directeur Le comit\u00e9 directeur est constitu\u00e9 des repr\u00e9sentants des 12 institutions signataires de la &hellip; <a href=\"https:\/\/blogs.univ-jfc.fr\/seriousgameresearchnetwork\/organisation\/\">Lire la suite <span class=\"meta-nav\">&rarr;<\/span><\/a><\/p>\n","protected":false},"author":242,"featured_media":0,"parent":0,"menu_order":0,"comment_status":"closed","ping_status":"closed","template":"","meta":[],"_links":{"self":[{"href":"https:\/\/blogs.univ-jfc.fr\/seriousgameresearchnetwork\/wp-json\/wp\/v2\/pages\/21"}],"collection":[{"href":"https:\/\/blogs.univ-jfc.fr\/seriousgameresearchnetwork\/wp-json\/wp\/v2\/pages"}],"about":[{"href":"https:\/\/blogs.univ-jfc.fr\/seriousgameresearchnetwork\/wp-json\/wp\/v2\/types\/page"}],"author":[{"embeddable":true,"href":"https:\/\/blogs.univ-jfc.fr\/seriousgameresearchnetwork\/wp-json\/wp\/v2\/users\/242"}],"replies":[{"embeddable":true,"href":"https:\/\/blogs.univ-jfc.fr\/seriousgameresearchnetwork\/wp-json\/wp\/v2\/comments?post=21"}],"version-history":[{"count":3,"href":"https:\/\/blogs.univ-jfc.fr\/seriousgameresearchnetwork\/wp-json\/wp\/v2\/pages\/21\/revisions"}],"predecessor-version":[{"id":26,"href":"https:\/\/blogs.univ-jfc.fr\/seriousgameresearchnetwork\/wp-json\/wp\/v2\/pages\/21\/revisions\/26"}],"wp:attachment":[{"href":"https:\/\/blogs.univ-jfc.fr\/seriousgameresearchnetwork\/wp-json\/wp\/v2\/media?parent=21"}],"curies":[{"name":"wp","href":"https:\/\/api.w.org\/{rel}","templated":true}]}}