{"id":43,"date":"2022-04-19T17:04:50","date_gmt":"2022-04-19T15:04:50","guid":{"rendered":"https:\/\/blogs.univ-jfc.fr\/seriousgameresearchnetwork\/serious-game-research-network-english\/"},"modified":"2022-04-19T17:20:04","modified_gmt":"2022-04-19T15:20:04","slug":"serious-game-research-network-english","status":"publish","type":"page","link":"https:\/\/blogs.univ-jfc.fr\/seriousgameresearchnetwork\/en\/serious-game-research-network-english\/","title":{"rendered":"Serious Game Research Network"},"content":{"rendered":"\n<figure class=\"wp-block-image alignwide size-large\"><img loading=\"lazy\" width=\"950\" height=\"205\" src=\"http:\/\/blogs.univ-jfc.fr\/seriousgameresearchnetwork\/wp-content\/uploads\/sites\/98\/2022\/04\/bandeau-sgrn.png\" alt=\"\" class=\"wp-image-19\" srcset=\"https:\/\/blogs.univ-jfc.fr\/seriousgameresearchnetwork\/wp-content\/uploads\/sites\/98\/2022\/04\/bandeau-sgrn.png 950w, https:\/\/blogs.univ-jfc.fr\/seriousgameresearchnetwork\/wp-content\/uploads\/sites\/98\/2022\/04\/bandeau-sgrn-300x65.png 300w, https:\/\/blogs.univ-jfc.fr\/seriousgameresearchnetwork\/wp-content\/uploads\/sites\/98\/2022\/04\/bandeau-sgrn-768x166.png 768w\" sizes=\"(max-width: 950px) 100vw, 950px\" \/><\/figure>\n\n\n\n<p>Initiated in 2007 by Catherine Lelardeux and Pierre Lagarrigue and officially started in 2013, the Serious Game Research Network (SGRN) is a scientific partnership between several research institutions and game companies centered upon Serious Games both as an applied research discipline and a consumer market. The SGRN is acknowledged by the Universit\u00e9 f\u00e9d\u00e9rale de Toulouse Midi-Pyr\u00e9n\u00e9es, which is an association of universities and higher education institutions (ComUE). Jean-Fran\u00e7ois Champollion is the hosting university. The SGRN gathers researchers from various disciplines: Science and Technology, Health and Social Science.<\/p>\n\n\n\n<p>The network has three major ambitions:<\/p>\n\n\n\n<ul><li>to detect and to pilot research projects having a significant and foreseeable economic reach,<\/li><li>to ensure a technological watch on Serious Games for the benefit of its members, and<\/li><li>to promote the research results and know-hows developed by its members.<\/li><\/ul>\n\n\n\n<p>Among the missions and competencies of the SGRN:<\/p>\n\n\n\n<ul><li>Preliminary study to the modelling or marketing of a serious game,<\/li><li>Development of tools for facilitating the modelling a serious game,<\/li><li>Development of game prototypes, and<\/li><li>Games evaluation.<\/li><\/ul>\n","protected":false},"excerpt":{"rendered":"<p>Initiated in 2007 by Catherine Lelardeux and Pierre Lagarrigue and officially started in 2013, the Serious Game Research Network (SGRN) is a scientific partnership between several research institutions and game companies centered upon Serious Games both as an applied research &hellip; <a href=\"https:\/\/blogs.univ-jfc.fr\/seriousgameresearchnetwork\/en\/serious-game-research-network-english\/\">Lire la suite <span class=\"meta-nav\">&rarr;<\/span><\/a><\/p>\n","protected":false},"author":242,"featured_media":0,"parent":0,"menu_order":0,"comment_status":"closed","ping_status":"closed","template":"","meta":[],"_links":{"self":[{"href":"https:\/\/blogs.univ-jfc.fr\/seriousgameresearchnetwork\/wp-json\/wp\/v2\/pages\/43"}],"collection":[{"href":"https:\/\/blogs.univ-jfc.fr\/seriousgameresearchnetwork\/wp-json\/wp\/v2\/pages"}],"about":[{"href":"https:\/\/blogs.univ-jfc.fr\/seriousgameresearchnetwork\/wp-json\/wp\/v2\/types\/page"}],"author":[{"embeddable":true,"href":"https:\/\/blogs.univ-jfc.fr\/seriousgameresearchnetwork\/wp-json\/wp\/v2\/users\/242"}],"replies":[{"embeddable":true,"href":"https:\/\/blogs.univ-jfc.fr\/seriousgameresearchnetwork\/wp-json\/wp\/v2\/comments?post=43"}],"version-history":[{"count":3,"href":"https:\/\/blogs.univ-jfc.fr\/seriousgameresearchnetwork\/wp-json\/wp\/v2\/pages\/43\/revisions"}],"predecessor-version":[{"id":67,"href":"https:\/\/blogs.univ-jfc.fr\/seriousgameresearchnetwork\/wp-json\/wp\/v2\/pages\/43\/revisions\/67"}],"wp:attachment":[{"href":"https:\/\/blogs.univ-jfc.fr\/seriousgameresearchnetwork\/wp-json\/wp\/v2\/media?parent=43"}],"curies":[{"name":"wp","href":"https:\/\/api.w.org\/{rel}","templated":true}]}}