{"id":130,"date":"2014-06-23T10:58:46","date_gmt":"2014-06-23T09:58:46","guid":{"rendered":"http:\/\/blogs.univ-jfc.fr\/sociolab\/?page_id=130"},"modified":"2014-06-23T10:58:46","modified_gmt":"2014-06-23T09:58:46","slug":"narration-sociologique-coloree","status":"publish","type":"page","link":"https:\/\/blogs.univ-jfc.fr\/socio\/narration-sociologique-coloree\/","title":{"rendered":"Narration Sociologique Color\u00e9e"},"content":{"rendered":"<p style=\"text-align: justify\"><strong><\/strong><em>Cette 3<sup>e<\/sup> \u00e9dition de mise en narration d\u2019un ouvrage sociologique s\u2019inscrit dans une d\u00e9marche exp\u00e9rimentale d\u2019appropriation et de restitution des connaissances. Les \u00e9tudiants de 2<sup>e<\/sup> ann\u00e9e de licence de sociologie de l\u2019universit\u00e9 Champollion d\u2019Albi suivent le cours magistral \u00ab\u00a0M\u00e9thodes Qualitatives\u00a0\u00bb donn\u00e9 par Mich\u00e8le Lalanne. Cet enseignement est \u00e9valu\u00e9 par une dissertation individuelle, la lecture et la restitution \u00e9crite et orale, en groupe, d\u2019un ouvrage de m\u00e9thodologie.<\/em><\/p>\n<h5 style=\"text-align: justify\"><em>Peut-on pr\u00e9senter un ouvrage de m\u00e9thodologie qualitative et donner le go\u00fbt aux autres \u00e9tudiants d\u2019\u00e9couter le r\u00e9cit de ces savoirs acad\u00e9miques, d\u2019y prendre plaisir\u00a0(et de s\u2019en souvenir) ? L\u2019exercice est classique et souvent ardu : il s\u2019agit de lire un manuel de r\u00e9f\u00e9rence et d\u2019en synth\u00e9tiser son contenu au moyen de trois supports\u00a0: un powerpoint, un expos\u00e9 oral et un rapport \u00e9crit.<\/em><\/h5>\n<h5 style=\"text-align: justify\"><em>\u00a0Les techniques utilis\u00e9es, issues du monde des arts, sont novatrices dans le milieu acad\u00e9mique des sciences humaines et sociales. La couleur poss\u00e8de un effet narratif qui pousse \u00e0 rechercher un effet esth\u00e9tique par la mise en coh\u00e9rence d\u2019id\u00e9es (ressemblances vs oppositions). Cette activit\u00e9 esth\u00e9tique encourage au d\u00e9tachement de la structure du r\u00e9cit et facilite la s\u00e9lection des contenus \u00e0 privil\u00e9gier pour la pr\u00e9sentation orale. De plus elle att\u00e9nue l\u2019inhibition produite par les \u00e9crits abstraits et facilite la transposition originale et rigoureuse des \u00e9l\u00e9ments narratifs. Les techniques de la mise en sc\u00e8ne et de la cr\u00e9ation de scenario emprunt\u00e9es \u00e0 la litt\u00e9rature et au th\u00e9\u00e2tre, sont ensuite mises au service de la couleur, et du savoir, dans un contexte spatio-temporel universitaire (20mn sur une estrade d\u2019amphith\u00e9\u00e2tre avec un public d\u2019\u00e9tudiants dans une situation d\u2019\u00e9valuation).<\/em><\/h5>\n<h5 style=\"text-align: justify\"><em>\u00a0Cette narration sociologique color\u00e9e est rendue possible gr\u00e2ce \u00e0 l\u2019adh\u00e9sion des participants et \u00e0 la cr\u00e9ativit\u00e9 de la narration des participants.<\/em><\/h5>\n<p style=\"text-align: justify\"><a href=\"http:\/\/blogs.univ-jfc.fr\/sociolab\/wp-content\/uploads\/sites\/23\/2014\/04\/Narration-socio-1.jpg\"><img loading=\"lazy\" alt=\"Narration socio 1\" src=\"http:\/\/blogs.univ-jfc.fr\/sociolab\/wp-content\/uploads\/sites\/23\/2014\/04\/Narration-socio-1.jpg\" width=\"617\" height=\"426\" \/><\/a> <a href=\"http:\/\/blogs.univ-jfc.fr\/sociolab\/wp-content\/uploads\/sites\/23\/2014\/04\/Narration-socio-2.jpg\"><img loading=\"lazy\" alt=\"Narration socio 2\" src=\"http:\/\/blogs.univ-jfc.fr\/sociolab\/wp-content\/uploads\/sites\/23\/2014\/04\/Narration-socio-2.jpg\" width=\"617\" height=\"358\" \/><\/a><\/p>\n<p style=\"text-align: justify\"><a href=\"http:\/\/blogs.univ-jfc.fr\/sociolab\/wp-content\/uploads\/sites\/23\/2014\/04\/Narration-color\u00e9e-1.jpg\"><img loading=\"lazy\" alt=\"Narration color\u00e9e 1\" src=\"http:\/\/blogs.univ-jfc.fr\/sociolab\/wp-content\/uploads\/sites\/23\/2014\/04\/Narration-color\u00e9e-1.jpg\" width=\"330\" height=\"241\" \/><\/a><\/p>\n<p style=\"text-align: justify\"><a href=\"http:\/\/blogs.univ-jfc.fr\/sociolab\/wp-content\/uploads\/sites\/23\/2014\/04\/Narration-color\u00e9e-2.jpg\"><img loading=\"lazy\" alt=\"Narration color\u00e9e 2\" src=\"http:\/\/blogs.univ-jfc.fr\/sociolab\/wp-content\/uploads\/sites\/23\/2014\/04\/Narration-color\u00e9e-2.jpg\" width=\"414\" height=\"196\" \/><\/a><\/p>\n<p style=\"text-align: justify\"><a href=\"http:\/\/blogs.univ-jfc.fr\/sociolab\/wp-content\/uploads\/sites\/23\/2014\/04\/Narration-color\u00e9e-4.jpg\"><img loading=\"lazy\" alt=\"Narration color\u00e9e 4\" src=\"http:\/\/blogs.univ-jfc.fr\/sociolab\/wp-content\/uploads\/sites\/23\/2014\/04\/Narration-color\u00e9e-4.jpg\" width=\"394\" height=\"220\" \/><\/a><\/p>\n<p style=\"text-align: justify\"><a href=\"http:\/\/blogs.univ-jfc.fr\/sociolab\/wp-content\/uploads\/sites\/23\/2014\/04\/Narration-color\u00e9e-5.jpg\"><img loading=\"lazy\" alt=\"Narration color\u00e9e 5\" src=\"http:\/\/blogs.univ-jfc.fr\/sociolab\/wp-content\/uploads\/sites\/23\/2014\/04\/Narration-color\u00e9e-5.jpg\" width=\"399\" height=\"206\" \/><\/a><\/p>\n","protected":false},"excerpt":{"rendered":"<p>Cette 3e \u00e9dition de mise en narration d\u2019un ouvrage sociologique s\u2019inscrit dans une d\u00e9marche exp\u00e9rimentale d\u2019appropriation et de restitution des connaissances. Les \u00e9tudiants de 2e ann\u00e9e de licence de sociologie de l\u2019universit\u00e9 Champollion d\u2019Albi suivent le cours magistral \u00ab\u00a0M\u00e9thodes Qualitatives\u00a0\u00bb &hellip; <a href=\"https:\/\/blogs.univ-jfc.fr\/socio\/narration-sociologique-coloree\/\">Lire la suite <span class=\"meta-nav\">&rarr;<\/span><\/a><\/p>\n","protected":false},"author":26,"featured_media":0,"parent":0,"menu_order":0,"comment_status":"closed","ping_status":"closed","template":"","meta":[],"_links":{"self":[{"href":"https:\/\/blogs.univ-jfc.fr\/socio\/wp-json\/wp\/v2\/pages\/130"}],"collection":[{"href":"https:\/\/blogs.univ-jfc.fr\/socio\/wp-json\/wp\/v2\/pages"}],"about":[{"href":"https:\/\/blogs.univ-jfc.fr\/socio\/wp-json\/wp\/v2\/types\/page"}],"author":[{"embeddable":true,"href":"https:\/\/blogs.univ-jfc.fr\/socio\/wp-json\/wp\/v2\/users\/26"}],"replies":[{"embeddable":true,"href":"https:\/\/blogs.univ-jfc.fr\/socio\/wp-json\/wp\/v2\/comments?post=130"}],"version-history":[{"count":0,"href":"https:\/\/blogs.univ-jfc.fr\/socio\/wp-json\/wp\/v2\/pages\/130\/revisions"}],"wp:attachment":[{"href":"https:\/\/blogs.univ-jfc.fr\/socio\/wp-json\/wp\/v2\/media?parent=130"}],"curies":[{"name":"wp","href":"https:\/\/api.w.org\/{rel}","templated":true}]}}