{"id":146,"date":"2014-06-23T11:17:46","date_gmt":"2014-06-23T10:17:46","guid":{"rendered":"http:\/\/blogs.univ-jfc.fr\/sociolab\/?page_id=146"},"modified":"2016-04-19T13:49:48","modified_gmt":"2016-04-19T12:49:48","slug":"festival-du-court-metrage-sociologique-dalbi-2","status":"publish","type":"page","link":"https:\/\/blogs.univ-jfc.fr\/socio\/festival-du-court-metrage-sociologique-dalbi-2\/","title":{"rendered":"Festival du Court Sociologique 2014"},"content":{"rendered":"<p style=\"text-align: justify\"><em>Le Festival r\u00e9compense les \u0153uvres vid\u00e9ographiques ayant pour objectif de restituer, via <\/em> <em>un travail\u00a0 de mise en images soign\u00e9, des r\u00e9sultats d&rsquo;enqu\u00eates sociologiques de premi\u00e8re\u00a0<\/em><em>importance. <\/em><\/p>\n<p style=\"text-align: justify\"><em>Les participants \u00e0 ce concours tout \u00e0 la fois artistique et acad\u00e9mique sont\u00a0 <\/em><em>des \u00e9tudiants de Licence 1 de sociologie inscrits au Centre Universitaire Jean-Fran\u00e7ois\u00a0 <\/em><em>Champollion et ayant suivi l&rsquo;atelier \u00ab\u00a0Comprendre la sociologie\u00a0\u00bb (TER) pilot\u00e9 par C\u00e9dric <\/em><em>CALVIGNAC (MCF) avec l&rsquo;aide de Victor POTIER (Doctorant). Le dispositif p\u00e9dagogique mis en place a \u00e9t\u00e9 pens\u00e9 de fa\u00e7on \u00e0 marier apprentissage de contenus fondamentaux et cr\u00e9ation de supports vid\u00e9ographiques. Sachant l&rsquo;attachement des nouvelles g\u00e9n\u00e9rations au monde de l&rsquo;image, il nous semble qu&rsquo;il s&rsquo;agit l\u00e0 d&rsquo;un point d&rsquo;entr\u00e9e engageant permettant un meilleur investissement des \u00e9tudiants dans la d\u00e9marche d&rsquo;acquisition des savoirs.<br \/>\n<\/em><\/p>\n<p style=\"text-align: justify\"><strong><em>Le palmar\u00e8s de l&rsquo;\u00e9dition 2014 du Festival:<\/em><\/strong><\/p>\n<p style=\"text-align: justify\"><a href=\"http:\/\/blogs.univ-jfc.fr\/sociolab\/wp-content\/uploads\/sites\/23\/2014\/04\/M\u00e9dailles-Festival-2014.jpg\"><img loading=\"lazy\" alt=\"M\u00e9dailles Festival 2014\" src=\"http:\/\/blogs.univ-jfc.fr\/sociolab\/wp-content\/uploads\/sites\/23\/2014\/04\/M\u00e9dailles-Festival-2014.jpg\" width=\"601\" height=\"407\" \/><\/a><\/p>\n<p style=\"text-align: justify\"><em><strong>Palme d&rsquo;or:<\/strong> FIRMIN S\u00e9bastien\/ GAVIRA Pierre\/ HASSEB Soufian<\/em><\/p>\n<p style=\"text-align: justify\"><a href=\"http:\/\/blogs.univ-jfc.fr\/sociolab\/wp-content\/uploads\/sites\/23\/2014\/04\/M\u00e9daill\u00e9s-dOR.jpg\"><img loading=\"lazy\" alt=\"M\u00e9daill\u00e9s d'OR\" src=\"http:\/\/blogs.univ-jfc.fr\/sociolab\/wp-content\/uploads\/sites\/23\/2014\/04\/M\u00e9daill\u00e9s-dOR.jpg\" width=\"328\" height=\"340\" \/><\/a><\/p>\n<p style=\"text-align: justify\"><em><strong>Palme d&rsquo;argent:<\/strong> CHACON Paloma\/ DESPLANCHES Marion\/ ESCOURBIAC Marion<\/em><\/p>\n<p style=\"text-align: justify\"><a href=\"http:\/\/blogs.univ-jfc.fr\/sociolab\/wp-content\/uploads\/sites\/23\/2014\/04\/M\u00e9daill\u00e9es-dARGENT.jpg\"><img loading=\"lazy\" alt=\"M\u00e9daill\u00e9es d'ARGENT\" src=\"http:\/\/blogs.univ-jfc.fr\/sociolab\/wp-content\/uploads\/sites\/23\/2014\/04\/M\u00e9daill\u00e9es-dARGENT.jpg\" width=\"408\" height=\"238\" \/><\/a><\/p>\n<p style=\"text-align: justify\"><em><strong>Palme de bronze:<\/strong> GODIN Marine\/ LACAZE Ketsia et <em>RADJA Amin\/ ROUX Romain\/ RACHIDI Sa\u00efd\u00a0 <\/em><br \/>\n<\/em><\/p>\n<p style=\"text-align: justify\"><a href=\"http:\/\/blogs.univ-jfc.fr\/sociolab\/wp-content\/uploads\/sites\/23\/2014\/04\/M\u00e9daill\u00e9es-de-BRONZE.jpg\"><img loading=\"lazy\" alt=\"M\u00e9daill\u00e9es de BRONZE\" src=\"http:\/\/blogs.univ-jfc.fr\/sociolab\/wp-content\/uploads\/sites\/23\/2014\/04\/M\u00e9daill\u00e9es-de-BRONZE.jpg\" width=\"350\" height=\"388\" \/><\/a><\/p>\n<h5 style=\"text-align: justify\"><em>Extraits choisis:<\/em><\/h5>\n<p style=\"text-align: justify\"><iframe width=\"584\" height=\"329\" src=\"https:\/\/www.youtube.com\/embed\/4Cv6-BsyeCI?feature=oembed\" frameborder=\"0\" allowfullscreen><\/iframe><\/p>\n<p style=\"text-align: justify\"><a href=\"http:\/\/youtu.be\/4Cv6-BsyeCI\">Teaser Festival 2014<\/a><\/p>\n<p style=\"text-align: justify\">Bon visionnage!<\/p>\n<p style=\"text-align: justify\">\n","protected":false},"excerpt":{"rendered":"<p>Le Festival r\u00e9compense les \u0153uvres vid\u00e9ographiques ayant pour objectif de restituer, via un travail\u00a0 de mise en images soign\u00e9, des r\u00e9sultats d&rsquo;enqu\u00eates sociologiques de premi\u00e8re\u00a0importance. Les participants \u00e0 ce concours tout \u00e0 la fois artistique et acad\u00e9mique sont\u00a0 des \u00e9tudiants &hellip; <a href=\"https:\/\/blogs.univ-jfc.fr\/socio\/festival-du-court-metrage-sociologique-dalbi-2\/\">Lire la suite <span class=\"meta-nav\">&rarr;<\/span><\/a><\/p>\n","protected":false},"author":26,"featured_media":0,"parent":0,"menu_order":0,"comment_status":"closed","ping_status":"closed","template":"","meta":[],"_links":{"self":[{"href":"https:\/\/blogs.univ-jfc.fr\/socio\/wp-json\/wp\/v2\/pages\/146"}],"collection":[{"href":"https:\/\/blogs.univ-jfc.fr\/socio\/wp-json\/wp\/v2\/pages"}],"about":[{"href":"https:\/\/blogs.univ-jfc.fr\/socio\/wp-json\/wp\/v2\/types\/page"}],"author":[{"embeddable":true,"href":"https:\/\/blogs.univ-jfc.fr\/socio\/wp-json\/wp\/v2\/users\/26"}],"replies":[{"embeddable":true,"href":"https:\/\/blogs.univ-jfc.fr\/socio\/wp-json\/wp\/v2\/comments?post=146"}],"version-history":[{"count":4,"href":"https:\/\/blogs.univ-jfc.fr\/socio\/wp-json\/wp\/v2\/pages\/146\/revisions"}],"predecessor-version":[{"id":222,"href":"https:\/\/blogs.univ-jfc.fr\/socio\/wp-json\/wp\/v2\/pages\/146\/revisions\/222"}],"wp:attachment":[{"href":"https:\/\/blogs.univ-jfc.fr\/socio\/wp-json\/wp\/v2\/media?parent=146"}],"curies":[{"name":"wp","href":"https:\/\/api.w.org\/{rel}","templated":true}]}}