{"id":171,"date":"2014-06-29T18:24:09","date_gmt":"2014-06-29T17:24:09","guid":{"rendered":"http:\/\/blogs.univ-jfc.fr\/sociolab\/?page_id=171"},"modified":"2014-06-29T18:24:09","modified_gmt":"2014-06-29T17:24:09","slug":"references-bibliographiques","status":"publish","type":"page","link":"https:\/\/blogs.univ-jfc.fr\/socio\/references-bibliographiques\/","title":{"rendered":"R\u00e9f\u00e9rences bibliographiques"},"content":{"rendered":"<p style=\"text-align: justify\"><strong>Publications scientifiques<\/strong><b><i> <\/i><\/b><\/p>\n<p style=\"text-align: justify\">Calvignac C\u00e9dric, Fijalkow Ygal, Martin Elsa, 2014, \u00ab\u00a0\u00catre d&rsquo;un commerce agr\u00e9able. R\u00e9flexions autour de la notion d&rsquo;ambassade touristique\u00a0\u00bb, <em>Mondes du tourisme<\/em>, (\u00e0 para\u00eetre).<\/p>\n<p>Fijalkow Ygal, Lalanne Mich\u00e8le, 2014, \u00ab\u00a0\u00c9l\u00e9ments d\u2019analyse de la durabilit\u00e9 sociale d\u2019un quartier historique inscrit au patrimoine mondial : La cit\u00e9 \u00e9piscopale d\u2019Albi en France\u00a0\u00bb, in Gravari-Barbas et Jacquot (dir), <em>Patrimoine mondial et<\/em> <em>d\u00e9veloppement. Au d\u00e9fi du tourisme durable,<\/em> Collection: Nouveaux Patrimoines, Presses de l&rsquo;Universit\u00e9 du Qu\u00e9bec.<\/p>\n<p>Martin Elsa, 2014, \u00ab\u00a0Les villes moyennes face \u00e0 la pr\u00e9sence touristique. De l\u2019engagement des \u00e9lus aux repr\u00e9sentations des habitants\u00a0\u00bb, <i>M\u00e9tropolitiques<\/i>, mars 2014, en ligne <a href=\"http:\/\/www.metropolitiques.eu\/Les-villes-moyennes-face-a-la.html\">http:\/\/www.metropolitiques.eu\/Les-villes-moyennes-face-a-la.html<\/a><\/p>\n<p style=\"text-align: justify\"><strong>Journ\u00e9es d\u2019\u00e9tudes, conf\u00e9rences, s\u00e9minaires (avec comit\u00e9 de lecture)<\/strong><\/p>\n<p style=\"text-align: justify\">Calvignac C\u00e9dric, Martin Elsa, 2013, \u00ab\u00a0Une question de repr\u00e9sentations\u00a0: les illusions perceptives des albigeois sur l\u2019identit\u00e9 des touristes\u00a0\u00bb, <em>4<sup>e<\/sup> s\u00e9minaire de la Chaire Unesco \u00ab\u00a0Culture, tourisme et d\u00e9veloppement\u00a0\u00bb, \u00ab\u00a0Touristes et habitants dans les sites du Patrimoine Mondial\u00a0\u00bb<\/em>, Unesco, Paris, 22 octobre.<\/p>\n<p>Fijalkow Ygal, Jalaudin Christophe, 2012, \u00ab\u00a0Mesure de l\u2019exp\u00e9rience touristique \u00e0 travers<br \/>\nl\u2019engagement, l\u2019indiff\u00e9rence et l\u2019\u00e9vitement des populations locales\u00a0\u00bb, <em>Les<\/em><br \/>\n<em> Rendez-vous de Champlain. L&rsquo;exp\u00e9rience touristique<\/em>, 21- 23 mai, Universit\u00e9<br \/>\nLibre de Bruxelles, Bruxelles, Belgique.<\/p>\n<p>Fijalkow Ygal, Lalanne Mich\u00e8le, 2012, \u00a0\u00bb Comment analyser la durabilit\u00e9 sociale d\u2019un quartier historique class\u00e9 au patrimoine mondial ? La cit\u00e9 \u00e9piscopale d\u2019Albi en<br \/>\nFrance\u00a0\u00bb, <em>Le tourisme moteur du d\u00e9veloppement durable des sites du patrimoine<\/em><br \/>\n<em> mondial ?,<\/em> Universit\u00e9 Omar Bongo (Libreville, Gabon), Universit\u00e9 Paris 1<br \/>\nPanth\u00e9on-Sorbonne (Paris, France), Universit\u00e9 de Barcelone (Espagne), 1-8<br \/>\njuin, Libreville, Gabon.<\/p>\n<p style=\"text-align: justify\">Martin Elsa, 2014, \u00ab\u00a0Pratiques et repr\u00e9sentations des touristes\u00a0: le sentiment de l\u2019originalit\u00e9 ou s\u2019affranchir des prescriptions\u00a0\u00bb,<em> 4<sup>e<\/sup> colloque de l\u2019association ASTRES \u00ab\u00a0Le tourisme hors des sentiers battus\u00a0: coulisses, interstices et nouveaux territoires touristiques\u00a0\u00bb,<\/em> Universit\u00e9 Paris-1 Panth\u00e9on Sorbonne, 21, 22 et 23 mai.<\/p>\n<p style=\"text-align: justify\">Martin Elsa, 2013, \u00ab\u00a0Les usages de l\u2019espace par la population locale s\u2019apparentent-ils \u00e0 des pratiques touristiques\u00a0?\u00a0\u00bb, <em>Rencontres Internationales des Jeunes Chercheurs, Chaire Unesco \u00ab\u00a0Culture, tourisme et d\u00e9veloppement\u00a0\u00bb, \u00ab\u00a0Repenser les dichotomies structurantes des sciences sociales au regard de l\u2019objet tourisme\u00a0\u00bb<\/em>, Cit\u00e9 internationale universitaire, Paris, 19, 20 et 21 septembre.<\/p>\n<p style=\"text-align: justify\">Martin Elsa, 2013, \u00ab\u00a0Le d\u00e9bordement des services publics par la pression touristique. Quand les usagers r\u00e9sidents s\u2019estiment l\u00e9s\u00e9s\u00a0\u00bb, <em>S\u00e9minaire international \u00ab\u00a0L\u2019am\u00e9nagement du territoire par les services publics. Quels enjeux pour les villes petites et moyennes\u00a0?\u00a0\u00bb<\/em>, CUFR Jean Fran\u00e7ois Champollion, Albi, 14 et 15 mai.<\/p>\n<p style=\"text-align: justify\"><strong>Journ\u00e9es d\u2019\u00e9tudes, conf\u00e9rences, s\u00e9minaires (sans comit\u00e9 de lecture)<\/strong><\/p>\n<p style=\"text-align: justify\">Martin Elsa, 2014, \u00ab\u00a0Quelles repr\u00e9sentations les habitants ont-ils des touristes\u00a0?\u00a0\u00bb, <em>Workshop International \u00ab\u00a0Tourisme et cultures dans l\u2019Euror\u00e9gion Pyr\u00e9n\u00e9es-M\u00e9diterran\u00e9e\u00a0\u00bb,<\/em> organis\u00e9 par l\u2019Universit\u00e9 Toulouse 2-Le Mirail, l\u2019Universit\u00e9 Pompeu Fabra, l\u2019Universit\u00e9 Aut\u00f3noma de Barcelona, \u00e0 Albi, Toulouse, Foix, du 20 au 21 f\u00e9vrier.<\/p>\n","protected":false},"excerpt":{"rendered":"<p>Publications scientifiques Calvignac C\u00e9dric, Fijalkow Ygal, Martin Elsa, 2014, \u00ab\u00a0\u00catre d&rsquo;un commerce agr\u00e9able. R\u00e9flexions autour de la notion d&rsquo;ambassade touristique\u00a0\u00bb, Mondes du tourisme, (\u00e0 para\u00eetre). Fijalkow Ygal, Lalanne Mich\u00e8le, 2014, \u00ab\u00a0\u00c9l\u00e9ments d\u2019analyse de la durabilit\u00e9 sociale d\u2019un quartier historique inscrit &hellip; <a href=\"https:\/\/blogs.univ-jfc.fr\/socio\/references-bibliographiques\/\">Lire la suite <span class=\"meta-nav\">&rarr;<\/span><\/a><\/p>\n","protected":false},"author":26,"featured_media":0,"parent":0,"menu_order":0,"comment_status":"closed","ping_status":"closed","template":"","meta":[],"_links":{"self":[{"href":"https:\/\/blogs.univ-jfc.fr\/socio\/wp-json\/wp\/v2\/pages\/171"}],"collection":[{"href":"https:\/\/blogs.univ-jfc.fr\/socio\/wp-json\/wp\/v2\/pages"}],"about":[{"href":"https:\/\/blogs.univ-jfc.fr\/socio\/wp-json\/wp\/v2\/types\/page"}],"author":[{"embeddable":true,"href":"https:\/\/blogs.univ-jfc.fr\/socio\/wp-json\/wp\/v2\/users\/26"}],"replies":[{"embeddable":true,"href":"https:\/\/blogs.univ-jfc.fr\/socio\/wp-json\/wp\/v2\/comments?post=171"}],"version-history":[{"count":1,"href":"https:\/\/blogs.univ-jfc.fr\/socio\/wp-json\/wp\/v2\/pages\/171\/revisions"}],"predecessor-version":[{"id":172,"href":"https:\/\/blogs.univ-jfc.fr\/socio\/wp-json\/wp\/v2\/pages\/171\/revisions\/172"}],"wp:attachment":[{"href":"https:\/\/blogs.univ-jfc.fr\/socio\/wp-json\/wp\/v2\/media?parent=171"}],"curies":[{"name":"wp","href":"https:\/\/api.w.org\/{rel}","templated":true}]}}