{"id":175,"date":"2014-09-04T15:22:52","date_gmt":"2014-09-04T14:22:52","guid":{"rendered":"http:\/\/blogs.univ-jfc.fr\/sociolab\/?page_id=175"},"modified":"2014-09-04T15:22:52","modified_gmt":"2014-09-04T14:22:52","slug":"le-dilemme-du-touriste-equipe","status":"publish","type":"page","link":"https:\/\/blogs.univ-jfc.fr\/socio\/le-dilemme-du-touriste-equipe\/","title":{"rendered":"Le dilemme du touriste \u00e9quip\u00e9"},"content":{"rendered":"<p>Article publi\u00e9 sur le site du Magazine <em>Mondes Sociaux<\/em> :<\/p>\n<p><a href=\"http:\/\/sms.hypotheses.org\/2514\">Le dilemme du touriste \u00e9quip\u00e9<\/a><\/p>\n","protected":false},"excerpt":{"rendered":"<p>Article publi\u00e9 sur le site du Magazine Mondes Sociaux : Le dilemme du touriste \u00e9quip\u00e9<\/p>\n","protected":false},"author":26,"featured_media":0,"parent":0,"menu_order":0,"comment_status":"closed","ping_status":"closed","template":"","meta":[],"_links":{"self":[{"href":"https:\/\/blogs.univ-jfc.fr\/socio\/wp-json\/wp\/v2\/pages\/175"}],"collection":[{"href":"https:\/\/blogs.univ-jfc.fr\/socio\/wp-json\/wp\/v2\/pages"}],"about":[{"href":"https:\/\/blogs.univ-jfc.fr\/socio\/wp-json\/wp\/v2\/types\/page"}],"author":[{"embeddable":true,"href":"https:\/\/blogs.univ-jfc.fr\/socio\/wp-json\/wp\/v2\/users\/26"}],"replies":[{"embeddable":true,"href":"https:\/\/blogs.univ-jfc.fr\/socio\/wp-json\/wp\/v2\/comments?post=175"}],"version-history":[{"count":2,"href":"https:\/\/blogs.univ-jfc.fr\/socio\/wp-json\/wp\/v2\/pages\/175\/revisions"}],"predecessor-version":[{"id":177,"href":"https:\/\/blogs.univ-jfc.fr\/socio\/wp-json\/wp\/v2\/pages\/175\/revisions\/177"}],"wp:attachment":[{"href":"https:\/\/blogs.univ-jfc.fr\/socio\/wp-json\/wp\/v2\/media?parent=175"}],"curies":[{"name":"wp","href":"https:\/\/api.w.org\/{rel}","templated":true}]}}