{"id":181,"date":"2014-10-18T19:27:15","date_gmt":"2014-10-18T18:27:15","guid":{"rendered":"http:\/\/blogs.univ-jfc.fr\/sociolab\/?page_id=181"},"modified":"2016-04-19T14:01:05","modified_gmt":"2016-04-19T13:01:05","slug":"cycle-de-conferences-innovations-plurielles","status":"publish","type":"page","link":"https:\/\/blogs.univ-jfc.fr\/socio\/cycle-de-conferences-innovations-plurielles\/","title":{"rendered":"Cycle de conf\u00e9rences \u00ab\u00a0Innovations Plurielles\u00a0\u00bb"},"content":{"rendered":"<p><em><strong>Ann\u00e9e universitaire 2015-2016<\/strong><\/em><\/p>\n<p><a href=\"http:\/\/blogs.univ-jfc.fr\/socio\/wp-content\/uploads\/sites\/23\/2014\/10\/InnovationsPlurielles1516-1-min-1.png\"><img loading=\"lazy\" class=\"alignnone size-medium wp-image-223\" alt=\"InnovationsPlurielles1516 (1)-min-1\" src=\"http:\/\/blogs.univ-jfc.fr\/socio\/wp-content\/uploads\/sites\/23\/2014\/10\/InnovationsPlurielles1516-1-min-1-150x300.png\" width=\"150\" height=\"300\" srcset=\"https:\/\/blogs.univ-jfc.fr\/socio\/wp-content\/uploads\/sites\/23\/2014\/10\/InnovationsPlurielles1516-1-min-1-150x300.png 150w, https:\/\/blogs.univ-jfc.fr\/socio\/wp-content\/uploads\/sites\/23\/2014\/10\/InnovationsPlurielles1516-1-min-1-512x1024.png 512w, https:\/\/blogs.univ-jfc.fr\/socio\/wp-content\/uploads\/sites\/23\/2014\/10\/InnovationsPlurielles1516-1-min-1.png 1654w\" sizes=\"(max-width: 150px) 100vw, 150px\" \/><\/a><\/p>\n<p>Voir le programme complet: <a title=\"Cycle de conf\u00e9rences Innovations Plurielles 2015\" href=\"http:\/\/www.univ-jfc.fr\/actu\/innovations-plurielles-20152016-0\">Cycle de conf\u00e9rences Innovations Plurielles 2015<\/a><\/p>\n<p><em><strong>Ann\u00e9e universitaire 2014-2015<\/strong><\/em><\/p>\n<p>Voir l&rsquo;affiche du cycle de conf\u00e9rences: <a href=\"http:\/\/blogs.univ-jfc.fr\/sociolab\/wp-content\/uploads\/sites\/23\/2014\/10\/innovationsplurielles.pdf\">innovationsplurielles<\/a><\/p>\n<p>Voir le programme complet: <a href=\"http:\/\/blogs.univ-jfc.fr\/sociolab\/wp-content\/uploads\/sites\/23\/2014\/10\/Cycle-de-conf\u00e9rences-Innovations-Plurielles-2014.pdf\">Cycle de conf\u00e9rences Innovations Plurielles 2014<\/a><\/p>\n","protected":false},"excerpt":{"rendered":"<p>Ann\u00e9e universitaire 2015-2016 Voir le programme complet: Cycle de conf\u00e9rences Innovations Plurielles 2015 Ann\u00e9e universitaire 2014-2015 Voir l&rsquo;affiche du cycle de conf\u00e9rences: innovationsplurielles Voir le programme complet: Cycle de conf\u00e9rences Innovations Plurielles 2014<\/p>\n","protected":false},"author":26,"featured_media":0,"parent":0,"menu_order":0,"comment_status":"closed","ping_status":"closed","template":"","meta":[],"_links":{"self":[{"href":"https:\/\/blogs.univ-jfc.fr\/socio\/wp-json\/wp\/v2\/pages\/181"}],"collection":[{"href":"https:\/\/blogs.univ-jfc.fr\/socio\/wp-json\/wp\/v2\/pages"}],"about":[{"href":"https:\/\/blogs.univ-jfc.fr\/socio\/wp-json\/wp\/v2\/types\/page"}],"author":[{"embeddable":true,"href":"https:\/\/blogs.univ-jfc.fr\/socio\/wp-json\/wp\/v2\/users\/26"}],"replies":[{"embeddable":true,"href":"https:\/\/blogs.univ-jfc.fr\/socio\/wp-json\/wp\/v2\/comments?post=181"}],"version-history":[{"count":5,"href":"https:\/\/blogs.univ-jfc.fr\/socio\/wp-json\/wp\/v2\/pages\/181\/revisions"}],"predecessor-version":[{"id":224,"href":"https:\/\/blogs.univ-jfc.fr\/socio\/wp-json\/wp\/v2\/pages\/181\/revisions\/224"}],"wp:attachment":[{"href":"https:\/\/blogs.univ-jfc.fr\/socio\/wp-json\/wp\/v2\/media?parent=181"}],"curies":[{"name":"wp","href":"https:\/\/api.w.org\/{rel}","templated":true}]}}