{"id":2,"date":"2013-08-01T13:00:10","date_gmt":"2013-08-01T13:00:10","guid":{"rendered":"http:\/\/blogs.univ-jfc.fr\/sociolab\/?page_id=2"},"modified":"2014-06-23T11:21:02","modified_gmt":"2014-06-23T10:21:02","slug":"page-d-exemple","status":"publish","type":"page","link":"https:\/\/blogs.univ-jfc.fr\/socio\/","title":{"rendered":"Le laboratoire et son objet"},"content":{"rendered":"<p><span style=\"color: #000000\"><a href=\"http:\/\/blogs.univ-jfc.fr\/sociolab\/wp-content\/uploads\/sites\/23\/2013\/08\/mus\u00e9e-cath\u00e9drale-premi\u00e8re-de-couv.jpg\"><span style=\"color: #000000\"><img loading=\"lazy\" class=\"alignnone size-medium wp-image-4\" alt=\"mus\u00e9e cath\u00e9drale premi\u00e8re de couv\" src=\"http:\/\/blogs.univ-jfc.fr\/sociolab\/wp-content\/uploads\/sites\/23\/2013\/08\/mus\u00e9e-cath\u00e9drale-premi\u00e8re-de-couv-300x199.jpg\" width=\"300\" height=\"199\" srcset=\"https:\/\/blogs.univ-jfc.fr\/socio\/wp-content\/uploads\/sites\/23\/2013\/08\/mus\u00e9e-cath\u00e9drale-premi\u00e8re-de-couv-300x199.jpg 300w, https:\/\/blogs.univ-jfc.fr\/socio\/wp-content\/uploads\/sites\/23\/2013\/08\/mus\u00e9e-cath\u00e9drale-premi\u00e8re-de-couv-624x415.jpg 624w, https:\/\/blogs.univ-jfc.fr\/socio\/wp-content\/uploads\/sites\/23\/2013\/08\/mus\u00e9e-cath\u00e9drale-premi\u00e8re-de-couv.jpg 926w\" sizes=\"(max-width: 300px) 100vw, 300px\" \/><\/span><\/a><\/span><\/p>\n<h5 style=\"text-align: justify\"><span style=\"color: #000000\"><em>Depuis plusieurs ann\u00e9es, les enseignants-chercheurs de la fili\u00e8re sociologie de l\u2019Universit\u00e9 d\u2019Albi m\u00e8nent \u2014 avec le concours de leurs \u00e9tudiants \u2014 des enqu\u00eates sur diff\u00e9rents objets. Une grande part des r\u00e9sultats de ces enqu\u00eates a \u00e9t\u00e9 publi\u00e9e dans diff\u00e9rentes revues sp\u00e9cialis\u00e9es dont les r\u00e9f\u00e9rences bibliographiques figurent dans la section pr\u00e9vue \u00e0 cet effet. N\u00e9anmoins, d\u2019autres r\u00e9sultats et analyses n\u2019ont pas encore \u00e9t\u00e9 publi\u00e9s et m\u00e9ritent, selon nous, d\u2019\u00eatre consultables par un lectorat plus large. Nous pensons tout particuli\u00e8rement aux personnes ayant accept\u00e9 de se pr\u00eater au jeu d\u2019une interview ou d\u2019un questionnaire et \u00e0 qui nous avons indiqu\u00e9 qu\u2019ils allaient bient\u00f4t pouvoir acc\u00e9der aux r\u00e9sultats de nos enqu\u00eates. Nous pensons \u00e9galement \u00e0 nos commanditaires, aux acteurs publics et priv\u00e9s de la ville d\u2019Albi mais aussi \u00e0 nos confr\u00e8res qui pourraient trouver un int\u00e9r\u00eat \u00e0 nous lire. Enfin, nous pensons \u00e0 tous ceux qui cheminant sur la toile sont arriv\u00e9s \u00e0 nos portes pour une raison ou pour une autre\u2026 \u00e0 ceux-ci comme aux autres nous souhaitons la bienvenue!<\/em><\/span><\/h5>\n","protected":false},"excerpt":{"rendered":"<p>Depuis plusieurs ann\u00e9es, les enseignants-chercheurs de la fili\u00e8re sociologie de l\u2019Universit\u00e9 d\u2019Albi m\u00e8nent \u2014 avec le concours de leurs \u00e9tudiants \u2014 des enqu\u00eates sur diff\u00e9rents objets. Une grande part des r\u00e9sultats de ces enqu\u00eates a \u00e9t\u00e9 publi\u00e9e dans diff\u00e9rentes revues &hellip; <a href=\"https:\/\/blogs.univ-jfc.fr\/socio\/\">Lire la suite <span class=\"meta-nav\">&rarr;<\/span><\/a><\/p>\n","protected":false},"author":26,"featured_media":0,"parent":0,"menu_order":0,"comment_status":"open","ping_status":"open","template":"sidebar-page.php","meta":[],"_links":{"self":[{"href":"https:\/\/blogs.univ-jfc.fr\/socio\/wp-json\/wp\/v2\/pages\/2"}],"collection":[{"href":"https:\/\/blogs.univ-jfc.fr\/socio\/wp-json\/wp\/v2\/pages"}],"about":[{"href":"https:\/\/blogs.univ-jfc.fr\/socio\/wp-json\/wp\/v2\/types\/page"}],"author":[{"embeddable":true,"href":"https:\/\/blogs.univ-jfc.fr\/socio\/wp-json\/wp\/v2\/users\/26"}],"replies":[{"embeddable":true,"href":"https:\/\/blogs.univ-jfc.fr\/socio\/wp-json\/wp\/v2\/comments?post=2"}],"version-history":[{"count":7,"href":"https:\/\/blogs.univ-jfc.fr\/socio\/wp-json\/wp\/v2\/pages\/2\/revisions"}],"predecessor-version":[{"id":150,"href":"https:\/\/blogs.univ-jfc.fr\/socio\/wp-json\/wp\/v2\/pages\/2\/revisions\/150"}],"wp:attachment":[{"href":"https:\/\/blogs.univ-jfc.fr\/socio\/wp-json\/wp\/v2\/media?parent=2"}],"curies":[{"name":"wp","href":"https:\/\/api.w.org\/{rel}","templated":true}]}}