{"id":225,"date":"2016-04-19T15:04:54","date_gmt":"2016-04-19T14:04:54","guid":{"rendered":"http:\/\/blogs.univ-jfc.fr\/socio\/?page_id=225"},"modified":"2016-04-19T15:04:54","modified_gmt":"2016-04-19T14:04:54","slug":"festival-du-court-sociologique-20152016","status":"publish","type":"page","link":"https:\/\/blogs.univ-jfc.fr\/socio\/festival-du-court-sociologique-20152016\/","title":{"rendered":"Festival du Court Sociologique 2015\/2016"},"content":{"rendered":"<p>Extraits choisis de la IV\u00b0 \u00e9dition du Festival:<\/p>\n<p><a title=\"Vid\u00e9oclips des laur\u00e9ats 2016\" href=\"https:\/\/youtu.be\/b_r64Tmicwg\">Vid\u00e9oclips des laur\u00e9ats<\/a><\/p>\n","protected":false},"excerpt":{"rendered":"<p>Extraits choisis de la IV\u00b0 \u00e9dition du Festival: Vid\u00e9oclips des laur\u00e9ats<\/p>\n","protected":false},"author":26,"featured_media":0,"parent":0,"menu_order":0,"comment_status":"closed","ping_status":"closed","template":"","meta":[],"_links":{"self":[{"href":"https:\/\/blogs.univ-jfc.fr\/socio\/wp-json\/wp\/v2\/pages\/225"}],"collection":[{"href":"https:\/\/blogs.univ-jfc.fr\/socio\/wp-json\/wp\/v2\/pages"}],"about":[{"href":"https:\/\/blogs.univ-jfc.fr\/socio\/wp-json\/wp\/v2\/types\/page"}],"author":[{"embeddable":true,"href":"https:\/\/blogs.univ-jfc.fr\/socio\/wp-json\/wp\/v2\/users\/26"}],"replies":[{"embeddable":true,"href":"https:\/\/blogs.univ-jfc.fr\/socio\/wp-json\/wp\/v2\/comments?post=225"}],"version-history":[{"count":1,"href":"https:\/\/blogs.univ-jfc.fr\/socio\/wp-json\/wp\/v2\/pages\/225\/revisions"}],"predecessor-version":[{"id":226,"href":"https:\/\/blogs.univ-jfc.fr\/socio\/wp-json\/wp\/v2\/pages\/225\/revisions\/226"}],"wp:attachment":[{"href":"https:\/\/blogs.univ-jfc.fr\/socio\/wp-json\/wp\/v2\/media?parent=225"}],"curies":[{"name":"wp","href":"https:\/\/api.w.org\/{rel}","templated":true}]}}