{"id":229,"date":"2016-12-13T23:18:18","date_gmt":"2016-12-13T22:18:18","guid":{"rendered":"http:\/\/blogs.univ-jfc.fr\/socio\/?page_id=229"},"modified":"2016-12-13T23:18:18","modified_gmt":"2016-12-13T22:18:18","slug":"conference-tourisme-identite-attractivite","status":"publish","type":"page","link":"https:\/\/blogs.univ-jfc.fr\/socio\/conference-tourisme-identite-attractivite\/","title":{"rendered":"Conf\u00e9rence \u00ab\u00a0Tourisme, Identit\u00e9, Attractivit\u00e9\u00a0\u00bb"},"content":{"rendered":"<p><a href=\"http:\/\/blogs.univ-jfc.fr\/socio\/wp-content\/uploads\/sites\/23\/2016\/12\/Conf\u00e9rence-6-d\u00e9cembre_TourismeIdentit\u00e9Attractivit\u00e9.pdf\">Conf\u00e9rence 6 d\u00e9cembre_Tourisme,Identit\u00e9,Attractivit\u00e9<\/a><\/p>\n","protected":false},"excerpt":{"rendered":"<p>Conf\u00e9rence 6 d\u00e9cembre_Tourisme,Identit\u00e9,Attractivit\u00e9<\/p>\n","protected":false},"author":26,"featured_media":0,"parent":0,"menu_order":0,"comment_status":"closed","ping_status":"closed","template":"","meta":[],"_links":{"self":[{"href":"https:\/\/blogs.univ-jfc.fr\/socio\/wp-json\/wp\/v2\/pages\/229"}],"collection":[{"href":"https:\/\/blogs.univ-jfc.fr\/socio\/wp-json\/wp\/v2\/pages"}],"about":[{"href":"https:\/\/blogs.univ-jfc.fr\/socio\/wp-json\/wp\/v2\/types\/page"}],"author":[{"embeddable":true,"href":"https:\/\/blogs.univ-jfc.fr\/socio\/wp-json\/wp\/v2\/users\/26"}],"replies":[{"embeddable":true,"href":"https:\/\/blogs.univ-jfc.fr\/socio\/wp-json\/wp\/v2\/comments?post=229"}],"version-history":[{"count":1,"href":"https:\/\/blogs.univ-jfc.fr\/socio\/wp-json\/wp\/v2\/pages\/229\/revisions"}],"predecessor-version":[{"id":231,"href":"https:\/\/blogs.univ-jfc.fr\/socio\/wp-json\/wp\/v2\/pages\/229\/revisions\/231"}],"wp:attachment":[{"href":"https:\/\/blogs.univ-jfc.fr\/socio\/wp-json\/wp\/v2\/media?parent=229"}],"curies":[{"name":"wp","href":"https:\/\/api.w.org\/{rel}","templated":true}]}}