{"id":257,"date":"2018-09-05T15:47:02","date_gmt":"2018-09-05T14:47:02","guid":{"rendered":"http:\/\/blogs.univ-jfc.fr\/socio\/?page_id=257"},"modified":"2018-09-05T15:47:02","modified_gmt":"2018-09-05T14:47:02","slug":"livret-3-les-albigeois-et-la-sectorisation-scolaire-a-lecole-primaire","status":"publish","type":"page","link":"https:\/\/blogs.univ-jfc.fr\/socio\/livret-3-les-albigeois-et-la-sectorisation-scolaire-a-lecole-primaire\/","title":{"rendered":"Livret 3: Les Albigeois et la sectorisation scolaire \u00e0 l&rsquo;\u00e9cole primaire"},"content":{"rendered":"<p>Consulter \u00e0 l&rsquo;<a href=\"https:\/\/www.researchgate.net\/publication\/327437092_Les_Albigeois_et_la_sectorisation_a_l%27ecole_primaire\">adresse suivante<\/a><\/p>\n","protected":false},"excerpt":{"rendered":"<p>Consulter \u00e0 l&rsquo;adresse suivante<\/p>\n","protected":false},"author":26,"featured_media":0,"parent":0,"menu_order":0,"comment_status":"closed","ping_status":"closed","template":"","meta":[],"_links":{"self":[{"href":"https:\/\/blogs.univ-jfc.fr\/socio\/wp-json\/wp\/v2\/pages\/257"}],"collection":[{"href":"https:\/\/blogs.univ-jfc.fr\/socio\/wp-json\/wp\/v2\/pages"}],"about":[{"href":"https:\/\/blogs.univ-jfc.fr\/socio\/wp-json\/wp\/v2\/types\/page"}],"author":[{"embeddable":true,"href":"https:\/\/blogs.univ-jfc.fr\/socio\/wp-json\/wp\/v2\/users\/26"}],"replies":[{"embeddable":true,"href":"https:\/\/blogs.univ-jfc.fr\/socio\/wp-json\/wp\/v2\/comments?post=257"}],"version-history":[{"count":2,"href":"https:\/\/blogs.univ-jfc.fr\/socio\/wp-json\/wp\/v2\/pages\/257\/revisions"}],"predecessor-version":[{"id":259,"href":"https:\/\/blogs.univ-jfc.fr\/socio\/wp-json\/wp\/v2\/pages\/257\/revisions\/259"}],"wp:attachment":[{"href":"https:\/\/blogs.univ-jfc.fr\/socio\/wp-json\/wp\/v2\/media?parent=257"}],"curies":[{"name":"wp","href":"https:\/\/api.w.org\/{rel}","templated":true}]}}