{"id":58,"date":"2014-04-10T16:32:04","date_gmt":"2014-04-10T15:32:04","guid":{"rendered":"http:\/\/blogs.univ-jfc.fr\/sociolab\/?page_id=58"},"modified":"2014-12-16T08:40:27","modified_gmt":"2014-12-16T07:40:27","slug":"les-membres-du-sociolab-dalbi","status":"publish","type":"page","link":"https:\/\/blogs.univ-jfc.fr\/socio\/les-membres-du-sociolab-dalbi\/","title":{"rendered":"Les membres du laboratoire"},"content":{"rendered":"<ul>\n<li>\n<h6 style=\"text-align: justify\">C\u00e9dric Calvignac, Ma\u00eetre de conf\u00e9rences, CUFR J.-F. Champollion\/ CERTOP (UMR 5044), <span style=\"color: #cc99ff\">http:\/\/www.univ-jfc.fr\/u\/ccalvign<\/span><\/h6>\n<\/li>\n<li>\n<h6 style=\"text-align: justify\">Ygal Fijalkow, Ma\u00eetre de conf\u00e9rences, CUFR J.-F. Champollion\/ CERTOP (UMR 5044), <span style=\"color: #cc99ff\">http:\/\/www.univ-jfc.fr\/u\/yfijalko<\/span><\/h6>\n<\/li>\n<li>\n<h6 style=\"text-align: justify\">Christophe Jalaudin, Ma\u00eetre de conf\u00e9rences, CUFR J.-F. Champollion\/ LISST-CERS (UMR 5193), <span style=\"color: #cc99ff\">http:\/\/www.univ-jfc.fr\/u\/cjalaudi<\/span><\/h6>\n<\/li>\n<li>\n<h6 style=\"text-align: justify\">Mich\u00e8le Lalanne, Professeur d&rsquo;universit\u00e9s, CUFR J.-F. Champollion\/ CERTOP (UMR 5044), <span style=\"color: #cc99ff\">http:\/\/www.univ-jfc.fr\/u\/mlalanne<\/span><\/h6>\n<\/li>\n<li>\n<h6 style=\"text-align: justify\">Elsa Martin, Doctorante et charg\u00e9e de cours, CUFR J.-F. Champollion\/ CERTOP (UMR 5044)<\/h6>\n<\/li>\n<\/ul>\n","protected":false},"excerpt":{"rendered":"<p>C\u00e9dric Calvignac, Ma\u00eetre de conf\u00e9rences, CUFR J.-F. Champollion\/ CERTOP (UMR 5044), http:\/\/www.univ-jfc.fr\/u\/ccalvign Ygal Fijalkow, Ma\u00eetre de conf\u00e9rences, CUFR J.-F. Champollion\/ CERTOP (UMR 5044), http:\/\/www.univ-jfc.fr\/u\/yfijalko Christophe Jalaudin, Ma\u00eetre de conf\u00e9rences, CUFR J.-F. Champollion\/ LISST-CERS (UMR 5193), http:\/\/www.univ-jfc.fr\/u\/cjalaudi Mich\u00e8le Lalanne, Professeur d&rsquo;universit\u00e9s, &hellip; <a href=\"https:\/\/blogs.univ-jfc.fr\/socio\/les-membres-du-sociolab-dalbi\/\">Lire la suite <span class=\"meta-nav\">&rarr;<\/span><\/a><\/p>\n","protected":false},"author":26,"featured_media":0,"parent":0,"menu_order":0,"comment_status":"closed","ping_status":"closed","template":"","meta":[],"_links":{"self":[{"href":"https:\/\/blogs.univ-jfc.fr\/socio\/wp-json\/wp\/v2\/pages\/58"}],"collection":[{"href":"https:\/\/blogs.univ-jfc.fr\/socio\/wp-json\/wp\/v2\/pages"}],"about":[{"href":"https:\/\/blogs.univ-jfc.fr\/socio\/wp-json\/wp\/v2\/types\/page"}],"author":[{"embeddable":true,"href":"https:\/\/blogs.univ-jfc.fr\/socio\/wp-json\/wp\/v2\/users\/26"}],"replies":[{"embeddable":true,"href":"https:\/\/blogs.univ-jfc.fr\/socio\/wp-json\/wp\/v2\/comments?post=58"}],"version-history":[{"count":9,"href":"https:\/\/blogs.univ-jfc.fr\/socio\/wp-json\/wp\/v2\/pages\/58\/revisions"}],"predecessor-version":[{"id":192,"href":"https:\/\/blogs.univ-jfc.fr\/socio\/wp-json\/wp\/v2\/pages\/58\/revisions\/192"}],"wp:attachment":[{"href":"https:\/\/blogs.univ-jfc.fr\/socio\/wp-json\/wp\/v2\/media?parent=58"}],"curies":[{"name":"wp","href":"https:\/\/api.w.org\/{rel}","templated":true}]}}