{"id":1007,"date":"2019-04-16T07:41:10","date_gmt":"2019-04-16T06:41:10","guid":{"rendered":"http:\/\/blogs.univ-jfc.fr\/studium\/?page_id=1007"},"modified":"2020-10-11T07:35:06","modified_gmt":"2020-10-11T06:35:06","slug":"presse-et-vulgarisation","status":"publish","type":"page","link":"https:\/\/blogs.univ-jfc.fr\/studium\/actualites\/presse-et-vulgarisation\/","title":{"rendered":"Presse et vulgarisation"},"content":{"rendered":"<p style=\"text-align: left\"><a href=\"http:\/\/blogs.univ-jfc.fr\/studium\/wp-content\/uploads\/sites\/44\/2020\/10\/sw.jpg\"><img loading=\"lazy\" class=\" wp-image-1784 aligncenter\" src=\"http:\/\/blogs.univ-jfc.fr\/studium\/wp-content\/uploads\/sites\/44\/2020\/10\/sw-300x169.jpg\" alt=\"\" width=\"351\" height=\"198\" srcset=\"https:\/\/blogs.univ-jfc.fr\/studium\/wp-content\/uploads\/sites\/44\/2020\/10\/sw-300x169.jpg 300w, https:\/\/blogs.univ-jfc.fr\/studium\/wp-content\/uploads\/sites\/44\/2020\/10\/sw-768x432.jpg 768w, https:\/\/blogs.univ-jfc.fr\/studium\/wp-content\/uploads\/sites\/44\/2020\/10\/sw-1024x576.jpg 1024w, https:\/\/blogs.univ-jfc.fr\/studium\/wp-content\/uploads\/sites\/44\/2020\/10\/sw.jpg 1088w\" sizes=\"(max-width: 351px) 100vw, 351px\" \/><\/a><\/p>\n<blockquote class=\"wp-embedded-content\" data-secret=\"cC0dqwuGKp\"><p><a href=\"http:\/\/blogs.univ-jfc.fr\/studium\/2020\/04\/24\/article-dolivier-hoibian-dans-liberation\/\">Article d&rsquo;Olivier Hoibian dans Lib\u00e9ration<\/a><\/p><\/blockquote>\n<p><iframe class=\"wp-embedded-content\" sandbox=\"allow-scripts\" security=\"restricted\" style=\"position: absolute; clip: rect(1px, 1px, 1px, 1px);\" src=\"http:\/\/blogs.univ-jfc.fr\/studium\/2020\/04\/24\/article-dolivier-hoibian-dans-liberation\/embed\/#?secret=cC0dqwuGKp\" data-secret=\"cC0dqwuGKp\" width=\"600\" height=\"338\" title=\"&laquo;&nbsp;Article d&rsquo;Olivier Hoibian dans Lib\u00e9ration&nbsp;&raquo; &#8212; Studium\" frameborder=\"0\" marginwidth=\"0\" marginheight=\"0\" scrolling=\"no\"><\/iframe><\/p>\n<p>&nbsp;<\/p>\n<blockquote class=\"twitter-tweet\" data-width=\"550\">\n<p lang=\"fr\" dir=\"ltr\">Histoire de l&#39;<a href=\"https:\/\/twitter.com\/Univ_Toulouse?ref_src=twsrc%5Etfw\">@Univ_Toulouse<\/a> : &quot;un instrument d&#39;une richesse incroyable&quot;, selon <a href=\"https:\/\/twitter.com\/phraimbault?ref_src=twsrc%5Etfw\">@phraimbault<\/a>, qui permet &quot;dans un contexte compl\u00e8tement renouvel\u00e9 par une internationalisation qui est aujourd&#39;hui tr\u00e8s forte de trouver des \u00e9l\u00e9ments d&#39;inspiration et de r\u00e9flexion [\u2026]&quot; <a href=\"https:\/\/t.co\/bKOmVJFZgE\">pic.twitter.com\/bKOmVJFZgE<\/a><\/p>\n<p>&mdash; seiden bernard (@edimip) <a href=\"https:\/\/twitter.com\/edimip\/status\/1215334075281674247?ref_src=twsrc%5Etfw\">January 9, 2020<\/a><\/p><\/blockquote>\n<p><script async src=\"https:\/\/platform.twitter.com\/widgets.js\" charset=\"utf-8\"><\/script><\/p>\n<p>&nbsp;<\/p>\n<blockquote class=\"wp-embedded-content\" data-secret=\"02rBiY3oK4\"><p><a href=\"http:\/\/blogs.univ-jfc.fr\/studium\/2019\/11\/17\/olivier-loubes-et-natacha-laurent-sur-france-culture\/\">OLIVIER LOUBES ET NATACHA LAURENT SUR FRANCE CULTURE (15.11.2019)<\/a><\/p><\/blockquote>\n<p><iframe class=\"wp-embedded-content\" sandbox=\"allow-scripts\" security=\"restricted\" style=\"position: absolute; clip: rect(1px, 1px, 1px, 1px);\" src=\"http:\/\/blogs.univ-jfc.fr\/studium\/2019\/11\/17\/olivier-loubes-et-natacha-laurent-sur-france-culture\/embed\/#?secret=02rBiY3oK4\" data-secret=\"02rBiY3oK4\" width=\"600\" height=\"338\" title=\"&laquo;&nbsp;OLIVIER LOUBES ET NATACHA LAURENT SUR FRANCE CULTURE (15.11.2019)&nbsp;&raquo; &#8212; Studium\" frameborder=\"0\" marginwidth=\"0\" marginheight=\"0\" scrolling=\"no\"><\/iframe><\/p>\n<blockquote class=\"wp-embedded-content\" data-secret=\"LgQkc9fGsg\"><p><a href=\"http:\/\/blogs.univ-jfc.fr\/studium\/2019\/05\/23\/podcast-remy-cazals-sur-les-fraternisations-europeennes-mai-2019\/\">Podcast &#8211; R\u00e9my Cazals sur les fraternisations europ\u00e9ennes, mai 2019<\/a><\/p><\/blockquote>\n<p><iframe class=\"wp-embedded-content\" sandbox=\"allow-scripts\" security=\"restricted\" style=\"position: absolute; clip: rect(1px, 1px, 1px, 1px);\" src=\"http:\/\/blogs.univ-jfc.fr\/studium\/2019\/05\/23\/podcast-remy-cazals-sur-les-fraternisations-europeennes-mai-2019\/embed\/#?secret=LgQkc9fGsg\" data-secret=\"LgQkc9fGsg\" width=\"600\" height=\"338\" title=\"&laquo;&nbsp;Podcast &#8211; R\u00e9my Cazals sur les fraternisations europ\u00e9ennes, mai 2019&nbsp;&raquo; &#8212; Studium\" frameborder=\"0\" marginwidth=\"0\" marginheight=\"0\" scrolling=\"no\"><\/iframe><\/p>\n<blockquote class=\"wp-embedded-content\" data-secret=\"K2BlaXeglW\"><p><a href=\"http:\/\/blogs.univ-jfc.fr\/studium\/2019\/05\/22\/francois-icher-dans-le-monde-du-21-mai-2019\/\">Presse : Fran\u00e7ois Icher dans le Monde du 21 mai 2019<\/a><\/p><\/blockquote>\n<p><iframe class=\"wp-embedded-content\" sandbox=\"allow-scripts\" security=\"restricted\" style=\"position: absolute; clip: rect(1px, 1px, 1px, 1px);\" src=\"http:\/\/blogs.univ-jfc.fr\/studium\/2019\/05\/22\/francois-icher-dans-le-monde-du-21-mai-2019\/embed\/#?secret=K2BlaXeglW\" data-secret=\"K2BlaXeglW\" width=\"600\" height=\"338\" title=\"&laquo;&nbsp;Presse : Fran\u00e7ois Icher dans le Monde du 21 mai 2019&nbsp;&raquo; &#8212; Studium\" frameborder=\"0\" marginwidth=\"0\" marginheight=\"0\" scrolling=\"no\"><\/iframe><\/p>\n<blockquote class=\"wp-embedded-content\" data-secret=\"RVg3trcax9\"><p><a href=\"http:\/\/blogs.univ-jfc.fr\/studium\/2019\/04\/16\/presse-lecole-des-parents-et-la-cour-de-recreation\/\">PRESSE &#8211; L&rsquo;\u00e9cole des parents et la cour de r\u00e9cr\u00e9ation<\/a><\/p><\/blockquote>\n<p><iframe class=\"wp-embedded-content\" sandbox=\"allow-scripts\" security=\"restricted\" style=\"position: absolute; clip: rect(1px, 1px, 1px, 1px);\" src=\"http:\/\/blogs.univ-jfc.fr\/studium\/2019\/04\/16\/presse-lecole-des-parents-et-la-cour-de-recreation\/embed\/#?secret=RVg3trcax9\" data-secret=\"RVg3trcax9\" width=\"600\" height=\"338\" title=\"&laquo;&nbsp;PRESSE &#8211; L&rsquo;\u00e9cole des parents et la cour de r\u00e9cr\u00e9ation&nbsp;&raquo; &#8212; Studium\" frameborder=\"0\" marginwidth=\"0\" marginheight=\"0\" scrolling=\"no\"><\/iframe><\/p>\n<p>&nbsp;<\/p>\n","protected":false},"excerpt":{"rendered":"<p>Article d&rsquo;Olivier Hoibian dans Lib\u00e9ration &nbsp; Histoire de l&#39;@Univ_Toulouse : &quot;un instrument d&#39;une richesse incroyable&quot;, selon @phraimbault, qui permet &quot;dans un contexte compl\u00e8tement renouvel\u00e9 par une internationalisation qui est aujourd&#39;hui tr\u00e8s forte de trouver des \u00e9l\u00e9ments d&#39;inspiration et de r\u00e9flexion [\u2026]&quot; pic.twitter.com\/bKOmVJFZgE &mdash; seiden bernard (@edimip) January 9, 2020 &nbsp; OLIVIER LOUBES ET NATACHA LAURENT &hellip; <a href=\"https:\/\/blogs.univ-jfc.fr\/studium\/actualites\/presse-et-vulgarisation\/\" class=\"more-link\">Continuer la lecture de <span class=\"screen-reader-text\">Presse et vulgarisation<\/span> <span class=\"meta-nav\">&rarr;<\/span><\/a><\/p>\n","protected":false},"author":19,"featured_media":0,"parent":178,"menu_order":4,"comment_status":"closed","ping_status":"closed","template":"","meta":[],"_links":{"self":[{"href":"https:\/\/blogs.univ-jfc.fr\/studium\/wp-json\/wp\/v2\/pages\/1007"}],"collection":[{"href":"https:\/\/blogs.univ-jfc.fr\/studium\/wp-json\/wp\/v2\/pages"}],"about":[{"href":"https:\/\/blogs.univ-jfc.fr\/studium\/wp-json\/wp\/v2\/types\/page"}],"author":[{"embeddable":true,"href":"https:\/\/blogs.univ-jfc.fr\/studium\/wp-json\/wp\/v2\/users\/19"}],"replies":[{"embeddable":true,"href":"https:\/\/blogs.univ-jfc.fr\/studium\/wp-json\/wp\/v2\/comments?post=1007"}],"version-history":[{"count":17,"href":"https:\/\/blogs.univ-jfc.fr\/studium\/wp-json\/wp\/v2\/pages\/1007\/revisions"}],"predecessor-version":[{"id":1790,"href":"https:\/\/blogs.univ-jfc.fr\/studium\/wp-json\/wp\/v2\/pages\/1007\/revisions\/1790"}],"up":[{"embeddable":true,"href":"https:\/\/blogs.univ-jfc.fr\/studium\/wp-json\/wp\/v2\/pages\/178"}],"wp:attachment":[{"href":"https:\/\/blogs.univ-jfc.fr\/studium\/wp-json\/wp\/v2\/media?parent=1007"}],"curies":[{"name":"wp","href":"https:\/\/api.w.org\/{rel}","templated":true}]}}