{"id":109,"date":"2015-04-03T14:31:50","date_gmt":"2015-04-03T13:31:50","guid":{"rendered":"http:\/\/blogs.univ-jfc.fr\/studium\/?page_id=109"},"modified":"2021-10-11T10:17:21","modified_gmt":"2021-10-11T09:17:21","slug":"chantier-2-savoirs-contenus-gens-de-savoir","status":"publish","type":"page","link":"https:\/\/blogs.univ-jfc.fr\/studium\/les-projets\/chantier-2-savoirs-contenus-gens-de-savoir\/","title":{"rendered":"Chantier 1  : Histoire de l&rsquo;\u00e9ducation"},"content":{"rendered":"<p style=\"text-align: justify\"><strong>Plusieurs axes sont retenus<\/strong><\/p>\n<ul>\n<li><strong><em>Exercices du corps et formation de la jeunesse<\/em><\/strong><\/li>\n<\/ul>\n<p><span style=\"color: #800000\"><b>Membre (s) concern\u00e9s.\u00e9es<\/b><\/span> : Olivier Hiobian (responsable), Serge Vaucelle, Guy Astoul.<\/p>\n<ul>\n<li><strong>\u00c9l\u00e8ves et \u00e9tudiants<\/strong><\/li>\n<\/ul>\n<p><span style=\"color: #800000\"><b>Membre (s) concern\u00e9s.\u00e9es<\/b><\/span> : Guy Astoul, Caroline Barrera, V\u00e9ronique Castagnet, Patrice Foissac, Patrick Fert\u00e9, Fran\u00e7ois Icher, Isabelle Lacoue-Labarthe, Ana\u00efs LEWEZYK-JANSSEN, Olivier Loubes, Jacques Cantier, Etienne Bordes, Marie-Th\u00e9r\u00e8se Duffau.<\/p>\n<p><strong><span style=\"color: #800000\">Actions en cours<\/span><\/strong> :<\/p>\n<p>&#8211; voir chantier 5 Bases de donn\u00e9es prosopographiques : Base CaEN (Patrick Fert\u00e9).<\/p>\n<ul>\n<li><strong>Structures \u00e9ducatives et p\u00e9dagogies<br \/>\n<\/strong><\/li>\n<\/ul>\n<p style=\"text-align: justify\"><span style=\"color: #800000\"><b>Membre (s) concern\u00e9s.\u00e9es<\/b><\/span> :<b>\u00a0 <\/b>V\u00e9ronique Castagnet (responsable), Guy Astoul, Caroline Barrera, Patrick Fert\u00e9, Patrice Foissac, Olivier Loubes, Benoit Falaize, Fran\u00e7ois Icher.<\/p>\n<ul>\n<li style=\"text-align: justify\"><strong>Genre<\/strong><\/li>\n<\/ul>\n<p><span style=\"color: #800000\"><b>Membre (s) concern\u00e9s.\u00e9es<\/b><\/span> : Caroline Barrera, V\u00e9ronique Castagnet, Sylvie Chaperon, Isabelle Lacoue-Labarthe.<\/p>\n","protected":false},"excerpt":{"rendered":"<p>Plusieurs axes sont retenus Exercices du corps et formation de la jeunesse Membre (s) concern\u00e9s.\u00e9es : Olivier Hiobian (responsable), Serge Vaucelle, Guy Astoul. \u00c9l\u00e8ves et \u00e9tudiants Membre (s) concern\u00e9s.\u00e9es : Guy Astoul, Caroline Barrera, V\u00e9ronique Castagnet, Patrice Foissac, Patrick Fert\u00e9, Fran\u00e7ois Icher, Isabelle Lacoue-Labarthe, Ana\u00efs LEWEZYK-JANSSEN, Olivier Loubes, Jacques Cantier, Etienne Bordes, Marie-Th\u00e9r\u00e8se Duffau. Actions &hellip; <a href=\"https:\/\/blogs.univ-jfc.fr\/studium\/les-projets\/chantier-2-savoirs-contenus-gens-de-savoir\/\" class=\"more-link\">Continuer la lecture de <span class=\"screen-reader-text\">Chantier 1  : Histoire de l&rsquo;\u00e9ducation<\/span> <span class=\"meta-nav\">&rarr;<\/span><\/a><\/p>\n","protected":false},"author":19,"featured_media":0,"parent":15,"menu_order":1,"comment_status":"closed","ping_status":"closed","template":"","meta":[],"_links":{"self":[{"href":"https:\/\/blogs.univ-jfc.fr\/studium\/wp-json\/wp\/v2\/pages\/109"}],"collection":[{"href":"https:\/\/blogs.univ-jfc.fr\/studium\/wp-json\/wp\/v2\/pages"}],"about":[{"href":"https:\/\/blogs.univ-jfc.fr\/studium\/wp-json\/wp\/v2\/types\/page"}],"author":[{"embeddable":true,"href":"https:\/\/blogs.univ-jfc.fr\/studium\/wp-json\/wp\/v2\/users\/19"}],"replies":[{"embeddable":true,"href":"https:\/\/blogs.univ-jfc.fr\/studium\/wp-json\/wp\/v2\/comments?post=109"}],"version-history":[{"count":14,"href":"https:\/\/blogs.univ-jfc.fr\/studium\/wp-json\/wp\/v2\/pages\/109\/revisions"}],"predecessor-version":[{"id":2221,"href":"https:\/\/blogs.univ-jfc.fr\/studium\/wp-json\/wp\/v2\/pages\/109\/revisions\/2221"}],"up":[{"embeddable":true,"href":"https:\/\/blogs.univ-jfc.fr\/studium\/wp-json\/wp\/v2\/pages\/15"}],"wp:attachment":[{"href":"https:\/\/blogs.univ-jfc.fr\/studium\/wp-json\/wp\/v2\/media?parent=109"}],"curies":[{"name":"wp","href":"https:\/\/api.w.org\/{rel}","templated":true}]}}