{"id":115,"date":"2015-04-03T14:35:59","date_gmt":"2015-04-03T13:35:59","guid":{"rendered":"http:\/\/blogs.univ-jfc.fr\/studium\/?page_id=115"},"modified":"2021-10-11T10:17:58","modified_gmt":"2021-10-11T09:17:58","slug":"chantier-4-bibliotheques-patrimoines-de-leducation-et-diffusions-culturelles","status":"publish","type":"page","link":"https:\/\/blogs.univ-jfc.fr\/studium\/les-projets\/chantier-4-bibliotheques-patrimoines-de-leducation-et-diffusions-culturelles\/","title":{"rendered":"Chantier 2 : Culture, diffusions culturelles"},"content":{"rendered":"<p>Plusieurs axes sont retenus<\/p>\n<ul>\n<li><strong>Livres et lectures<\/strong><br \/>\n<span style=\"color: #800000\"><b>Membre (s) concern\u00e9s<\/b>\u00a0: <span style=\"color: #000000\">Jacques Cantier (responsable), Marie-Th\u00e9r\u00e8se Duffau, V\u00e9ronique Castagnet.<\/span><\/span><span style=\"color: #800000\"><br \/>\n<\/span><\/li>\n<\/ul>\n<p><span style=\"color: #800000\"><b>Actions en 2019-2020 <\/b>:<br \/>\n<\/span><\/p>\n<ul>\n<li><strong>L&rsquo;\u00e9ducation au patrimoine \/ Patrimoine<\/strong><\/li>\n<\/ul>\n<p><span style=\"color: #800000\"><b>Membre (s) concern\u00e9s<\/b>\u00a0: V<span style=\"color: #000000\">\u00e9ronique Castagnet (responsable), Caroline Barrera, Serge Vaucelle.<\/span><\/span><\/p>\n<ul>\n<li><strong>Les biblioth\u00e8ques<\/strong><\/li>\n<\/ul>\n<p><span style=\"color: #800000\"><b>Membre (s) concern\u00e9s<\/b>\u00a0: V<span style=\"color: #000000\">\u00e9ronique Castagnet (responsable), Marie-Th\u00e9r\u00e8se Duffau, Jacques Cantier, Guy Astoul.<\/span><\/span><\/p>\n<ul>\n<li>S\u00e9minaire-atelier : Les biblioth\u00e8ques<\/li>\n<li>Histoire des biblioth\u00e8ques des coll\u00e8ges j\u00e9suites des provinces fran\u00e7aises de la Compagnie\u00a0: constitution, composition et usages p\u00e9dagogiques (V\u00e9ronique\u00a0Castagnet).\n<div class=\"header-main\"><\/div>\n<\/li>\n<\/ul>\n","protected":false},"excerpt":{"rendered":"<p>Plusieurs axes sont retenus Livres et lectures Membre (s) concern\u00e9s\u00a0: Jacques Cantier (responsable), Marie-Th\u00e9r\u00e8se Duffau, V\u00e9ronique Castagnet. Actions en 2019-2020 : L&rsquo;\u00e9ducation au patrimoine \/ Patrimoine Membre (s) concern\u00e9s\u00a0: V\u00e9ronique Castagnet (responsable), Caroline Barrera, Serge Vaucelle. Les biblioth\u00e8ques Membre (s) concern\u00e9s\u00a0: V\u00e9ronique Castagnet (responsable), Marie-Th\u00e9r\u00e8se Duffau, Jacques Cantier, Guy Astoul. S\u00e9minaire-atelier : Les biblioth\u00e8ques Histoire &hellip; <a href=\"https:\/\/blogs.univ-jfc.fr\/studium\/les-projets\/chantier-4-bibliotheques-patrimoines-de-leducation-et-diffusions-culturelles\/\" class=\"more-link\">Continuer la lecture de <span class=\"screen-reader-text\">Chantier 2 : Culture, diffusions culturelles<\/span> <span class=\"meta-nav\">&rarr;<\/span><\/a><\/p>\n","protected":false},"author":19,"featured_media":0,"parent":15,"menu_order":3,"comment_status":"closed","ping_status":"closed","template":"","meta":[],"_links":{"self":[{"href":"https:\/\/blogs.univ-jfc.fr\/studium\/wp-json\/wp\/v2\/pages\/115"}],"collection":[{"href":"https:\/\/blogs.univ-jfc.fr\/studium\/wp-json\/wp\/v2\/pages"}],"about":[{"href":"https:\/\/blogs.univ-jfc.fr\/studium\/wp-json\/wp\/v2\/types\/page"}],"author":[{"embeddable":true,"href":"https:\/\/blogs.univ-jfc.fr\/studium\/wp-json\/wp\/v2\/users\/19"}],"replies":[{"embeddable":true,"href":"https:\/\/blogs.univ-jfc.fr\/studium\/wp-json\/wp\/v2\/comments?post=115"}],"version-history":[{"count":14,"href":"https:\/\/blogs.univ-jfc.fr\/studium\/wp-json\/wp\/v2\/pages\/115\/revisions"}],"predecessor-version":[{"id":2222,"href":"https:\/\/blogs.univ-jfc.fr\/studium\/wp-json\/wp\/v2\/pages\/115\/revisions\/2222"}],"up":[{"embeddable":true,"href":"https:\/\/blogs.univ-jfc.fr\/studium\/wp-json\/wp\/v2\/pages\/15"}],"wp:attachment":[{"href":"https:\/\/blogs.univ-jfc.fr\/studium\/wp-json\/wp\/v2\/media?parent=115"}],"curies":[{"name":"wp","href":"https:\/\/api.w.org\/{rel}","templated":true}]}}