{"id":1169,"date":"2019-04-22T15:38:20","date_gmt":"2019-04-22T14:38:20","guid":{"rendered":"http:\/\/blogs.univ-jfc.fr\/studium\/?page_id=1169"},"modified":"2019-04-22T15:43:47","modified_gmt":"2019-04-22T14:43:47","slug":"seminaire-du-8-02-2019","status":"publish","type":"page","link":"https:\/\/blogs.univ-jfc.fr\/studium\/galerie-photographique\/seminaire-du-8-02-2019\/","title":{"rendered":"Les biblioth\u00e8ques scolaires 8.02.2019"},"content":{"rendered":"<p>S\u00e9minaire Studium consacr\u00e9 aux biblioth\u00e8ques scolaires, organis\u00e9 par V\u00e9ronique Castagnet-Lars<\/p>\n<p style=\"text-align: center\"><a href=\"http:\/\/blogs.univ-jfc.fr\/studium\/wp-content\/uploads\/sites\/44\/2019\/04\/IMG_20190208_100627289.jpg\"><img loading=\"lazy\" class=\" wp-image-1165 aligncenter\" src=\"http:\/\/blogs.univ-jfc.fr\/studium\/wp-content\/uploads\/sites\/44\/2019\/04\/IMG_20190208_100627289-300x169.jpg\" alt=\"\" width=\"343\" height=\"193\" srcset=\"https:\/\/blogs.univ-jfc.fr\/studium\/wp-content\/uploads\/sites\/44\/2019\/04\/IMG_20190208_100627289-300x169.jpg 300w, https:\/\/blogs.univ-jfc.fr\/studium\/wp-content\/uploads\/sites\/44\/2019\/04\/IMG_20190208_100627289-768x432.jpg 768w, https:\/\/blogs.univ-jfc.fr\/studium\/wp-content\/uploads\/sites\/44\/2019\/04\/IMG_20190208_100627289-1024x576.jpg 1024w\" sizes=\"(max-width: 343px) 100vw, 343px\" \/><\/a>Communication de V\u00e9ronique Castagnet-Lars (au centre). Maison de la recherche, Universit\u00e9 de Toulouse 2, 8 f\u00e9vrier 2019. A sa gauche Marielle Mouranche, \u00e0 sa droite Jacques Cantier et Guy Astoul.<\/p>\n<p style=\"text-align: center\"><a href=\"http:\/\/blogs.univ-jfc.fr\/studium\/wp-content\/uploads\/sites\/44\/2019\/04\/IMG_20190208_115532554.jpg\"><img loading=\"lazy\" class=\" wp-image-1166 aligncenter\" src=\"http:\/\/blogs.univ-jfc.fr\/studium\/wp-content\/uploads\/sites\/44\/2019\/04\/IMG_20190208_115532554-300x169.jpg\" alt=\"\" width=\"298\" height=\"168\" srcset=\"https:\/\/blogs.univ-jfc.fr\/studium\/wp-content\/uploads\/sites\/44\/2019\/04\/IMG_20190208_115532554-300x169.jpg 300w, https:\/\/blogs.univ-jfc.fr\/studium\/wp-content\/uploads\/sites\/44\/2019\/04\/IMG_20190208_115532554-768x432.jpg 768w, https:\/\/blogs.univ-jfc.fr\/studium\/wp-content\/uploads\/sites\/44\/2019\/04\/IMG_20190208_115532554-1024x576.jpg 1024w\" sizes=\"(max-width: 298px) 100vw, 298px\" \/><\/a>Communication de Guy Astoul (au centre). Maison de la recherche, Universit\u00e9 de Toulouse 2, 8 f\u00e9vrier 2019. A sa gauche Marielle Mouranche, \u00e0 sa droite Jacques Cantier<\/p>\n<p><a href=\"http:\/\/blogs.univ-jfc.fr\/studium\/wp-content\/uploads\/sites\/44\/2019\/04\/IMG_20190208_123439657_HDR.jpg\"><img loading=\"lazy\" class=\"size-medium wp-image-1167 aligncenter\" src=\"http:\/\/blogs.univ-jfc.fr\/studium\/wp-content\/uploads\/sites\/44\/2019\/04\/IMG_20190208_123439657_HDR-300x169.jpg\" alt=\"\" width=\"300\" height=\"169\" srcset=\"https:\/\/blogs.univ-jfc.fr\/studium\/wp-content\/uploads\/sites\/44\/2019\/04\/IMG_20190208_123439657_HDR-300x169.jpg 300w, https:\/\/blogs.univ-jfc.fr\/studium\/wp-content\/uploads\/sites\/44\/2019\/04\/IMG_20190208_123439657_HDR-768x432.jpg 768w, https:\/\/blogs.univ-jfc.fr\/studium\/wp-content\/uploads\/sites\/44\/2019\/04\/IMG_20190208_123439657_HDR-1024x576.jpg 1024w\" sizes=\"(max-width: 300px) 100vw, 300px\" \/><\/a>Communication de Jacques Cantier. Maison de la recherche, Universit\u00e9 de Toulouse 2, 8 f\u00e9vrier 2019.<\/p>\n","protected":false},"excerpt":{"rendered":"<p>S\u00e9minaire Studium consacr\u00e9 aux biblioth\u00e8ques scolaires, organis\u00e9 par V\u00e9ronique Castagnet-Lars Communication de V\u00e9ronique Castagnet-Lars (au centre). Maison de la recherche, Universit\u00e9 de Toulouse 2, 8 f\u00e9vrier 2019. A sa gauche Marielle Mouranche, \u00e0 sa droite Jacques Cantier et Guy Astoul. Communication de Guy Astoul (au centre). Maison de la recherche, Universit\u00e9 de Toulouse 2, 8 &hellip; <a href=\"https:\/\/blogs.univ-jfc.fr\/studium\/galerie-photographique\/seminaire-du-8-02-2019\/\" class=\"more-link\">Continuer la lecture de <span class=\"screen-reader-text\">Les biblioth\u00e8ques scolaires 8.02.2019<\/span> <span class=\"meta-nav\">&rarr;<\/span><\/a><\/p>\n","protected":false},"author":19,"featured_media":0,"parent":632,"menu_order":1,"comment_status":"closed","ping_status":"closed","template":"","meta":[],"_links":{"self":[{"href":"https:\/\/blogs.univ-jfc.fr\/studium\/wp-json\/wp\/v2\/pages\/1169"}],"collection":[{"href":"https:\/\/blogs.univ-jfc.fr\/studium\/wp-json\/wp\/v2\/pages"}],"about":[{"href":"https:\/\/blogs.univ-jfc.fr\/studium\/wp-json\/wp\/v2\/types\/page"}],"author":[{"embeddable":true,"href":"https:\/\/blogs.univ-jfc.fr\/studium\/wp-json\/wp\/v2\/users\/19"}],"replies":[{"embeddable":true,"href":"https:\/\/blogs.univ-jfc.fr\/studium\/wp-json\/wp\/v2\/comments?post=1169"}],"version-history":[{"count":4,"href":"https:\/\/blogs.univ-jfc.fr\/studium\/wp-json\/wp\/v2\/pages\/1169\/revisions"}],"predecessor-version":[{"id":1175,"href":"https:\/\/blogs.univ-jfc.fr\/studium\/wp-json\/wp\/v2\/pages\/1169\/revisions\/1175"}],"up":[{"embeddable":true,"href":"https:\/\/blogs.univ-jfc.fr\/studium\/wp-json\/wp\/v2\/pages\/632"}],"wp:attachment":[{"href":"https:\/\/blogs.univ-jfc.fr\/studium\/wp-json\/wp\/v2\/media?parent=1169"}],"curies":[{"name":"wp","href":"https:\/\/api.w.org\/{rel}","templated":true}]}}