{"id":1192,"date":"2019-05-06T08:04:36","date_gmt":"2019-05-06T07:04:36","guid":{"rendered":"http:\/\/blogs.univ-jfc.fr\/studium\/?page_id=1192"},"modified":"2021-04-25T16:58:53","modified_gmt":"2021-04-25T15:58:53","slug":"cazals-remy","status":"publish","type":"page","link":"https:\/\/blogs.univ-jfc.fr\/studium\/les-membres\/cazals-remy\/","title":{"rendered":"CAZALS, R\u00e9my"},"content":{"rendered":"<p><a href=\"http:\/\/blogs.univ-jfc.fr\/studium\/wp-content\/uploads\/sites\/44\/2019\/05\/R\u00e9my.jpg\"><img loading=\"lazy\" class=\"size-full wp-image-1194 aligncenter\" src=\"http:\/\/blogs.univ-jfc.fr\/studium\/wp-content\/uploads\/sites\/44\/2019\/05\/R\u00e9my.jpg\" alt=\"\" width=\"250\" height=\"200\" \/><\/a><\/p>\n<p>Professeur \u00e9m\u00e9rite de l&rsquo;Universit\u00e9 Toulouse 2 Jean Jaur\u00e8s, membre associ\u00e9 du laboratoire Framespa.<\/p>\n<p style=\"text-align: justify\"><a href=\"https:\/\/framespa.univ-tlse2.fr\/pratique\/annuaire\/cazals-remy-24321.kjsp?RH=annuaire_framespa\" target=\"_blank\" rel=\"noopener noreferrer\">Pr\u00e9sentation<\/a><\/p>\n<p style=\"text-align: justify\">Courriel :<\/p>\n<h5><span style=\"color: #800000\">Chantiers : chantier 4 : Guerre<br \/>\n<\/span><\/h5>\n<h5><span style=\"color: #800000\">Actualit\u00e9 presse<br \/>\n<\/span><\/h5>\n<p><a href=\"https:\/\/soundcloud.com\/mlfmonde\/fraternisation-et-memoire-europeenne\">Entretien avec des \u00e9l\u00e8ves<\/a>, 7 mai 2019.<\/p>\n<h5><strong>Ouvrages<\/strong><\/h5>\n<div><\/div>\n<div>&#8211; <em>Le Rail, la Poste et autres progr\u00e8s, Lettres de Pierre Lucien Cayrol 1839-1859<\/em>, pr\u00e9sent\u00e9es par R\u00e9my Cazals, \u00e9ditions Ampelos, 2021.<\/div>\n<div><\/div>\n<div><\/div>\n<p>&#8211; Un livre : <em>Mazamet l\u2019industrielle, Un demi-si\u00e8cle d\u2019exploration urbaine<\/em>, Maisons Laffitte, \u00e9ditions Ampelos, 320 p., 424 illustrations, 2020.<\/p>\n<p style=\"text-align: left\">&#8211; R\u00e9my Cazals et Caroline Barrera (dir.), <em>Enseigner la Grande Guerre<\/em>, Editions midi-pyr\u00e9n\u00e9ennes, 2018.<a href=\"http:\/\/blogs.univ-jfc.fr\/studium\/wp-content\/uploads\/sites\/44\/2018\/10\/couvenseignergg.png\"><img loading=\"lazy\" class=\" wp-image-885 aligncenter\" src=\"http:\/\/blogs.univ-jfc.fr\/studium\/wp-content\/uploads\/sites\/44\/2018\/10\/couvenseignergg-244x300.png\" alt=\"\" width=\"194\" height=\"239\" srcset=\"https:\/\/blogs.univ-jfc.fr\/studium\/wp-content\/uploads\/sites\/44\/2018\/10\/couvenseignergg-244x300.png 244w, https:\/\/blogs.univ-jfc.fr\/studium\/wp-content\/uploads\/sites\/44\/2018\/10\/couvenseignergg.png 506w\" sizes=\"(max-width: 194px) 100vw, 194px\" \/><\/a><a href=\"https:\/\/www.nonfiction.fr\/article-9876-la-guerre-en-classes.htm?utm_source=dlvr.it&amp;utm_medium=twitter\">Compte-rendu<\/a><\/p>\n<p>&#8211; R\u00e9my Cazals et Caroline Barrera (dir.), <em>La Cour de r\u00e9cr\u00e9ation<\/em>, \u00c9ditions midi-pyr\u00e9n\u00e9ennes, 2016.<\/p>\n<p><a href=\"http:\/\/blogs.univ-jfc.fr\/studium\/wp-content\/uploads\/sites\/44\/2016\/09\/cour-couverture_1466081625193-jpg.jpg\"><img loading=\"lazy\" class=\" wp-image-463 aligncenter\" src=\"http:\/\/blogs.univ-jfc.fr\/studium\/wp-content\/uploads\/sites\/44\/2016\/09\/cour-couverture_1466081625193-jpg-232x300.jpg\" alt=\"\" width=\"206\" height=\"266\" srcset=\"https:\/\/blogs.univ-jfc.fr\/studium\/wp-content\/uploads\/sites\/44\/2016\/09\/cour-couverture_1466081625193-jpg-232x300.jpg 232w, https:\/\/blogs.univ-jfc.fr\/studium\/wp-content\/uploads\/sites\/44\/2016\/09\/cour-couverture_1466081625193-jpg-795x1024.jpg 795w, https:\/\/blogs.univ-jfc.fr\/studium\/wp-content\/uploads\/sites\/44\/2016\/09\/cour-couverture_1466081625193-jpg.jpg 1700w\" sizes=\"(max-width: 206px) 100vw, 206px\" \/><\/a><\/p>\n<p style=\"text-align: left\">&#8211; R\u00e9my Cazals (eds.), <em>Salet\u00e9 de guerre! correspondance 1915-1916, <\/em>Ampelos, 2015.<\/p>\n<p style=\"text-align: left\"><a href=\"http:\/\/blogs.univ-jfc.fr\/studium\/wp-content\/uploads\/sites\/44\/2019\/05\/Salet\u00e9.jpg\"><img loading=\"lazy\" class=\"size-full wp-image-1211 aligncenter\" src=\"http:\/\/blogs.univ-jfc.fr\/studium\/wp-content\/uploads\/sites\/44\/2019\/05\/Salet\u00e9.jpg\" alt=\"\" width=\"197\" height=\"256\" \/><\/a><\/p>\n<p class=\"f-productHeader-Title\">&#8211; R\u00e9my Cazals, <em>5OO T\u00e9moins de la Grande Guerre<\/em>, Editions Midi-Pyr\u00e9n\u00e9ennes et Edhisto, 2013.<\/p>\n<p class=\"f-productHeader-Title\"><a href=\"http:\/\/blogs.univ-jfc.fr\/studium\/wp-content\/uploads\/sites\/44\/2019\/05\/500.jpg\"><img loading=\"lazy\" class=\"size-full wp-image-1200 aligncenter\" src=\"http:\/\/blogs.univ-jfc.fr\/studium\/wp-content\/uploads\/sites\/44\/2019\/05\/500.jpg\" alt=\"\" width=\"187\" height=\"269\" \/><\/a><\/p>\n<p class=\"f-productHeader-Title\">&#8211; R\u00e9my Cazals (eds.), <em>Les carnets de guerre de Louis Barthas, tonnelier 1914-1918<\/em>, Paris, La d\u00e9couverte, 2013.<\/p>\n<p class=\"f-productHeader-Title\"><a href=\"http:\/\/blogs.univ-jfc.fr\/studium\/wp-content\/uploads\/sites\/44\/2019\/05\/Barthas.jpg\"><img loading=\"lazy\" class=\"size-full wp-image-1202 aligncenter\" src=\"http:\/\/blogs.univ-jfc.fr\/studium\/wp-content\/uploads\/sites\/44\/2019\/05\/Barthas.jpg\" alt=\"\" width=\"225\" height=\"225\" srcset=\"https:\/\/blogs.univ-jfc.fr\/studium\/wp-content\/uploads\/sites\/44\/2019\/05\/Barthas.jpg 225w, https:\/\/blogs.univ-jfc.fr\/studium\/wp-content\/uploads\/sites\/44\/2019\/05\/Barthas-150x150.jpg 150w\" sizes=\"(max-width: 225px) 100vw, 225px\" \/><\/a><\/p>\n<p>&#8211; R\u00e9my Cazals (dir.), <em>Le mouvement saint-simonien, de Sor\u00e8ze \u00e0 l&rsquo;Egypte<\/em>, Editions midi-pyr\u00e9n\u00e9ennes, 2012.<\/p>\n<p><a href=\"http:\/\/blogs.univ-jfc.fr\/studium\/wp-content\/uploads\/sites\/44\/2019\/05\/indennnx.jpg\"><img loading=\"lazy\" class=\"size-full wp-image-1215 aligncenter\" src=\"http:\/\/blogs.univ-jfc.fr\/studium\/wp-content\/uploads\/sites\/44\/2019\/05\/indennnx.jpg\" alt=\"\" width=\"225\" height=\"225\" srcset=\"https:\/\/blogs.univ-jfc.fr\/studium\/wp-content\/uploads\/sites\/44\/2019\/05\/indennnx.jpg 225w, https:\/\/blogs.univ-jfc.fr\/studium\/wp-content\/uploads\/sites\/44\/2019\/05\/indennnx-150x150.jpg 150w\" sizes=\"(max-width: 225px) 100vw, 225px\" \/><\/a><\/p>\n<p>&#8211; R\u00e9my cazals (eds.),\u00a0 <em>Il nous tarde que la guerre finisse,<\/em> Paris, Vend\u00e9miaire, R\u00e9\u00e9dition en 2012 .<\/p>\n<p><a href=\"http:\/\/blogs.univ-jfc.fr\/studium\/wp-content\/uploads\/sites\/44\/2019\/05\/index-tarde.jpg\"><img loading=\"lazy\" class=\"size-full wp-image-1216 aligncenter\" src=\"http:\/\/blogs.univ-jfc.fr\/studium\/wp-content\/uploads\/sites\/44\/2019\/05\/index-tarde.jpg\" alt=\"\" width=\"225\" height=\"225\" srcset=\"https:\/\/blogs.univ-jfc.fr\/studium\/wp-content\/uploads\/sites\/44\/2019\/05\/index-tarde.jpg 225w, https:\/\/blogs.univ-jfc.fr\/studium\/wp-content\/uploads\/sites\/44\/2019\/05\/index-tarde-150x150.jpg 150w\" sizes=\"(max-width: 225px) 100vw, 225px\" \/><\/a><\/p>\n<div>&#8211; R\u00e9my Cazals (eds.), <em>La Grande guerre, photographies du capitaine Hudelle<\/em>, Carcassonne, Archives d\u00e9partementales de l&rsquo;Aude, 2006, 126 p.<\/div>\n<div><a href=\"http:\/\/blogs.univ-jfc.fr\/studium\/wp-content\/uploads\/sites\/44\/2019\/05\/Hudelle-1.jpg\"><img loading=\"lazy\" class=\"size-full wp-image-1214 aligncenter\" src=\"http:\/\/blogs.univ-jfc.fr\/studium\/wp-content\/uploads\/sites\/44\/2019\/05\/Hudelle-1.jpg\" alt=\"\" width=\"299\" height=\"168\" \/><\/a><\/div>\n<div><\/div>\n<div>&#8211; R\u00e9my Cazals (eds.), <em>1914-1918 : Images De L&rsquo;Arriere-Front, Raoul Berthel\u00e9, lieutenant et photographe<\/em>, Privat, 2008.<\/div>\n<div><a href=\"http:\/\/blogs.univ-jfc.fr\/studium\/wp-content\/uploads\/sites\/44\/2019\/05\/arriere-front.jpg\"><img loading=\"lazy\" class=\"size-full wp-image-1201 aligncenter\" src=\"http:\/\/blogs.univ-jfc.fr\/studium\/wp-content\/uploads\/sites\/44\/2019\/05\/arriere-front.jpg\" alt=\"\" width=\"197\" height=\"256\" \/><\/a><\/div>\n<div><\/div>\n<div>\n<div>\u00a0&#8211; R\u00e9my Cazals (eds.), <em>Lettres de r\u00e9fugi\u00e9es, Des \u00e9trang\u00e8res dans la France de Vichy, Paris, Tallandier, 2004.<\/em><\/div>\n<div><a href=\"http:\/\/blogs.univ-jfc.fr\/studium\/wp-content\/uploads\/sites\/44\/2019\/05\/lettres-de-r\u00e9fugi\u00e9es.jpg\"><img loading=\"lazy\" class=\"size-full wp-image-1205 aligncenter\" src=\"http:\/\/blogs.univ-jfc.fr\/studium\/wp-content\/uploads\/sites\/44\/2019\/05\/lettres-de-r\u00e9fugi\u00e9es.jpg\" alt=\"\" width=\"182\" height=\"277\" \/><\/a><\/div>\n<\/div>\n<div><\/div>\n<p>&#8211; R\u00e9my Cazals, <em>Les mots de 14-18, Toulouse, <\/em>PUM, 2003.<\/p>\n<p><a href=\"http:\/\/blogs.univ-jfc.fr\/studium\/wp-content\/uploads\/sites\/44\/2019\/05\/les-mots.jpg\"><img loading=\"lazy\" class=\"size-medium wp-image-1204 aligncenter\" src=\"http:\/\/blogs.univ-jfc.fr\/studium\/wp-content\/uploads\/sites\/44\/2019\/05\/les-mots-150x300.jpg\" alt=\"\" width=\"150\" height=\"300\" srcset=\"https:\/\/blogs.univ-jfc.fr\/studium\/wp-content\/uploads\/sites\/44\/2019\/05\/les-mots-150x300.jpg 150w, https:\/\/blogs.univ-jfc.fr\/studium\/wp-content\/uploads\/sites\/44\/2019\/05\/les-mots.jpg 159w\" sizes=\"(max-width: 150px) 100vw, 150px\" \/><\/a><\/p>\n<p><a href=\"http:\/\/blogs.univ-jfc.fr\/studium\/wp-content\/uploads\/sites\/44\/2019\/05\/patrimoine.jpg\"><img loading=\"lazy\" class=\"size-full wp-image-1206 aligncenter\" src=\"http:\/\/blogs.univ-jfc.fr\/studium\/wp-content\/uploads\/sites\/44\/2019\/05\/patrimoine.jpg\" alt=\"\" width=\"199\" height=\"253\" \/><\/a><\/p>\n<h5><strong>Articles ou chapitres de livres<br \/>\n<\/strong><\/h5>\n<div>\n<div>&#8211; R\u00e9my Cazals, \u00ab\u00a0M\u00e9moires d\u2019enfance de Jules Puech\u00a0\u00bb, <em>Revue du Tarn, 2019.<\/em><\/div>\n<div><\/div>\n<div>&#8211; R\u00e9my Cazals,\u00a0 \u00ab\u00a0Le nom de Marie-Louise Puech-Milhau est donn\u00e9 \u00e0 une \u00e9cole de l\u2019agglom\u00e9ration d\u2019Albi en 2009\u00a0\u00bb, 2009.<\/div>\n<div><\/div>\n<div>&#8211; R\u00e9my Cazals, \u00ab\u00a0La th\u00e8se de litt\u00e9rature d\u2019une Australienne \u00e0 l\u2019universit\u00e9 de Toulouse, mai 1941\u00a0\u00bb, <em>Histoire et litt\u00e9rature au XXe si\u00e8cle<\/em>, \u00e9tudes offertes \u00e0 Jean Rives, 2003.<\/div>\n<div><\/div>\n<\/div>\n<div>\u00a0&#8211; R\u00e9my Cazals, \u00ab\u00a0L\u2019intellectuel protestant \u00e9tait un couple\u00a0\u00bb, <em>BSHPF, \u201cParmi les intellectuels protestants\u201d<\/em>), 2003.<\/div>\n<div><\/div>\n<div>\u00a0&#8211; R\u00e9my Cazals,\u00a0 \u00ab\u00a0Religion et politique dans quatre romans sud-tarnais, 1903-1914\u00a0\u00bb <em>Christianisme et politique dans le Tarn sous la Troisi\u00e8me R\u00e9publique<\/em>, 2000.<\/div>\n<div><\/div>\n<div>&#8211; R\u00e9my Cazals, \u00ab\u00a0Quatre amis fondateurs de revue\u00a0\u00bb,\u00a0 <em>Cahiers Jaur\u00e8s<\/em>, 1997.<\/div>\n<div><\/div>\n<p>&#8211; R\u00e9my Cazals, \u00ab\u00a0Le t\u00e9moignage de guerre des non-professionnels de l&rsquo;\u00e9criture\u00a0\u00bb, <em>Heroisches Elend, Mis\u00e8res de l&rsquo;h\u00e9ro\u00efsme<\/em>, Peter Lang, 2014, p. 141-155.<\/p>\n<p>-R\u00e9my Cazals (dir.), \u00ab\u00a0Trois po\u00e8tes guillotin\u00e9s en 1794 : Andr\u00e9 Ch\u00e9nier, Fabre d&rsquo;Eglantine, Venance Dougados. Po\u00e8tes Audois\u00a0\u00bb, dans <em>La Tourmente : Andr\u00e9 Ch\u00e9nier, Venance Dougados, Fabre d&rsquo;Eglantine<\/em>, Carcassonne, Mus\u00e9e des Beaux-Arts de Carcassonne, 1994, 98 p.<\/p>\n","protected":false},"excerpt":{"rendered":"<p>Professeur \u00e9m\u00e9rite de l&rsquo;Universit\u00e9 Toulouse 2 Jean Jaur\u00e8s, membre associ\u00e9 du laboratoire Framespa. Pr\u00e9sentation Courriel : Chantiers : chantier 4 : Guerre Actualit\u00e9 presse Entretien avec des \u00e9l\u00e8ves, 7 mai 2019. Ouvrages &#8211; Le Rail, la Poste et autres progr\u00e8s, Lettres de Pierre Lucien Cayrol 1839-1859, pr\u00e9sent\u00e9es par R\u00e9my Cazals, \u00e9ditions Ampelos, 2021. &#8211; Un &hellip; <a href=\"https:\/\/blogs.univ-jfc.fr\/studium\/les-membres\/cazals-remy\/\" class=\"more-link\">Continuer la lecture de <span class=\"screen-reader-text\">CAZALS, R\u00e9my<\/span> <span class=\"meta-nav\">&rarr;<\/span><\/a><\/p>\n","protected":false},"author":19,"featured_media":0,"parent":10,"menu_order":8,"comment_status":"closed","ping_status":"closed","template":"","meta":[],"_links":{"self":[{"href":"https:\/\/blogs.univ-jfc.fr\/studium\/wp-json\/wp\/v2\/pages\/1192"}],"collection":[{"href":"https:\/\/blogs.univ-jfc.fr\/studium\/wp-json\/wp\/v2\/pages"}],"about":[{"href":"https:\/\/blogs.univ-jfc.fr\/studium\/wp-json\/wp\/v2\/types\/page"}],"author":[{"embeddable":true,"href":"https:\/\/blogs.univ-jfc.fr\/studium\/wp-json\/wp\/v2\/users\/19"}],"replies":[{"embeddable":true,"href":"https:\/\/blogs.univ-jfc.fr\/studium\/wp-json\/wp\/v2\/comments?post=1192"}],"version-history":[{"count":16,"href":"https:\/\/blogs.univ-jfc.fr\/studium\/wp-json\/wp\/v2\/pages\/1192\/revisions"}],"predecessor-version":[{"id":1962,"href":"https:\/\/blogs.univ-jfc.fr\/studium\/wp-json\/wp\/v2\/pages\/1192\/revisions\/1962"}],"up":[{"embeddable":true,"href":"https:\/\/blogs.univ-jfc.fr\/studium\/wp-json\/wp\/v2\/pages\/10"}],"wp:attachment":[{"href":"https:\/\/blogs.univ-jfc.fr\/studium\/wp-json\/wp\/v2\/media?parent=1192"}],"curies":[{"name":"wp","href":"https:\/\/api.w.org\/{rel}","templated":true}]}}