{"id":1265,"date":"2019-05-13T11:48:56","date_gmt":"2019-05-13T10:48:56","guid":{"rendered":"http:\/\/blogs.univ-jfc.fr\/studium\/?page_id=1265"},"modified":"2024-04-23T13:07:57","modified_gmt":"2024-04-23T12:07:57","slug":"manifestations-scientifiques-2019-2020","status":"publish","type":"page","link":"https:\/\/blogs.univ-jfc.fr\/studium\/actualites\/manifestations-scientifiques-2019-2020\/","title":{"rendered":"Manifestations scientifiques 2023-2024"},"content":{"rendered":"\n<h4><span class=\"has-inline-color has-medium-orange-color\"><\/span><span class=\"has-inline-color has-medium-orange-color\"><\/span><\/h4>\n\n\n<h3><strong><span class=\"has-inline-color has-medium-orange-color\" data-rich-text-format-boundary=\"true\">9 et 10 octobre 2023 &#8211; COLLOQUE HISTOIRE DES METIERS DE L&rsquo;ENCADREMENT SPORTIF &#8211; organis\u00e9 par Olivier HOIBIAN<br><\/span><\/strong><\/h3>\n<p><strong>LIEU : salle de r\u00e9ception de l\u2019H\u00f4tel d\u2019Ass\u00e9zat dans le c\u0153ur historique de Toulouse.<\/strong><\/p>\n<p><a href=\"http:\/\/blogs.univ-jfc.fr\/studium\/2023\/05\/09\/aac-histoire-des-metiers-de-lencadrement-sportif-des-corporations-aux-professions\/\">APPEL A COMMUNICATION<\/a><\/p>\n\n\n<div class=\"wp-block-image\"><figure class=\"aligncenter size-large is-resized\"><a href=\"https:\/\/blogs.univ-jfc.fr\/studium\/wp-content\/uploads\/sites\/44\/2023\/05\/Aff-Hoibian2.jpg\"><img loading=\"lazy\" src=\"https:\/\/blogs.univ-jfc.fr\/studium\/wp-content\/uploads\/sites\/44\/2023\/05\/Aff-Hoibian2-724x1024.jpg\" alt=\"\" class=\"wp-image-2429\" width=\"294\" height=\"416\" srcset=\"https:\/\/blogs.univ-jfc.fr\/studium\/wp-content\/uploads\/sites\/44\/2023\/05\/Aff-Hoibian2-724x1024.jpg 724w, https:\/\/blogs.univ-jfc.fr\/studium\/wp-content\/uploads\/sites\/44\/2023\/05\/Aff-Hoibian2-212x300.jpg 212w, https:\/\/blogs.univ-jfc.fr\/studium\/wp-content\/uploads\/sites\/44\/2023\/05\/Aff-Hoibian2-768x1086.jpg 768w, https:\/\/blogs.univ-jfc.fr\/studium\/wp-content\/uploads\/sites\/44\/2023\/05\/Aff-Hoibian2.jpg 800w\" sizes=\"(max-width: 294px) 100vw, 294px\" \/><\/a><\/figure><\/div>\n\n\n\n<hr class=\"wp-block-separator\" \/>\n\n\n\n<hr class=\"wp-block-separator\" \/>\n\n\n\n<h4><strong><span class=\"has-inline-color has-medium-orange-color\">27 octobre 2023 &#8211; 14h-16h30 &#8211; S\u00e9minaire UNIVERSITAS<\/span><\/strong> <span class=\"has-inline-color has-medium-orange-color\">: Les femmes de la facult\u00e9 des sciences de Toulouse<\/span><\/h4>\n\n\n\n<p><strong>LIEU : Biblioth\u00e8que d&rsquo;\u00e9tudes m\u00e9ridionales, 56 rue du Taur, 31000 Toulouse &#8211; M\u00e9tro capitole<\/strong><\/p>\n\n\n\n<p><strong><span class=\"has-inline-color has-medium-orange-color\">Communications : <\/span><\/strong><\/p>\n\n\n\n<ul><li>Lila Coudi\u00e8re : Les premi\u00e8res \u00e9tudiantes en math\u00e9matiques de la facult\u00e9 de sciences de Toulouse<\/li><li>Emilie Teulier : Les \u00e9tudiantes \u00e9trang\u00e8res de l&rsquo;Institut agricole de Toulouse.<\/li><li>Caroline Barrera : Berthe Aggery.<\/li><\/ul>\n\n\n\n<div class=\"wp-block-image\"><figure class=\"aligncenter size-large is-resized\"><a href=\"https:\/\/blogs.univ-jfc.fr\/studium\/wp-content\/uploads\/sites\/44\/2023\/06\/Photo-seminaire-TEULIER-Emilie.jpg\"><img loading=\"lazy\" src=\"https:\/\/blogs.univ-jfc.fr\/studium\/wp-content\/uploads\/sites\/44\/2023\/06\/Photo-seminaire-TEULIER-Emilie-715x1024.jpg\" alt=\"\" class=\"wp-image-2452\" width=\"242\" height=\"346\" srcset=\"https:\/\/blogs.univ-jfc.fr\/studium\/wp-content\/uploads\/sites\/44\/2023\/06\/Photo-seminaire-TEULIER-Emilie-715x1024.jpg 715w, https:\/\/blogs.univ-jfc.fr\/studium\/wp-content\/uploads\/sites\/44\/2023\/06\/Photo-seminaire-TEULIER-Emilie-209x300.jpg 209w, https:\/\/blogs.univ-jfc.fr\/studium\/wp-content\/uploads\/sites\/44\/2023\/06\/Photo-seminaire-TEULIER-Emilie-768x1100.jpg 768w, https:\/\/blogs.univ-jfc.fr\/studium\/wp-content\/uploads\/sites\/44\/2023\/06\/Photo-seminaire-TEULIER-Emilie.jpg 864w\" sizes=\"(max-width: 242px) 100vw, 242px\" \/><\/a><figcaption><span class=\"has-inline-color has-white-color\"><strong>Emilie TEULIER, masterante en histoire contemporaine<\/strong><\/span><\/figcaption><\/figure><\/div>\n\n\n\n<hr class=\"wp-block-separator\" \/>\n\n\n\n<hr class=\"wp-block-separator\" \/>\n\n\n\n<h3><span class=\"has-inline-color has-medium-orange-color\">8 novembre 2023 &#8211; 14h-18h &#8211; S\u00e9minaire Corpus : les lieux ordinaires de la Grande Guerre<\/span><\/h3>\n\n\n\n<p>LIEU : Universit\u00e9 de Toulouse jean Jaur\u00e8s &#8211; Maison de la recherche &#8211; Salle D30<\/p>\n\n\n\n<p>Organis\u00e9 par Alexandre LAFON<\/p>\n\n\n\n<figure class=\"wp-block-image size-large\"><a href=\"https:\/\/blogs.univ-jfc.fr\/aa465daa-68cb-4d14-b0ad-cb53ae5a077a\"><img alt=\"\" \/><\/a><\/figure>\n\n\n\n<hr class=\"wp-block-separator\" \/>\n\n\n\n<h3><span class=\"has-inline-color has-medium-orange-color\">19 janvier 2024 &#8211; <strong>14h-16h30 &#8211; S\u00e9minaire UNIVERSITAS : \u00ab\u00a0Former au commerce ? L&rsquo;\u00e9cole sup\u00e9rieure de commerce de Toulouse, d&rsquo;un si\u00e8cle \u00e0 l&rsquo;autre (1903-2010)\u00a0\u00bb<\/strong><\/span><\/h3>\n\n\n\n<p><strong>LIEU : Biblioth\u00e8que d&rsquo;\u00e9tudes m\u00e9ridionales, 56 rue du Taur, 31000 Toulouse &#8211; M\u00e9tro capitole<\/strong><\/p>\n\n\n\n<div class=\"wp-block-image\"><figure class=\"aligncenter size-large is-resized\"><a href=\"https:\/\/blogs.univ-jfc.fr\/studium\/wp-content\/uploads\/sites\/44\/2023\/05\/marianne-blanchard-e1649854876348-380x480-1.png\"><img loading=\"lazy\" src=\"https:\/\/blogs.univ-jfc.fr\/studium\/wp-content\/uploads\/sites\/44\/2023\/05\/marianne-blanchard-e1649854876348-380x480-1.png\" alt=\"\" class=\"wp-image-2436\" width=\"270\" height=\"342\" srcset=\"https:\/\/blogs.univ-jfc.fr\/studium\/wp-content\/uploads\/sites\/44\/2023\/05\/marianne-blanchard-e1649854876348-380x480-1.png 380w, https:\/\/blogs.univ-jfc.fr\/studium\/wp-content\/uploads\/sites\/44\/2023\/05\/marianne-blanchard-e1649854876348-380x480-1-238x300.png 238w\" sizes=\"(max-width: 270px) 100vw, 270px\" \/><\/a><figcaption><span class=\"has-inline-color has-white-color\"><strong>Marianne Blanchard, ma\u00eetresse de conf\u00e9rences, INSPE Toulouse<\/strong><\/span><\/figcaption><\/figure><\/div>\n\n\n\n<hr class=\"wp-block-separator\" \/>\n\n\n\n<h3><span class=\"has-inline-color has-medium-orange-color\">28 f\u00e9vrier 2024 &#8211; <strong>S\u00e9minaire CORPUS : Les lieux ordinaires de l&rsquo;exp\u00e9rience de guerre (1939-1945), organis\u00e9 par Jacques Cantier<\/strong><\/span>.<\/h3>\n\n\n\n<p><\/p>\n\n\n\n<p><\/p>\n\n\n\n<h3><span class=\"has-inline-color has-medium-orange-color\">1er mars 2024 &#8211; <strong>14h-16h30 &#8211; S\u00e9minaire UNIVERSITAS<\/strong>\/CTHDIP &#8211; \u00ab&nbsp;Un d\u00e9tour vers les bords de Loire : le studium d\u2019Orl\u00e9ans (XIIIe-XIVe)&nbsp;\u00bb<\/span><\/h3>\n\n\n\n<p><strong>LIEU : Biblioth\u00e8que d&rsquo;\u00e9tudes m\u00e9ridionales, 56 rue du Taur, 31000 Toulouse &#8211; M\u00e9tro capitole<\/strong><\/p>\n\n\n\n<div class=\"wp-block-image\"><figure class=\"aligncenter size-large is-resized\"><a href=\"https:\/\/blogs.univ-jfc.fr\/studium\/wp-content\/uploads\/sites\/44\/2023\/06\/marie-bassano.jpg\"><img loading=\"lazy\" src=\"https:\/\/blogs.univ-jfc.fr\/studium\/wp-content\/uploads\/sites\/44\/2023\/06\/marie-bassano.jpg\" alt=\"\" class=\"wp-image-2448\" width=\"404\" height=\"227\" \/><\/a><figcaption><span class=\"has-inline-color has-white-color\"><strong>Marie Bassano, professeure en histoire du droit \u00e0 l&rsquo;universit\u00e9 Toulouse capitole<\/strong><\/span><\/figcaption><\/figure><\/div>\n\n\n\n<h3><span class=\"has-inline-color has-medium-orange-color\">7 mars 2024 &#8211; 17h30-19h &#8211; S\u00e9minaire UNIVERSITAS\/ARCHAMPO<\/span> <span class=\"has-inline-color has-medium-orange-color\">&#8211; Gen\u00e8se d&rsquo;une universit\u00e9 : histoire de la cr\u00e9ation de l&rsquo;INU Champollion<\/span><\/h3>\n\n\n\n<p><strong>LIEU : Albi &#8211; Institut national universitaire Champollion &#8211; Salle des s\u00e9minaires &#8211; Place de Verdun<\/strong><\/p>\n\n\n\n<div class=\"wp-block-image\"><figure class=\"aligncenter size-large is-resized\"><a href=\"https:\/\/blogs.univ-jfc.fr\/studium\/wp-content\/uploads\/sites\/44\/2023\/06\/chrietelle.jpg\"><img loading=\"lazy\" src=\"https:\/\/blogs.univ-jfc.fr\/studium\/wp-content\/uploads\/sites\/44\/2023\/06\/chrietelle.jpg\" alt=\"\" class=\"wp-image-2459\" width=\"372\" height=\"372\" srcset=\"https:\/\/blogs.univ-jfc.fr\/studium\/wp-content\/uploads\/sites\/44\/2023\/06\/chrietelle.jpg 225w, https:\/\/blogs.univ-jfc.fr\/studium\/wp-content\/uploads\/sites\/44\/2023\/06\/chrietelle-150x150.jpg 150w\" sizes=\"(max-width: 372px) 100vw, 372px\" \/><\/a><figcaption><strong><span class=\"has-inline-color has-white-color\">Christelle Manifet, ma\u00eetresse de conf\u00e9rences en sociologie, Universit\u00e9 de Toulouse Jean Jaur\u00e8s<\/span><\/strong><\/figcaption><\/figure><\/div>\n\n\n\n<h2><span class=\"has-inline-color has-medium-orange-color\">27 mars 2024 &#8211; 14h-17h30 &#8211; <strong>Journ\u00e9e d&rsquo;\u00e9tudes L&rsquo;\u00e9dition des t\u00e9moignages de soldats\/combattants de la Premi\u00e8re Guerre mondiale<\/strong> &#8211; Albi &#8211; INUC &#8211; Salle du Conseil<\/span><\/h2>\n\n\n\n<p>4h : Introduction g\u00e9n\u00e9rale&nbsp;<\/p>\n\n\n\n<p>14h10 : R\u00e9my&nbsp;Cazals,&nbsp;<em>Histoire d\u2019un livre&nbsp;:<\/em>&nbsp;<em>Les carnets de guerre de Louis Barthas, tonnelier, 1914-1918<\/em><\/p>\n\n\n\n<p>15h : Alexandre Lafon,&nbsp;<em>L&rsquo;\u00e9dition des t\u00e9moignages du combattant Henry Despeyri\u00e8res (correspondance)<\/em><\/p>\n\n\n\n<p>15h40 : Questions<\/p>\n\n\n\n<p>15h50 : Pause&nbsp;<\/p>\n\n\n\n<p>16h : Table-ronde R\u00e9my&nbsp;Cazals, Alexandre Lafon, Daniel Lauti\u00e9, Sylvie Caucanas et Jean Le Pottier (\u00e9diteurs et archivistes),&nbsp;<em>Editer les t\u00e9moignages de soldats de la Grande Guerre&nbsp;<\/em><\/p>\n\n\n\n<p>Avec questions\/r\u00e9ponses<\/p>\n\n\n\n<p>17h30 : Fin\u00a0<\/p>\n\n\n\n<figure class=\"wp-block-image\"><img alt=\"\" \/><\/figure>\n\n\n\n<h2><span class=\"has-inline-color has-medium-orange-color\">24 avril 2024 &#8211; 14h<\/span> &#8211;<span class=\"has-inline-color has-medium-orange-color\"> <strong>Table ronde \u00ab\u00a0la lettre retrouv\u00e9e de Hersz Strasfogel &#8211; sonderkommando d&rsquo;Auschwitz-Birkenau\u00a0\u00bb<\/strong><\/span> &#8211; <span class=\"has-inline-color has-medium-orange-color\">14h30-17h30 &#8211; Maison de la recherche<\/span> <span class=\"has-inline-color has-medium-orange-color\">&#8211; Salle D31.<\/span><\/h2>\n\n\n\n<figure class=\"wp-block-image\"><img alt=\"\" \/><\/figure>\n","protected":false},"excerpt":{"rendered":"<p>9 et 10 octobre 2023 &#8211; COLLOQUE HISTOIRE DES METIERS DE L&rsquo;ENCADREMENT SPORTIF &#8211; organis\u00e9 par Olivier HOIBIAN LIEU : salle de r\u00e9ception de l\u2019H\u00f4tel d\u2019Ass\u00e9zat dans le c\u0153ur historique de Toulouse. APPEL A COMMUNICATION 27 octobre 2023 &#8211; 14h-16h30 &#8211; S\u00e9minaire UNIVERSITAS : Les femmes de la facult\u00e9 des sciences de Toulouse LIEU : &hellip; <a href=\"https:\/\/blogs.univ-jfc.fr\/studium\/actualites\/manifestations-scientifiques-2019-2020\/\" class=\"more-link\">Continuer la lecture de <span class=\"screen-reader-text\">Manifestations scientifiques 2023-2024<\/span> <span class=\"meta-nav\">&rarr;<\/span><\/a><\/p>\n","protected":false},"author":19,"featured_media":0,"parent":178,"menu_order":1,"comment_status":"closed","ping_status":"closed","template":"","meta":[],"_links":{"self":[{"href":"https:\/\/blogs.univ-jfc.fr\/studium\/wp-json\/wp\/v2\/pages\/1265"}],"collection":[{"href":"https:\/\/blogs.univ-jfc.fr\/studium\/wp-json\/wp\/v2\/pages"}],"about":[{"href":"https:\/\/blogs.univ-jfc.fr\/studium\/wp-json\/wp\/v2\/types\/page"}],"author":[{"embeddable":true,"href":"https:\/\/blogs.univ-jfc.fr\/studium\/wp-json\/wp\/v2\/users\/19"}],"replies":[{"embeddable":true,"href":"https:\/\/blogs.univ-jfc.fr\/studium\/wp-json\/wp\/v2\/comments?post=1265"}],"version-history":[{"count":114,"href":"https:\/\/blogs.univ-jfc.fr\/studium\/wp-json\/wp\/v2\/pages\/1265\/revisions"}],"predecessor-version":[{"id":2488,"href":"https:\/\/blogs.univ-jfc.fr\/studium\/wp-json\/wp\/v2\/pages\/1265\/revisions\/2488"}],"up":[{"embeddable":true,"href":"https:\/\/blogs.univ-jfc.fr\/studium\/wp-json\/wp\/v2\/pages\/178"}],"wp:attachment":[{"href":"https:\/\/blogs.univ-jfc.fr\/studium\/wp-json\/wp\/v2\/media?parent=1265"}],"curies":[{"name":"wp","href":"https:\/\/api.w.org\/{rel}","templated":true}]}}