{"id":1421,"date":"2019-11-19T07:24:10","date_gmt":"2019-11-19T06:24:10","guid":{"rendered":"http:\/\/blogs.univ-jfc.fr\/studium\/?page_id=1421"},"modified":"2019-11-29T18:11:12","modified_gmt":"2019-11-29T17:11:12","slug":"usages-des-loisirs-en-montagne-cultures-nationales-et-traditions-locales-12-et-12-decembre-2019","status":"publish","type":"page","link":"https:\/\/blogs.univ-jfc.fr\/studium\/actualites\/appels-a-communications\/usages-des-loisirs-en-montagne-cultures-nationales-et-traditions-locales-12-et-12-decembre-2019\/","title":{"rendered":"La montagne : pour l&rsquo;\u00e9lite ou pour le peuple ? Usages des loisirs en montagne, cultures nationales et traditions locales en Europe occidentale &#8211; 12 et 12 d\u00e9cembre 2019"},"content":{"rendered":"<p><a href=\"http:\/\/blogs.univ-jfc.fr\/studium\/wp-content\/uploads\/sites\/44\/2019\/11\/image.jpg\"><img loading=\"lazy\" class=\" wp-image-1498 aligncenter\" src=\"http:\/\/blogs.univ-jfc.fr\/studium\/wp-content\/uploads\/sites\/44\/2019\/11\/image-194x300.jpg\" alt=\"\" width=\"128\" height=\"198\" srcset=\"https:\/\/blogs.univ-jfc.fr\/studium\/wp-content\/uploads\/sites\/44\/2019\/11\/image-194x300.jpg 194w, https:\/\/blogs.univ-jfc.fr\/studium\/wp-content\/uploads\/sites\/44\/2019\/11\/image.jpg 255w\" sizes=\"(max-width: 128px) 100vw, 128px\" \/><\/a><\/p>\n<h3 style=\"text-align: center\">H\u00f4tel d\u2019Ass\u00e9zat, Toulouse &#8211; 11-12 D\u00e9cembre 2019 \u2013 Colloque international<\/h3>\n<p>Organis\u00e9 par Olivier Hoibian.<\/p>\n<p>A l\u2019occasion de la <em>Journ\u00e9e Internationale de la Montagne<\/em> et du <em>centenaire de la cr\u00e9ation du \u00ab Groupe de Haute Montagne \u00bb<\/em> ce Colloque International est organis\u00e9 par l\u2019Observatoire transfrontalier des refuges des Pyr\u00e9n\u00e9es.<\/p>\n<p>Les excursions en montagne et l\u2019alpinisme, dans leur conception moderne, prennent forme en Europe Occidentale \u00e0 l\u2019aube du XIXe si\u00e8cle. La conqu\u00eate du Mont-Blanc, en 1786 repr\u00e9sente, au moins symboliquement, l\u2019acte de naissance de cette nouvelle forme de loisirs mondains. Cet exploit lance un vaste mouvement de conqu\u00eate des principaux sommets des Alpes et des Pyr\u00e9n\u00e9es par les \u00e9lites sociales europ\u00e9ennes. Les repr\u00e9sentants de la \u00ab\u00a0bourgeoisie \u00e9clair\u00e9e\u00a0\u00bb jouent un r\u00f4le d\u00e9terminant dans la cr\u00e9ation des premiers Clubs alpins, d\u2019abord en Angleterre en 1857 puis en Suisse, en Italie, en Allemagne, en Autriche et bient\u00f4t en France. Ils contribuent \u00e0 la promotion, aupr\u00e8s de leurs contemporains, d\u2019une forme in\u00e9dite d\u2019activit\u00e9 touristique.<\/p>\n<p>Au-del\u00e0 des \u00e9volutions similaires des Clubs alpins d\u2019Europe, caract\u00e9ris\u00e9es par l\u2019influence de la \u00ab\u00a0bourgeoisie cultiv\u00e9e\u00a0\u00bb, les cultures nationales et les traditions locales vont peser sur les d\u00e9veloppements ult\u00e9rieurs du tourisme et de l\u2019am\u00e9nagement de la montagne. Des ambitions de d\u00e9mocratisation vont se manifester avec la cr\u00e9ation de groupements au recrutement plus populaire dans des contextes politiques contrast\u00e9s.<\/p>\n<p>Si les discours en faveur de la d\u00e9mocratisation de l\u2019acc\u00e8s \u00e0 la montagne figurent toujours en bonne place parmi les buts des grands Clubs alpins et de certains organismes de jeunesse, cet objectif ne semble pas avoir produit les m\u00eames effets \u00e0 travers l\u2019Europe occidentale.<\/p>\n<p>Compte tenu du poids de l\u2019histoire de chaque nation, de l\u2019incidence des cultures et des traditions locales, qu\u2019est-il advenu du processus de d\u00e9mocratisation de l\u2019acc\u00e8s \u00e0 la montagne\u00a0? A-t-il pris des formes diff\u00e9rentes dans les Alpes, en Suisse, en Italie, en Allemagne, en Autriche, en France et sur chacun des versants des Pyr\u00e9n\u00e9es depuis la Catalogne jusqu\u2019au Pays basque\u00a0? A partir de quelles \u00e9poques et dans quelles conjonctures sociales et politiques des processus de d\u00e9mocratisation se sont-ils manifest\u00e9s\u00a0dans les diff\u00e9rents territoires de l\u2019Europe occidentale ?<\/p>\n<p>Les conf\u00e9renciers chercheront \u00e0 apporter des r\u00e9ponses \u00e0 ces interrogations selon les traditions et les cultures des diff\u00e9rents territoires concern\u00e9s.<\/p>\n<p><strong><em>Contact\u00a0: Olivier HOIBIAN\u00a0\u2013 Observatoire transfrontalier des refuges des Pyr\u00e9n\u00e9es &#8211; Tel\u00a0: 05 61 55 69 95<\/em><\/strong><\/p>\n<p style=\"text-align: center\"><strong>Programme du Colloque International<\/strong><\/p>\n<p><strong>Mercredi 11 d\u00e9cembre 2019<\/strong><\/p>\n<p>8h30 &#8211; Accueil des participants<\/p>\n<p>9h15 &#8211; Intervention d\u2019ouverture \u2013 Olivier Hoibian<\/p>\n<p>10h \u2013 Michel Tailland\u00a0:\u00a0<em>De l\u2019Alpine Club au British Mountaineering Council, de l\u2019entre-soi des \u00e9lites \u00e0<\/em><em> la montagne pour tous ?<\/em><\/p>\n<p>11h \u2013 Prof. Laurent Tissot\u00a0: <em>\u00ab\u00a0Les plaisirs d&rsquo;un grimpeur\u00a0\u00bb ou le Club alpin suisse comme champ d&rsquo;investigation des loisirs de montagne de 1863 \u00e0 nos jours. Une d\u00e9mocratisation inachev\u00e9e\u00a0?<\/em><\/p>\n<p>12h &#8211; 14h &#8211; D\u00e9jeuner<\/p>\n<p>14h \u2013 Prof. St\u00e9fano Morosini\u00a0: <em>The democratization of mountaineering in Italy. From the foundation of the Club Alpino Italiano (1863) to the ascent of K2 (1954) \u2013 La d\u00e9mocratisation de la montagne en Italie. De la cr\u00e9ation du Club Alpin Italien (1863) \u00e0 l\u2019ascension du K2 (1954).<\/em><\/p>\n<p>15h \u2013 Prof. Micha\u00ebl Wedekind\u00a0: <em>Sur la r\u00e9cup\u00e9ration politique de l\u2019exp\u00e9rience de la montagne : un regard transnational et transfrontalier sur les Alpes orientales et les Carpates<\/em><\/p>\n<p>16h \u2013 Olivier Hoibian\u00a0:\u00a0 <em>Les groupements populaires de montagne en France depuis 1919\u00a0: Apog\u00e9e et d\u00e9clin d\u2019une ambition\u00a0?<\/em><\/p>\n<p>17h &#8211; Cl\u00f4ture de la premi\u00e8re journ\u00e9e<\/p>\n<p><strong>Jeudi 12 d\u00e9cembre 2019<\/strong><\/p>\n<p>8h30 &#8211; Accueil des participants<\/p>\n<p>9h &#8211; Ouverture de la journ\u00e9e<\/p>\n<p>9h \u2013 Prof. Francesc Roma\u00a0: <em>Les pratiques montagnardes en Catalogne (1876-2019)<\/em><\/p>\n<p>10h \u2013 Prof. Haritz Monr\u00e9al : <em>The popularisation of mountaineering as a leisure activity at the the Basque Country \u2013 La popularisation de l\u00b4alpinisme au Pays Basque.<\/em><\/p>\n<p>11h \u2013 Sergio Rivas : <em>Evoluci\u00f3n del monta\u00f1ismo en Arag\u00f3n: refugios, senderos y seguridad en monta\u00f1a &#8211; <\/em><em>Evolution du\u00a0\u00ab\u00a0montagnisme\u00a0\u00bb en Aragon : refuges, sentiers et s\u00e9curit\u00e9 en montagne.<\/em><\/p>\n<p>12h &#8211; Intervention de cl\u00f4ture du Colloque et perspectives\u00a0: Olivier Hoibian<\/p>\n<p>12h30 &#8211; Fin du Colloque<\/p>\n","protected":false},"excerpt":{"rendered":"<p>H\u00f4tel d\u2019Ass\u00e9zat, Toulouse &#8211; 11-12 D\u00e9cembre 2019 \u2013 Colloque international Organis\u00e9 par Olivier Hoibian. A l\u2019occasion de la Journ\u00e9e Internationale de la Montagne et du centenaire de la cr\u00e9ation du \u00ab Groupe de Haute Montagne \u00bb ce Colloque International est organis\u00e9 par l\u2019Observatoire transfrontalier des refuges des Pyr\u00e9n\u00e9es. Les excursions en montagne et l\u2019alpinisme, dans &hellip; <a href=\"https:\/\/blogs.univ-jfc.fr\/studium\/actualites\/appels-a-communications\/usages-des-loisirs-en-montagne-cultures-nationales-et-traditions-locales-12-et-12-decembre-2019\/\" class=\"more-link\">Continuer la lecture de <span class=\"screen-reader-text\">La montagne : pour l&rsquo;\u00e9lite ou pour le peuple ? Usages des loisirs en montagne, cultures nationales et traditions locales en Europe occidentale &#8211; 12 et 12 d\u00e9cembre 2019<\/span> <span class=\"meta-nav\">&rarr;<\/span><\/a><\/p>\n","protected":false},"author":19,"featured_media":0,"parent":346,"menu_order":1,"comment_status":"closed","ping_status":"closed","template":"","meta":[],"_links":{"self":[{"href":"https:\/\/blogs.univ-jfc.fr\/studium\/wp-json\/wp\/v2\/pages\/1421"}],"collection":[{"href":"https:\/\/blogs.univ-jfc.fr\/studium\/wp-json\/wp\/v2\/pages"}],"about":[{"href":"https:\/\/blogs.univ-jfc.fr\/studium\/wp-json\/wp\/v2\/types\/page"}],"author":[{"embeddable":true,"href":"https:\/\/blogs.univ-jfc.fr\/studium\/wp-json\/wp\/v2\/users\/19"}],"replies":[{"embeddable":true,"href":"https:\/\/blogs.univ-jfc.fr\/studium\/wp-json\/wp\/v2\/comments?post=1421"}],"version-history":[{"count":5,"href":"https:\/\/blogs.univ-jfc.fr\/studium\/wp-json\/wp\/v2\/pages\/1421\/revisions"}],"predecessor-version":[{"id":1499,"href":"https:\/\/blogs.univ-jfc.fr\/studium\/wp-json\/wp\/v2\/pages\/1421\/revisions\/1499"}],"up":[{"embeddable":true,"href":"https:\/\/blogs.univ-jfc.fr\/studium\/wp-json\/wp\/v2\/pages\/346"}],"wp:attachment":[{"href":"https:\/\/blogs.univ-jfc.fr\/studium\/wp-json\/wp\/v2\/media?parent=1421"}],"curies":[{"name":"wp","href":"https:\/\/api.w.org\/{rel}","templated":true}]}}