{"id":1448,"date":"2019-11-25T06:39:21","date_gmt":"2019-11-25T05:39:21","guid":{"rendered":"http:\/\/blogs.univ-jfc.fr\/studium\/?page_id=1448"},"modified":"2019-11-25T07:41:44","modified_gmt":"2019-11-25T06:41:44","slug":"partenaires-du-colloque","status":"publish","type":"page","link":"https:\/\/blogs.univ-jfc.fr\/studium\/actualites\/appels-a-communications\/colloque-science-et-culture-en-temps-de-guerre-2020\/partenaires-du-colloque\/","title":{"rendered":"Organisation et partenaires institutionnels"},"content":{"rendered":"<p>Le colloque est propos\u00e9 par l&rsquo;atelier <a href=\"http:\/\/blogs.univ-jfc.fr\/studium\/\" target=\"_blank\" rel=\"noopener noreferrer\">Studium <\/a>du laboratoire Framespa (th\u00e9matique IV &#8211; Corpus) et l&rsquo;axe TCF de l&rsquo;INU Champollion et organis\u00e9 par Caroline Barrera et Jacques Cantier.<\/p>\n<p>Il se tiendra avec le soutien de :<\/p>\n<p><a href=\"https:\/\/www.univ-tlse2.fr\/\">L&rsquo;universit\u00e9 Toulouse-Jean Jaur\u00e8s<\/a><\/p>\n<ul>\n<li>La Commission recherche<\/li>\n<li>Le Laboratoire <a href=\"https:\/\/framespa.univ-tlse2.fr\/\" target=\"_blank\" rel=\"noopener noreferrer\">Framespa<\/a><\/li>\n<li>La th\u00e9matique IV &#8211; <a href=\"https:\/\/framespa.univ-tlse2.fr\/navigation\/axes-thematiques\/corpus\/\" target=\"_blank\" rel=\"noopener noreferrer\">Corpus<\/a><\/li>\n<li>Le d\u00e9partement d&rsquo;histoire<\/li>\n<\/ul>\n<p>L&rsquo;axe TCF de l&rsquo;<a href=\"https:\/\/www.univ-jfc.fr\/\" target=\"_blank\" rel=\"noopener noreferrer\">INU Champollion<\/a><\/p>\n<p><a href=\"https:\/\/sms.univ-tlse2.fr\/\" target=\"_blank\" rel=\"noopener noreferrer\">Le labex SMS<\/a><\/p>\n<p>Le Conseil d\u00e9partemental de la Haute-Garonne &#8211; <a href=\"http:\/\/musee-resistance.haute-garonne.fr\/fr\/index.html\" target=\"_blank\" rel=\"noopener noreferrer\">Mus\u00e9e d\u00e9partemental\u00a0 de la la R\u00e9sistance et de la D\u00e9portation<\/a><\/p>\n<p><a href=\"https:\/\/www.edimip.com\/\" target=\"_blank\" rel=\"noopener noreferrer\">Les \u00e9ditions Midi-Pyr\u00e9n\u00e9ennes<\/a><\/p>\n<h4 style=\"text-align: center\">Il sera accueilli par la \u00ab\u00a0<a href=\"https:\/\/framespa.univ-tlse2.fr\/navigation\/les-ressources\/bibliotheque-d-etudes-meridionales\/bibliotheque-d-etudes-meridionales-bem--165491.kjsp\" target=\"_blank\" rel=\"noopener noreferrer\">BEM\u00a0\u00bb<\/a>, la Biblioth\u00e8que d&rsquo;\u00e9tudes m\u00e9ridionales au 56 de la rue du Taur \u00e0 Toulouse.<\/h4>\n","protected":false},"excerpt":{"rendered":"<p>Le colloque est propos\u00e9 par l&rsquo;atelier Studium du laboratoire Framespa (th\u00e9matique IV &#8211; Corpus) et l&rsquo;axe TCF de l&rsquo;INU Champollion et organis\u00e9 par Caroline Barrera et Jacques Cantier. Il se tiendra avec le soutien de : L&rsquo;universit\u00e9 Toulouse-Jean Jaur\u00e8s La Commission recherche Le Laboratoire Framespa La th\u00e9matique IV &#8211; Corpus Le d\u00e9partement d&rsquo;histoire L&rsquo;axe TCF &hellip; <a href=\"https:\/\/blogs.univ-jfc.fr\/studium\/actualites\/appels-a-communications\/colloque-science-et-culture-en-temps-de-guerre-2020\/partenaires-du-colloque\/\" class=\"more-link\">Continuer la lecture de <span class=\"screen-reader-text\">Organisation et partenaires institutionnels<\/span> <span class=\"meta-nav\">&rarr;<\/span><\/a><\/p>\n","protected":false},"author":19,"featured_media":0,"parent":926,"menu_order":3,"comment_status":"closed","ping_status":"closed","template":"","meta":[],"_links":{"self":[{"href":"https:\/\/blogs.univ-jfc.fr\/studium\/wp-json\/wp\/v2\/pages\/1448"}],"collection":[{"href":"https:\/\/blogs.univ-jfc.fr\/studium\/wp-json\/wp\/v2\/pages"}],"about":[{"href":"https:\/\/blogs.univ-jfc.fr\/studium\/wp-json\/wp\/v2\/types\/page"}],"author":[{"embeddable":true,"href":"https:\/\/blogs.univ-jfc.fr\/studium\/wp-json\/wp\/v2\/users\/19"}],"replies":[{"embeddable":true,"href":"https:\/\/blogs.univ-jfc.fr\/studium\/wp-json\/wp\/v2\/comments?post=1448"}],"version-history":[{"count":8,"href":"https:\/\/blogs.univ-jfc.fr\/studium\/wp-json\/wp\/v2\/pages\/1448\/revisions"}],"predecessor-version":[{"id":1475,"href":"https:\/\/blogs.univ-jfc.fr\/studium\/wp-json\/wp\/v2\/pages\/1448\/revisions\/1475"}],"up":[{"embeddable":true,"href":"https:\/\/blogs.univ-jfc.fr\/studium\/wp-json\/wp\/v2\/pages\/926"}],"wp:attachment":[{"href":"https:\/\/blogs.univ-jfc.fr\/studium\/wp-json\/wp\/v2\/media?parent=1448"}],"curies":[{"name":"wp","href":"https:\/\/api.w.org\/{rel}","templated":true}]}}