{"id":1481,"date":"2019-11-25T07:56:07","date_gmt":"2019-11-25T06:56:07","guid":{"rendered":"http:\/\/blogs.univ-jfc.fr\/studium\/?page_id=1481"},"modified":"2019-11-25T07:58:37","modified_gmt":"2019-11-25T06:58:37","slug":"comite-scientifique","status":"publish","type":"page","link":"https:\/\/blogs.univ-jfc.fr\/studium\/actualites\/appels-a-communications\/colloque-science-et-culture-en-temps-de-guerre-2020\/comite-scientifique\/","title":{"rendered":"Comit\u00e9 scientifique"},"content":{"rendered":"<p>\u2013 David AUBIN, professeur d\u2019histoire des sciences, Sorbonne-Universit\u00e9.<\/p>\n<p>\u2013 Caroline BARRERA, ma\u00eetre de conf\u00e9rences en histoire contemporaine, INU Champollion.<\/p>\n<p>\u2013 J\u00e9r\u00f4me BLACHON, responsable du Mus\u00e9e d\u00e9partemental de la R\u00e9sistance et de la D\u00e9portation de la Haute-Garonne.<\/p>\n<p>\u2013 Jacques CANTIER, professeur d\u2019histoire contemporaine, Universit\u00e9 Toulouse Jean Jaur\u00e8s.<\/p>\n<p>\u2013 Claire FREDJ, ma\u00eetre de conf\u00e9rences en histoire contemporaine \u00e0 l\u2019Universit\u00e9 de Paris-Ouest Nanterre.<\/p>\n<p>-Anne GOULET, directrice des Archives d\u00e9partementales de Haute-Garonne.<\/p>\n<p>\u2013 Michel GROSSETTI, directeur de recherche au CNRS et directeur d\u2019\u00e9tudes \u00e0 l\u2019EHESS, directeur du Labex Structuration des mondes sociaux.<\/p>\n<p>\u2013 Eric T. JENNING, professeur \u00e0 l\u2019universit\u00e9 de Toronto, Canada<\/p>\n<p>\u2013 J\u00e9r\u00f4me LAMY, charg\u00e9 de recherche au CNRS en sociologie des sciences et des techniques, CERTOP.<\/p>\n<p>\u2013 Anne RASMUSSEN, directrice d\u2019\u00e9tudes, EHESS.<\/p>\n<p>\u2013 Fabien THEOFILAKIS, ma\u00eetre de conf\u00e9rences \u00e0 l\u2019Universit\u00e9 de Paris I.<\/p>\n","protected":false},"excerpt":{"rendered":"<p>\u2013 David AUBIN, professeur d\u2019histoire des sciences, Sorbonne-Universit\u00e9. \u2013 Caroline BARRERA, ma\u00eetre de conf\u00e9rences en histoire contemporaine, INU Champollion. \u2013 J\u00e9r\u00f4me BLACHON, responsable du Mus\u00e9e d\u00e9partemental de la R\u00e9sistance et de la D\u00e9portation de la Haute-Garonne. \u2013 Jacques CANTIER, professeur d\u2019histoire contemporaine, Universit\u00e9 Toulouse Jean Jaur\u00e8s. \u2013 Claire FREDJ, ma\u00eetre de conf\u00e9rences en histoire contemporaine &hellip; <a href=\"https:\/\/blogs.univ-jfc.fr\/studium\/actualites\/appels-a-communications\/colloque-science-et-culture-en-temps-de-guerre-2020\/comite-scientifique\/\" class=\"more-link\">Continuer la lecture de <span class=\"screen-reader-text\">Comit\u00e9 scientifique<\/span> <span class=\"meta-nav\">&rarr;<\/span><\/a><\/p>\n","protected":false},"author":19,"featured_media":0,"parent":926,"menu_order":1,"comment_status":"closed","ping_status":"closed","template":"","meta":[],"_links":{"self":[{"href":"https:\/\/blogs.univ-jfc.fr\/studium\/wp-json\/wp\/v2\/pages\/1481"}],"collection":[{"href":"https:\/\/blogs.univ-jfc.fr\/studium\/wp-json\/wp\/v2\/pages"}],"about":[{"href":"https:\/\/blogs.univ-jfc.fr\/studium\/wp-json\/wp\/v2\/types\/page"}],"author":[{"embeddable":true,"href":"https:\/\/blogs.univ-jfc.fr\/studium\/wp-json\/wp\/v2\/users\/19"}],"replies":[{"embeddable":true,"href":"https:\/\/blogs.univ-jfc.fr\/studium\/wp-json\/wp\/v2\/comments?post=1481"}],"version-history":[{"count":4,"href":"https:\/\/blogs.univ-jfc.fr\/studium\/wp-json\/wp\/v2\/pages\/1481\/revisions"}],"predecessor-version":[{"id":1487,"href":"https:\/\/blogs.univ-jfc.fr\/studium\/wp-json\/wp\/v2\/pages\/1481\/revisions\/1487"}],"up":[{"embeddable":true,"href":"https:\/\/blogs.univ-jfc.fr\/studium\/wp-json\/wp\/v2\/pages\/926"}],"wp:attachment":[{"href":"https:\/\/blogs.univ-jfc.fr\/studium\/wp-json\/wp\/v2\/media?parent=1481"}],"curies":[{"name":"wp","href":"https:\/\/api.w.org\/{rel}","templated":true}]}}