{"id":1630,"date":"2020-01-08T06:36:33","date_gmt":"2020-01-08T05:36:33","guid":{"rendered":"http:\/\/blogs.univ-jfc.fr\/studium\/?page_id=1630"},"modified":"2020-01-10T15:03:10","modified_gmt":"2020-01-10T14:03:10","slug":"quelques-mots-de-presentation","status":"publish","type":"page","link":"https:\/\/blogs.univ-jfc.fr\/studium\/quelques-mots-de-presentation\/","title":{"rendered":"Quelques mots de pr\u00e9sentation"},"content":{"rendered":"<h4><span style=\"color: #e67607\"><strong>L\u2019origine<\/strong><\/span><\/h4>\n<p><em>L\u2019Histoire de l\u2019universit\u00e9 de Toulouse<\/em> est un projet initi\u00e9 par le professeur Jean-Marc Olivier, qui sollicite au milieu des ann\u00e9es 2010 deux historiens du laboratoire Framespa\u00a0(universit\u00e9 Toulouse-Jean Jaur\u00e8s-CNRS), Caroline Barrera\u00a0(INU Champollion) et Patrick Fert\u00e9\u00a0(UT2J), membres de l\u2019atelier Studium, pour diriger une histoire globale de l\u2019universit\u00e9 de Toulouse du Moyen \u00c2ge \u00e0 nos jours. Ce projet ne rel\u00e8ve pas, comme c\u2019est souvent le cas, d\u2019un anniversaire ou de quelque comm\u00e9moration pluricentenaire, m\u00eame si en 2019, on est \u00e0 dix ans du huiti\u00e8me centenaire de la cr\u00e9ation de l\u2019universit\u00e9 de Toulouse. Diff\u00e9rents \u00e9l\u00e9ments ont cependant compt\u00e9 dans l\u2019\u00e9mergence et la r\u00e9alisation de cet ouvrage\u00a0: la structuration de l\u2019universit\u00e9 f\u00e9d\u00e9rale de Toulouse, le d\u00e9veloppement du Quai des savoirs et la r\u00e9novation des locaux historiques de la facult\u00e9 des sciences, la reconstruction ou le d\u00e9veloppement de campus, l\u2019attention port\u00e9e par les institutions \u00e0 leurs archives ou \u00e0 leurs collections. Il en va de m\u00eame pour la convocation de l\u2019histoire dans des strat\u00e9gies de valorisation des institutions contemporaines qui n\u00e9cessitent, de plus en plus, une r\u00e9ponse d\u2019historiens.\u00a0C\u2019est un mouvement national et international auquel Toulouse ne saurait \u00e9chapper.\u00a0Encore fallait-il se garder de toute histoire apolog\u00e9tique.\u00a0\u00c9viter toute monographie d\u2019autoglorification a \u00e9t\u00e9 le souci constant des auteurs.<\/p>\n<h4><span style=\"color: #bd0b0b\"><strong>Les atouts<\/strong><\/span><\/h4>\n<p>Ce projet \u00e9ditorial a pu s\u2019appuyer sur la qualit\u00e9 et la masse exceptionnelles du fonds archivistique conserv\u00e9 pour les huit si\u00e8cles de l\u2019existence de l\u2019universit\u00e9. Cette masse requ\u00e9rait du recul et cet ouvrage a b\u00e9n\u00e9fici\u00e9 de nombreux travaux de fonds men\u00e9s par des chercheurs passionn\u00e9s, ainsi que des avanc\u00e9es de l\u2019historiographie depuis une quarantaine d\u2019ann\u00e9es.<\/p>\n<p>Il a aussi pu compter sur des chercheurs toulousains ou hexagonaux, historiens ou non, capables de s\u2019atteler \u00e0 la t\u00e2che, d\u2019avoir des regards crois\u00e9s, ouverts \u00e0 la d\u00e9marche diachronique et \u00e0 l\u2019examen des contextes politiques, sociaux ou culturels. Aux c\u00f4t\u00e9s des historiens m\u00e9di\u00e9vistes\u00a0(<a href=\"https:\/\/fr.wikipedia.org\/wiki\/Jacques_Verger\" target=\"_blank\" rel=\"noopener noreferrer\">Jacques Verger<\/a> et <a href=\"http:\/\/blogs.univ-jfc.fr\/studium\/les-membres\/foissac-patrice\/\" target=\"_blank\" rel=\"noopener noreferrer\">Patrice Foissac<\/a>), modernistes\u00a0(<a href=\"http:\/\/blogs.univ-jfc.fr\/studium\/les-membres\/ferte-patrick\/\" target=\"_blank\" rel=\"noopener noreferrer\">Patrick Fert\u00e9<\/a> et <a href=\"https:\/\/certop.cnrs.fr\/lamy-jerome\/\" target=\"_blank\" rel=\"noopener noreferrer\">J\u00e9r\u00f4me Lamy<\/a>), contemporan\u00e9istes\u00a0(<a href=\"http:\/\/blogs.univ-jfc.fr\/studium\/les-membres\/barrera-caroline\/\" target=\"_blank\" rel=\"noopener noreferrer\">Caroline Barrera<\/a>, <a href=\"http:\/\/blogs.univ-jfc.fr\/studium\/les-membres\/cantier-jacques\/\" target=\"_blank\" rel=\"noopener noreferrer\">Jacques Cantier<\/a>, <a href=\"http:\/\/lassp.sciencespo-toulouse.fr\/Isabelle-LACOUE-LABARTHE\" target=\"_blank\" rel=\"noopener noreferrer\">Isabelle Lacoue-Labarthe<\/a>, <a href=\"https:\/\/framespa.univ-tlse2.fr\/pratique\/annuaire\/pech-remy-24448.kjsp#\/\" target=\"_blank\" rel=\"noopener noreferrer\">R\u00e9my Pech<\/a>, G\u00e9rard P\u00e9ri\u00e9), on trouve donc des historiens du droit\u00a0(<a href=\"http:\/\/blogs.univ-jfc.fr\/universitas\/chercheur-es\/devaux-olivier\/\" target=\"_blank\" rel=\"noopener noreferrer\">Olivier Devaux<\/a>), de l\u2019art\u00a0(<a href=\"https:\/\/framespa.univ-tlse2.fr\/meynen-nicolas-277150.kjsp#\/\" target=\"_blank\" rel=\"noopener noreferrer\">Nicolas Meynen<\/a>), du sport\u00a0(<a href=\"http:\/\/blogs.univ-jfc.fr\/studium\/les-membres\/auger-fabrice\/\" target=\"_blank\" rel=\"noopener noreferrer\">Fabrice Auger<\/a>), de la m\u00e9decine\u00a0(<a href=\"http:\/\/blogs.univ-jfc.fr\/studium\/les-membres\/bouzigue-jean-yves\/\" target=\"_blank\" rel=\"noopener noreferrer\">Jean-Yves Bousigue<\/a>), des juristes\u00a0(<a href=\"http:\/\/lassp.sciencespo-toulouse.fr\/Delphine-ESPAGNO-ABADIE\" target=\"_blank\" rel=\"noopener noreferrer\">Delphine Espagno<\/a>, <a href=\"https:\/\/univ-droit.fr\/universitaires\/5122-grosclaude-laurent\" target=\"_blank\" rel=\"noopener noreferrer\">Laurent Grosclaude<\/a>), des sociologues\u00a0(<a href=\"https:\/\/lisst.univ-tlse2.fr\/accueil\/hn-equipes-de-recherche\/collectif-experiences-reseaux-et-societes-cers-\/annuaire-cers\/michel-grossetti--58952.kjsp#\/\" target=\"_blank\" rel=\"noopener noreferrer\">Michel Grossetti<\/a> et <a href=\"https:\/\/lisst.univ-tlse2.fr\/accueil\/hn-equipes-de-recherche\/collectif-experiences-reseaux-et-societes-cers-\/annuaire-cers\/jalaudin-christophe-54306.kjsp#\/\" target=\"_blank\" rel=\"noopener noreferrer\">Christophe Jalaudin<\/a>), un th\u00e9ologien\u00a0(<a href=\"https:\/\/fr.wikipedia.org\/wiki\/Andr%C3%A9_Gounelle\" target=\"_blank\" rel=\"noopener noreferrer\">Andr\u00e9 Gounelle<\/a>), un \u00e9conomiste\u00a0(<a href=\"http:\/\/blogs.univ-jfc.fr\/universitas\/chercheur-es\/alcouffe-alain\/\" target=\"_blank\" rel=\"noopener noreferrer\">Alain Alcouffe<\/a>) et une sp\u00e9cialiste du patrimoine universitaire\u00a0(<a href=\"https:\/\/www.lerass.com\/author\/acjolivet\/\" target=\"_blank\" rel=\"noopener noreferrer\">Anne-Claire Jolivet<\/a>).<\/p>\n<h4><span style=\"color: #8f4009\"><strong>Les objectifs<\/strong><\/span><\/h4>\n<p>Ces trois volumes ont pour objectif de couvrir l\u2019histoire universitaire toulousaine, entendue au sens large, c\u2019est-\u00e0-dire du Moyen \u00c2ge aux ann\u00e9es\u00a02010, dans toutes ses d\u00e9clinaisons institutionnelles et disciplinaires, y compris celle de ses grandes \u00e9coles\u00a0\u2013\u00a0pour beaucoup cr\u00e9ations universitaires\u00a0\u2013\u00a0ou de certains \u00e9tablissements aujourd\u2019hui qualifi\u00e9s de \u00ab\u00a0priv\u00e9s\u00a0\u00bb, mais historiquement fondamentaux, comme l\u2019institut catholique de Toulouse. C\u2019est le principe d\u2019une approche globale qui a \u00e9t\u00e9 choisi et non pas celui d\u2019un traitement fragment\u00e9 par \u00e9tablissement.<\/p>\n<p>La m\u00eame ambition a pr\u00e9valu pour le spectre g\u00e9ographique de cette universit\u00e9 \u00ab\u00a0de Toulouse\u00a0\u00bb, dont la dimension r\u00e9gionale a \u00e9t\u00e9 prise en compte, puisque des institutions ext\u00e9rieures lui sont plus ou moins rattach\u00e9es, comme jadis les \u00e9tablissements cadurciens ou la facult\u00e9 de Montauban. L\u2019\u00e9poque r\u00e9cente a pr\u00e9f\u00e9r\u00e9 parler d\u2019universit\u00e9 de \u00ab\u00a0Toulouse Midi-Pyr\u00e9n\u00e9es\u00a0\u00bb, incluant, entre autres, Albi, Tarbes, Rodez ou Castres. Consid\u00e9rer l\u2019espace impliquait aussi de se soucier du rayonnement national et international de l\u2019universit\u00e9 toulousaine.<\/p>\n<p>Sans occulter ni les grandes c\u00e9sures ni les grandes figures, il s\u2019agissait encore de faire une place \u00e0 la polyphonie d\u2019une institution \u00e9minemment prot\u00e9iforme en abordant l\u2019ensemble de ses acteurs, des \u00ab\u00a0vedettes de la science\u00a0\u00bb aux acteurs ordinaires que sont nombre d\u2019enseignants, que sont les \u00e9tudiants, que sont aussi les \u00ab\u00a0supp\u00f4ts\u00a0\u00bb de l\u2019universit\u00e9\u00a0\u2013\u00a0actuels personnels administratifs et techniques\u00a0\u2013, en rendant visibles les substrats, les pollinisations discr\u00e8tes ou les strat\u00e9gies palliatives, fussent-ils peu visibles ou moins glorieux, mais parfois essentiels quand on envisage le long terme.<\/p>\n<h4><span style=\"color: #bd0b0b\"><strong>L\u2019\u00e9criture et les outils<\/strong><\/span><\/h4>\n<p>Les auteurs et autrices de ces volumes ont adopt\u00e9 une \u00e9criture accessible \u00e0 des publics vari\u00e9s, sp\u00e9cialistes ou non de l\u2019histoire universitaire. Les diff\u00e9rentes parties ont le souci d\u2019\u00eatre p\u00e9dagogiques, d\u2019\u00eatre incarn\u00e9es, en sortant de l\u2019oubli nombre des acteurs et des actrices de cette riche histoire, mais aussi de s\u2019inscrire dans les d\u00e9bats historiographiques europ\u00e9ens ou internationaux.<\/p>\n<p>Divers outils sont propos\u00e9s au lecteur\u00a0:<\/p>\n<ul>\n<li>des index recensent les noms de personnes, de lieux ou d\u2019\u00e9quipements p\u00e9dagogiques ou scientifiques, ainsi que les principales mati\u00e8res trait\u00e9es,<\/li>\n<li>des chronologies par p\u00e9riodes historiques qui facilitent les rep\u00e9rages temporels,<\/li>\n<li>des bibliographies qui guident vers d\u2019autres travaux de r\u00e9f\u00e9rence.<\/li>\n<\/ul>\n<p>Tandis que de larges extraits de textes et une iconographie vari\u00e9e et riche accompagnent la lecture.<\/p>\n<h4><span style=\"color: #e67607\"><strong>Trois volumes mais un seul livre<\/strong><\/span><\/h4>\n<p>Cette histoire s\u2019organise en trois\u00a0volumes qui respectent les d\u00e9coupages chronologiques traditionnels\u00a0: le Moyen \u00c2ge\u00a0(Jacques Verger et Patrice Foissac), l\u2019\u00e9poque moderne\u00a0(Patrick Fert\u00e9) et l\u2019\u00e9poque contemporaine\u00a0(dirig\u00e9 par Caroline Barrera).<\/p>\n<p>Mais chaque p\u00e9riode reprend dans quatre ou cinq parties une trame assez similaire. La premi\u00e8re partie de chaque p\u00e9riode se focalise sur le d\u00e9roul\u00e9 chronologique institutionnel, rep\u00e8re et analyse les piliers structurels, les grandes r\u00e9formes, aborde les questions mat\u00e9rielles et patrimoniales. Il replace l\u2019universit\u00e9 dans les diff\u00e9rents contextes de son histoire, identifiant les \u00ab\u00a0champs de force\u00a0\u00bb au milieu desquels elle \u00e9volue. Les suivants, tout en proposant des p\u00e9riodisations claires, sont davantage th\u00e9matiques sur les enseignants et leurs activit\u00e9s, sur les \u00e9tudiants et sur les relations de l\u2019universit\u00e9 avec l\u2019ext\u00e9rieur.<\/p>\n<p>Au-del\u00e0 des sp\u00e9cificit\u00e9s de chaque p\u00e9riode, le lecteur pourra donc rep\u00e9rer des th\u00e9matiques r\u00e9currentes\u00a0: la construction institutionnelle, la question de la s\u00e9cularisation, celle de la coh\u00e9sion universitaire, les fonctions de l\u2019universit\u00e9, la relation de l\u2019universit\u00e9 de Toulouse avec la ville rose, son rayonnement national ou international, les questions p\u00e9dagogiques et scientifiques\u2026<\/p>\n<p>&nbsp;<\/p>\n","protected":false},"excerpt":{"rendered":"<p>L\u2019origine L\u2019Histoire de l\u2019universit\u00e9 de Toulouse est un projet initi\u00e9 par le professeur Jean-Marc Olivier, qui sollicite au milieu des ann\u00e9es 2010 deux historiens du laboratoire Framespa\u00a0(universit\u00e9 Toulouse-Jean Jaur\u00e8s-CNRS), Caroline Barrera\u00a0(INU Champollion) et Patrick Fert\u00e9\u00a0(UT2J), membres de l\u2019atelier Studium, pour diriger une histoire globale de l\u2019universit\u00e9 de Toulouse du Moyen \u00c2ge \u00e0 nos jours. Ce &hellip; <a href=\"https:\/\/blogs.univ-jfc.fr\/studium\/quelques-mots-de-presentation\/\" class=\"more-link\">Continuer la lecture de <span class=\"screen-reader-text\">Quelques mots de pr\u00e9sentation<\/span> <span class=\"meta-nav\">&rarr;<\/span><\/a><\/p>\n","protected":false},"author":19,"featured_media":0,"parent":0,"menu_order":0,"comment_status":"closed","ping_status":"closed","template":"","meta":[],"_links":{"self":[{"href":"https:\/\/blogs.univ-jfc.fr\/studium\/wp-json\/wp\/v2\/pages\/1630"}],"collection":[{"href":"https:\/\/blogs.univ-jfc.fr\/studium\/wp-json\/wp\/v2\/pages"}],"about":[{"href":"https:\/\/blogs.univ-jfc.fr\/studium\/wp-json\/wp\/v2\/types\/page"}],"author":[{"embeddable":true,"href":"https:\/\/blogs.univ-jfc.fr\/studium\/wp-json\/wp\/v2\/users\/19"}],"replies":[{"embeddable":true,"href":"https:\/\/blogs.univ-jfc.fr\/studium\/wp-json\/wp\/v2\/comments?post=1630"}],"version-history":[{"count":11,"href":"https:\/\/blogs.univ-jfc.fr\/studium\/wp-json\/wp\/v2\/pages\/1630\/revisions"}],"predecessor-version":[{"id":1649,"href":"https:\/\/blogs.univ-jfc.fr\/studium\/wp-json\/wp\/v2\/pages\/1630\/revisions\/1649"}],"wp:attachment":[{"href":"https:\/\/blogs.univ-jfc.fr\/studium\/wp-json\/wp\/v2\/media?parent=1630"}],"curies":[{"name":"wp","href":"https:\/\/api.w.org\/{rel}","templated":true}]}}