{"id":17,"date":"2015-04-03T12:46:57","date_gmt":"2015-04-03T11:46:57","guid":{"rendered":"http:\/\/blogs.univ-jfc.fr\/studium\/?page_id=17"},"modified":"2019-04-17T07:40:12","modified_gmt":"2019-04-17T06:40:12","slug":"ressources","status":"publish","type":"page","link":"https:\/\/blogs.univ-jfc.fr\/studium\/ressources\/","title":{"rendered":"Autres ressources"},"content":{"rendered":"<p>&nbsp;<\/p>\n<p>Bases de donn\u00e9es prosopographiques<\/p>\n<p>Sites de r\u00e9f\u00e9rences<\/p>\n","protected":false},"excerpt":{"rendered":"<p>&nbsp; Bases de donn\u00e9es prosopographiques Sites de r\u00e9f\u00e9rences<\/p>\n","protected":false},"author":19,"featured_media":0,"parent":0,"menu_order":4,"comment_status":"closed","ping_status":"closed","template":"","meta":[],"_links":{"self":[{"href":"https:\/\/blogs.univ-jfc.fr\/studium\/wp-json\/wp\/v2\/pages\/17"}],"collection":[{"href":"https:\/\/blogs.univ-jfc.fr\/studium\/wp-json\/wp\/v2\/pages"}],"about":[{"href":"https:\/\/blogs.univ-jfc.fr\/studium\/wp-json\/wp\/v2\/types\/page"}],"author":[{"embeddable":true,"href":"https:\/\/blogs.univ-jfc.fr\/studium\/wp-json\/wp\/v2\/users\/19"}],"replies":[{"embeddable":true,"href":"https:\/\/blogs.univ-jfc.fr\/studium\/wp-json\/wp\/v2\/comments?post=17"}],"version-history":[{"count":3,"href":"https:\/\/blogs.univ-jfc.fr\/studium\/wp-json\/wp\/v2\/pages\/17\/revisions"}],"predecessor-version":[{"id":1051,"href":"https:\/\/blogs.univ-jfc.fr\/studium\/wp-json\/wp\/v2\/pages\/17\/revisions\/1051"}],"wp:attachment":[{"href":"https:\/\/blogs.univ-jfc.fr\/studium\/wp-json\/wp\/v2\/media?parent=17"}],"curies":[{"name":"wp","href":"https:\/\/api.w.org\/{rel}","templated":true}]}}