{"id":1725,"date":"2020-07-28T09:57:09","date_gmt":"2020-07-28T08:57:09","guid":{"rendered":"http:\/\/blogs.univ-jfc.fr\/studium\/?page_id=1725"},"modified":"2020-07-28T09:59:22","modified_gmt":"2020-07-28T08:59:22","slug":"enseignement-artistique","status":"publish","type":"page","link":"https:\/\/blogs.univ-jfc.fr\/studium\/enseignement-artistique\/","title":{"rendered":"Enseignement artistique"},"content":{"rendered":"<div>D\u00e9couvrez l&rsquo;exposition virtuelle du programme ACA-RES \u00ab\u00a0Participez \u00e0 la vie des acad\u00e9mies d\u2019art\u2026 Portes ouvertes de 9 \u00e0 99 ans\u00a0\u00bb [ <a href=\"http:\/\/aca-res.formo.work\/#Accueil\" target=\"_blank\" rel=\"noopener noreferrer\">http:\/\/aca-res.formo.work\/#Accueil<\/a> ] r\u00e9alis\u00e9e gr\u00e2ce au soutien de la Carte Blanche INHA-2020.<\/div>\n<div>Fruit d\u2019un travail collectif, elle vous permettra de d\u00e9couvrir les mod\u00e8les artistiques et les \u0153uvres produites dans les acad\u00e9mies d&rsquo;art au XVIIIe si\u00e8cle, tout en suivant les parcours des professeurs et\/ou des \u00e9l\u00e8ves de ces institutions. Des oeuvres in\u00e9dites ou m\u00e9connues pour mettre en lumi\u00e8re une culture visuelle partag\u00e9e en France et au-del\u00e0.<\/div>\n<div><\/div>\n<div>\n<div class=\"\" dir=\"ltr\">\n<div dir=\"ltr\">\n<div>\n<div dir=\"ltr\">\n<div>\n<div><b>Anne Perrin Khelissa et \u00c9milie Roffidal<br \/>\n<\/b><\/div>\n<div><b>Ma\u00eetre de conf\u00e9rences en histoire de l&rsquo;art et Charg\u00e9e de recherche CNRS<br \/>\n<\/b><\/div>\n<p><b>Universit\u00e9 Toulouse Jean Jaur\u00e8s<br \/>\n<\/b><\/div>\n<div><b>Laboratoire de recherche FRAMESPA &#8211; UMR 5136<br \/>\n<\/b><\/div>\n<p><b>Programme ACA-RES sur <i>Les acad\u00e9mies d&rsquo;art et leurs r\u00e9seaux dans la France pr\u00e9industrielle<\/i><br \/>\n<a href=\"https:\/\/acares.hypotheses.org\/\" target=\"_blank\" rel=\"noopener noreferrer\">https:\/\/acares.hypotheses.org\/<\/a><\/b><\/div>\n<\/div>\n<\/div>\n<\/div>\n<\/div>\n","protected":false},"excerpt":{"rendered":"<p>D\u00e9couvrez l&rsquo;exposition virtuelle du programme ACA-RES \u00ab\u00a0Participez \u00e0 la vie des acad\u00e9mies d\u2019art\u2026 Portes ouvertes de 9 \u00e0 99 ans\u00a0\u00bb [ http:\/\/aca-res.formo.work\/#Accueil ] r\u00e9alis\u00e9e gr\u00e2ce au soutien de la Carte Blanche INHA-2020. Fruit d\u2019un travail collectif, elle vous permettra de d\u00e9couvrir les mod\u00e8les artistiques et les \u0153uvres produites dans les acad\u00e9mies d&rsquo;art au XVIIIe si\u00e8cle, &hellip; <a href=\"https:\/\/blogs.univ-jfc.fr\/studium\/enseignement-artistique\/\" class=\"more-link\">Continuer la lecture de <span class=\"screen-reader-text\">Enseignement artistique<\/span> <span class=\"meta-nav\">&rarr;<\/span><\/a><\/p>\n","protected":false},"author":19,"featured_media":0,"parent":0,"menu_order":0,"comment_status":"closed","ping_status":"closed","template":"","meta":[],"_links":{"self":[{"href":"https:\/\/blogs.univ-jfc.fr\/studium\/wp-json\/wp\/v2\/pages\/1725"}],"collection":[{"href":"https:\/\/blogs.univ-jfc.fr\/studium\/wp-json\/wp\/v2\/pages"}],"about":[{"href":"https:\/\/blogs.univ-jfc.fr\/studium\/wp-json\/wp\/v2\/types\/page"}],"author":[{"embeddable":true,"href":"https:\/\/blogs.univ-jfc.fr\/studium\/wp-json\/wp\/v2\/users\/19"}],"replies":[{"embeddable":true,"href":"https:\/\/blogs.univ-jfc.fr\/studium\/wp-json\/wp\/v2\/comments?post=1725"}],"version-history":[{"count":2,"href":"https:\/\/blogs.univ-jfc.fr\/studium\/wp-json\/wp\/v2\/pages\/1725\/revisions"}],"predecessor-version":[{"id":1728,"href":"https:\/\/blogs.univ-jfc.fr\/studium\/wp-json\/wp\/v2\/pages\/1725\/revisions\/1728"}],"wp:attachment":[{"href":"https:\/\/blogs.univ-jfc.fr\/studium\/wp-json\/wp\/v2\/media?parent=1725"}],"curies":[{"name":"wp","href":"https:\/\/api.w.org\/{rel}","templated":true}]}}