{"id":1753,"date":"2020-09-29T14:05:56","date_gmt":"2020-09-29T13:05:56","guid":{"rendered":"http:\/\/blogs.univ-jfc.fr\/studium\/?page_id=1753"},"modified":"2023-07-10T09:39:27","modified_gmt":"2023-07-10T08:39:27","slug":"theses","status":"publish","type":"page","link":"https:\/\/blogs.univ-jfc.fr\/studium\/les-projets\/theses\/","title":{"rendered":"Th\u00e8ses encours"},"content":{"rendered":"<p><a href=\"http:\/\/blogs.univ-jfc.fr\/studium\/les-membres\/collet-pauline-doctorante\/\" target=\"_blank\" rel=\"noopener noreferrer\">Pauline Collet<\/a> : Construire l\u2019universit\u00e9 de Toulouse. Etude de l\u2019\u00e9volution de l\u2019universit\u00e9 \u00e0 travers l\u2019\u00e9volution des b\u00e2timents de la fin du XIX<sup>e<\/sup> si\u00e8cle \u00e0 nos jours, sous la co-direction de Jean-Michel Minovez (GEODE) et de Caroline Barrera (Framespa)<\/p>\n<p><a href=\"http:\/\/blogs.univ-jfc.fr\/studium\/pujol-jerome-doctorant\/\" target=\"_blank\" rel=\"noopener noreferrer\">J\u00e9r\u00f4me Pujol <\/a>: \u00ab\u00a0Le p\u00e8re Bernadot (1883-1941) : pionnier de la presse catholique et fondateur des \u00e9ditions du cerf\u00a0\u00bb, sous la direction de Jacques Cantier.<\/p>\n","protected":false},"excerpt":{"rendered":"<p>Pauline Collet : Construire l\u2019universit\u00e9 de Toulouse. Etude de l\u2019\u00e9volution de l\u2019universit\u00e9 \u00e0 travers l\u2019\u00e9volution des b\u00e2timents de la fin du XIXe si\u00e8cle \u00e0 nos jours, sous la co-direction de Jean-Michel Minovez (GEODE) et de Caroline Barrera (Framespa) J\u00e9r\u00f4me Pujol : \u00ab\u00a0Le p\u00e8re Bernadot (1883-1941) : pionnier de la presse catholique et fondateur des \u00e9ditions &hellip; <a href=\"https:\/\/blogs.univ-jfc.fr\/studium\/les-projets\/theses\/\" class=\"more-link\">Continuer la lecture de <span class=\"screen-reader-text\">Th\u00e8ses encours<\/span> <span class=\"meta-nav\">&rarr;<\/span><\/a><\/p>\n","protected":false},"author":19,"featured_media":0,"parent":15,"menu_order":6,"comment_status":"closed","ping_status":"closed","template":"","meta":[],"_links":{"self":[{"href":"https:\/\/blogs.univ-jfc.fr\/studium\/wp-json\/wp\/v2\/pages\/1753"}],"collection":[{"href":"https:\/\/blogs.univ-jfc.fr\/studium\/wp-json\/wp\/v2\/pages"}],"about":[{"href":"https:\/\/blogs.univ-jfc.fr\/studium\/wp-json\/wp\/v2\/types\/page"}],"author":[{"embeddable":true,"href":"https:\/\/blogs.univ-jfc.fr\/studium\/wp-json\/wp\/v2\/users\/19"}],"replies":[{"embeddable":true,"href":"https:\/\/blogs.univ-jfc.fr\/studium\/wp-json\/wp\/v2\/comments?post=1753"}],"version-history":[{"count":6,"href":"https:\/\/blogs.univ-jfc.fr\/studium\/wp-json\/wp\/v2\/pages\/1753\/revisions"}],"predecessor-version":[{"id":2462,"href":"https:\/\/blogs.univ-jfc.fr\/studium\/wp-json\/wp\/v2\/pages\/1753\/revisions\/2462"}],"up":[{"embeddable":true,"href":"https:\/\/blogs.univ-jfc.fr\/studium\/wp-json\/wp\/v2\/pages\/15"}],"wp:attachment":[{"href":"https:\/\/blogs.univ-jfc.fr\/studium\/wp-json\/wp\/v2\/media?parent=1753"}],"curies":[{"name":"wp","href":"https:\/\/api.w.org\/{rel}","templated":true}]}}