{"id":1766,"date":"2020-10-02T06:44:42","date_gmt":"2020-10-02T05:44:42","guid":{"rendered":"http:\/\/blogs.univ-jfc.fr\/studium\/?page_id=1766"},"modified":"2021-05-04T09:34:39","modified_gmt":"2021-05-04T08:34:39","slug":"pujol-jerome-doctorant","status":"publish","type":"page","link":"https:\/\/blogs.univ-jfc.fr\/studium\/pujol-jerome-doctorant\/","title":{"rendered":"PUJOL, J\u00e9r\u00f4me (Doctorant)"},"content":{"rendered":"<p>Professeur agr\u00e9g\u00e9 d&rsquo;histoire et g\u00e9ographie au lyc\u00e9e de Fronton.<\/p>\n<p>Doctorant en histoire contemporaine.<\/p>\n<p>Sujet de th\u00e8se : \u00ab\u00a0Le p\u00e8re Bernadot (1883-1941) : pionnier de la presse catholique et fondateur des \u00e9ditions du cerf\u00a0\u00bb, sous la direction de Jacques Cantier.<\/p>\n<p>Contact :<\/p>\n<h5><span style=\"color: #bf0d0d\">Mots-clefs<\/span> : culture, presse, \u00e9dition, catholicisme, Bernardot, Cerf.<\/h5>\n<h5><span style=\"color: #bf0d0d\">Chantiers<\/span> : Culture et diffusions culturelles.<\/h5>\n<h4>\u00a0<span style=\"color: #bf0d0d\">Bibliographie<\/span><\/h4>\n<ul>\n<li>J\u00e9r\u00f4me Pujol, \u201cSur les pas d\u2019H\u00e9l\u00e8ne Berr\u201d, Mariette Job et Karine Baran\u00e8s &#8211; B\u00e9nichou (dir), <em>Se souvenir d\u2019H\u00e9l\u00e8ne Berr<\/em>, Paris, Fayard, 2021, p. 211 \u2013 232.<\/li>\n<\/ul>\n","protected":false},"excerpt":{"rendered":"<p>Professeur agr\u00e9g\u00e9 d&rsquo;histoire et g\u00e9ographie au lyc\u00e9e de Fronton. Doctorant en histoire contemporaine. Sujet de th\u00e8se : \u00ab\u00a0Le p\u00e8re Bernadot (1883-1941) : pionnier de la presse catholique et fondateur des \u00e9ditions du cerf\u00a0\u00bb, sous la direction de Jacques Cantier. Contact : Mots-clefs : culture, presse, \u00e9dition, catholicisme, Bernardot, Cerf. Chantiers : Culture et diffusions culturelles. &hellip; <a href=\"https:\/\/blogs.univ-jfc.fr\/studium\/pujol-jerome-doctorant\/\" class=\"more-link\">Continuer la lecture de <span class=\"screen-reader-text\">PUJOL, J\u00e9r\u00f4me (Doctorant)<\/span> <span class=\"meta-nav\">&rarr;<\/span><\/a><\/p>\n","protected":false},"author":19,"featured_media":0,"parent":0,"menu_order":24,"comment_status":"closed","ping_status":"closed","template":"","meta":[],"_links":{"self":[{"href":"https:\/\/blogs.univ-jfc.fr\/studium\/wp-json\/wp\/v2\/pages\/1766"}],"collection":[{"href":"https:\/\/blogs.univ-jfc.fr\/studium\/wp-json\/wp\/v2\/pages"}],"about":[{"href":"https:\/\/blogs.univ-jfc.fr\/studium\/wp-json\/wp\/v2\/types\/page"}],"author":[{"embeddable":true,"href":"https:\/\/blogs.univ-jfc.fr\/studium\/wp-json\/wp\/v2\/users\/19"}],"replies":[{"embeddable":true,"href":"https:\/\/blogs.univ-jfc.fr\/studium\/wp-json\/wp\/v2\/comments?post=1766"}],"version-history":[{"count":7,"href":"https:\/\/blogs.univ-jfc.fr\/studium\/wp-json\/wp\/v2\/pages\/1766\/revisions"}],"predecessor-version":[{"id":1984,"href":"https:\/\/blogs.univ-jfc.fr\/studium\/wp-json\/wp\/v2\/pages\/1766\/revisions\/1984"}],"wp:attachment":[{"href":"https:\/\/blogs.univ-jfc.fr\/studium\/wp-json\/wp\/v2\/media?parent=1766"}],"curies":[{"name":"wp","href":"https:\/\/api.w.org\/{rel}","templated":true}]}}