{"id":1975,"date":"2021-04-29T07:16:00","date_gmt":"2021-04-29T06:16:00","guid":{"rendered":"http:\/\/blogs.univ-jfc.fr\/studium\/?page_id=1975"},"modified":"2021-04-29T07:29:51","modified_gmt":"2021-04-29T06:29:51","slug":"maffre-stephanie","status":"publish","type":"page","link":"https:\/\/blogs.univ-jfc.fr\/studium\/maffre-stephanie\/","title":{"rendered":"MAFFRE, St\u00e9phanie"},"content":{"rendered":"\n<p>Ma\u00eetre de conf\u00e9rences en histoire contemporaine \u00e0 l\u2019Universit\u00e9 de Toulouse \/ Universit\u00e9 Toulouse Jean Jaur\u00e8s\/INSPE et membre permanent du laboratoire FRAMESPA.<\/p>\n\n\n\n<p><a href=\"http:\/\/www.univ-jfc.fr\/u\/cbarrera\">Pr\u00e9sentation<\/a><\/p>\n\n\n\n<p>Courriel : <a href=\"melA('stephanie.maffre','','','univ-tlse2.fr');\">stephanie.maffre@univ-tlse2.fr<\/a><\/p>\n\n\n\n<h5>Mots-clefs :<\/h5>\n\n\n\n<p><\/p>\n\n\n\n<h5>Chantiers :<\/h5>\n\n\n\n<p><\/p>\n\n\n\n<p><\/p>\n\n\n\n<h5><strong>Bibliographie<br><\/strong><\/h5>\n\n\n\n<p><\/p>\n\n\n\n<p><\/p>\n","protected":false},"excerpt":{"rendered":"<p>Ma\u00eetre de conf\u00e9rences en histoire contemporaine \u00e0 l\u2019Universit\u00e9 de Toulouse \/ Universit\u00e9 Toulouse Jean Jaur\u00e8s\/INSPE et membre permanent du laboratoire FRAMESPA. Pr\u00e9sentation Courriel : stephanie.maffre@univ-tlse2.fr Mots-clefs : Chantiers : Bibliographie<\/p>\n","protected":false},"author":19,"featured_media":0,"parent":0,"menu_order":0,"comment_status":"closed","ping_status":"closed","template":"","meta":[],"_links":{"self":[{"href":"https:\/\/blogs.univ-jfc.fr\/studium\/wp-json\/wp\/v2\/pages\/1975"}],"collection":[{"href":"https:\/\/blogs.univ-jfc.fr\/studium\/wp-json\/wp\/v2\/pages"}],"about":[{"href":"https:\/\/blogs.univ-jfc.fr\/studium\/wp-json\/wp\/v2\/types\/page"}],"author":[{"embeddable":true,"href":"https:\/\/blogs.univ-jfc.fr\/studium\/wp-json\/wp\/v2\/users\/19"}],"replies":[{"embeddable":true,"href":"https:\/\/blogs.univ-jfc.fr\/studium\/wp-json\/wp\/v2\/comments?post=1975"}],"version-history":[{"count":6,"href":"https:\/\/blogs.univ-jfc.fr\/studium\/wp-json\/wp\/v2\/pages\/1975\/revisions"}],"predecessor-version":[{"id":1982,"href":"https:\/\/blogs.univ-jfc.fr\/studium\/wp-json\/wp\/v2\/pages\/1975\/revisions\/1982"}],"wp:attachment":[{"href":"https:\/\/blogs.univ-jfc.fr\/studium\/wp-json\/wp\/v2\/media?parent=1975"}],"curies":[{"name":"wp","href":"https:\/\/api.w.org\/{rel}","templated":true}]}}