{"id":2422,"date":"2023-05-09T08:55:31","date_gmt":"2023-05-09T07:55:31","guid":{"rendered":"http:\/\/blogs.univ-jfc.fr\/studium\/?page_id=2422"},"modified":"2023-05-09T09:46:46","modified_gmt":"2023-05-09T08:46:46","slug":"histoire-des-metiers-de-lencadrement-sportif-des-corporations-aux-professions","status":"publish","type":"page","link":"https:\/\/blogs.univ-jfc.fr\/studium\/histoire-des-metiers-de-lencadrement-sportif-des-corporations-aux-professions\/","title":{"rendered":"9-10 OCTOBRE 2023 &#8211; Histoire des m\u00e9tiers de l\u2019encadrement sportif. Des corporations aux professions"},"content":{"rendered":"\n<p>Coordonn\u00e9 par Olivier Hoibian<\/p>\n\n\n\n<p>Laboratoire FRAMESPA (UMR 5136) \u2013 Toulouse<\/p>\n\n\n\n<p>______________________________<\/p>\n\n\n\n<p>Le Colloque se d\u00e9roulera du lundi 9 et Mardi 10 octobre 2023 dans la salle de r\u00e9ception de l\u2019H\u00f4tel d\u2019Ass\u00e9zat dans le c\u0153ur historique de Toulouse.<\/p>\n\n\n\n<p>Le professeur Georges Vigarello prononcera la conf\u00e9rence d\u2019ouverture.<\/p>\n\n\n\n<p><a rel=\"noreferrer noopener\" href=\"https:\/\/blogs.univ-jfc.fr\/studium\/2023\/05\/09\/aac-histoire-des-metiers-de-lencadrement-sportif-des-corporations-aux-professions\/\" data-type=\"URL\" data-id=\"https:\/\/blogs.univ-jfc.fr\/studium\/2023\/05\/09\/aac-histoire-des-metiers-de-lencadrement-sportif-des-corporations-aux-professions\/\" target=\"_blank\">APPEL A COMMUNICATION<\/a><\/p>\n\n\n\n<figure class=\"wp-block-image size-large\"><a href=\"https:\/\/blogs.univ-jfc.fr\/studium\/wp-content\/uploads\/sites\/44\/2023\/05\/Aff-Hoibian2-1.jpg\"><img loading=\"lazy\" width=\"724\" height=\"1024\" src=\"https:\/\/blogs.univ-jfc.fr\/studium\/wp-content\/uploads\/sites\/44\/2023\/05\/Aff-Hoibian2-1-724x1024.jpg\" alt=\"\" class=\"wp-image-2431\" srcset=\"https:\/\/blogs.univ-jfc.fr\/studium\/wp-content\/uploads\/sites\/44\/2023\/05\/Aff-Hoibian2-1-724x1024.jpg 724w, https:\/\/blogs.univ-jfc.fr\/studium\/wp-content\/uploads\/sites\/44\/2023\/05\/Aff-Hoibian2-1-212x300.jpg 212w, https:\/\/blogs.univ-jfc.fr\/studium\/wp-content\/uploads\/sites\/44\/2023\/05\/Aff-Hoibian2-1-768x1086.jpg 768w, https:\/\/blogs.univ-jfc.fr\/studium\/wp-content\/uploads\/sites\/44\/2023\/05\/Aff-Hoibian2-1.jpg 800w\" sizes=\"(max-width: 724px) 100vw, 724px\" \/><\/a><\/figure>\n","protected":false},"excerpt":{"rendered":"<p>Coordonn\u00e9 par Olivier Hoibian Laboratoire FRAMESPA (UMR 5136) \u2013 Toulouse ______________________________ Le Colloque se d\u00e9roulera du lundi 9 et Mardi 10 octobre 2023 dans la salle de r\u00e9ception de l\u2019H\u00f4tel d\u2019Ass\u00e9zat dans le c\u0153ur historique de Toulouse. Le professeur Georges Vigarello prononcera la conf\u00e9rence d\u2019ouverture. APPEL A COMMUNICATION<\/p>\n","protected":false},"author":19,"featured_media":0,"parent":0,"menu_order":0,"comment_status":"closed","ping_status":"closed","template":"","meta":[],"_links":{"self":[{"href":"https:\/\/blogs.univ-jfc.fr\/studium\/wp-json\/wp\/v2\/pages\/2422"}],"collection":[{"href":"https:\/\/blogs.univ-jfc.fr\/studium\/wp-json\/wp\/v2\/pages"}],"about":[{"href":"https:\/\/blogs.univ-jfc.fr\/studium\/wp-json\/wp\/v2\/types\/page"}],"author":[{"embeddable":true,"href":"https:\/\/blogs.univ-jfc.fr\/studium\/wp-json\/wp\/v2\/users\/19"}],"replies":[{"embeddable":true,"href":"https:\/\/blogs.univ-jfc.fr\/studium\/wp-json\/wp\/v2\/comments?post=2422"}],"version-history":[{"count":5,"href":"https:\/\/blogs.univ-jfc.fr\/studium\/wp-json\/wp\/v2\/pages\/2422\/revisions"}],"predecessor-version":[{"id":2432,"href":"https:\/\/blogs.univ-jfc.fr\/studium\/wp-json\/wp\/v2\/pages\/2422\/revisions\/2432"}],"wp:attachment":[{"href":"https:\/\/blogs.univ-jfc.fr\/studium\/wp-json\/wp\/v2\/media?parent=2422"}],"curies":[{"name":"wp","href":"https:\/\/api.w.org\/{rel}","templated":true}]}}