{"id":2466,"date":"2023-09-24T17:10:10","date_gmt":"2023-09-24T16:10:10","guid":{"rendered":"http:\/\/blogs.univ-jfc.fr\/studium\/?page_id=2466"},"modified":"2023-09-24T17:15:14","modified_gmt":"2023-09-24T16:15:14","slug":"pierre-frederic-charpentier","status":"publish","type":"page","link":"https:\/\/blogs.univ-jfc.fr\/studium\/pierre-frederic-charpentier\/","title":{"rendered":"Pierre-Fr\u00e9d\u00e9ric Charpentier"},"content":{"rendered":"\n<div class=\"wp-block-image\"><figure class=\"aligncenter size-large is-resized\"><a href=\"https:\/\/blogs.univ-jfc.fr\/studium\/wp-content\/uploads\/sites\/44\/2023\/09\/PFC.jpg\"><img loading=\"lazy\" src=\"https:\/\/blogs.univ-jfc.fr\/studium\/wp-content\/uploads\/sites\/44\/2023\/09\/PFC-912x1024.jpg\" alt=\"\" class=\"wp-image-2470\" width=\"259\" height=\"289\" \/><\/a><\/figure><\/div>\n\n\n\n<p>Membre du laboratoire FRAMESPA. Enseignant au lyc\u00e9e Marcelin-Berthelot de Toulouse.<\/p>\n\n\n\n<p>Charg\u00e9 de cours \u00e0 l\u2019Institut d\u2019\u00c9tudes Politiques de Toulouse et \u00e0 l\u2019Universit\u00e9 Toulouse 2 Jean-Jaur\u00e8s.<\/p>\n\n\n\n<p>Agr\u00e9g\u00e9 et docteur en Histoire.<\/p>\n\n\n\n<p><\/p>\n\n\n\n<p><\/p>\n\n\n\n<p><strong><span class=\"has-inline-color has-red-color\">PUBLICATIONS\u00a0&amp; COLLABORATIONS :\u00a0<\/span><\/strong><\/p>\n\n\n\n<ul><li><em>\u00ab&nbsp;\u00ab\u00a0Imb\u00e9ciles, c\u2019est pour vous que je meurs&nbsp;!&#8230;\u00a0\u00bb Valentin Feldman (1909-1942)<\/em>, Paris, CNRS \u00c9ditions, 2021, 336 p.<\/li><li><em>Joy Division. Sessions 1977-1981<\/em>, Marseille, \u00e9ditions Le Mot et le Reste, 2020, 512 p.<\/li><li><em>Les Intellectuels fran\u00e7ais et la guerre d\u2019Espagne. Une guerre civile par procuration (1936-1939)<\/em>, Paris, Le F\u00e9lin, 2019, 704 p.<\/li><li><em>Le Troisi\u00e8me Homme. Histoire des grands perdants de l\u2019\u00e9lection pr\u00e9sidentielle (1958-2012)<\/em>, Paris, Le F\u00e9lin, 2017, 314 p.<\/li><li><em>Rock The Casbah. Le son de The Clash<\/em>, Marseille, \u00e9ditions Le Mot et le Reste, 2015, 352 p.<\/li><li>Co-auteur, sous la direction de Pascal ORY, du <em>Dictionnaire des \u00e9trangers qui ont fait la France <\/em>[section \u00ab&nbsp;Litt\u00e9rature&nbsp;\u00bb], Paris, Robert Laffont, 2013, 992 p.<\/li><li><em>La Dr\u00f4le de Guerre des intellectuels fran\u00e7ais (1939-1940)<\/em>, Panazol, \u00c9ditions Lavauzelle, 2008, 324 p. [pr\u00e9s\u00e9lection prix Renaudot-essai 2008]<\/li><li>Avant-propos et \u00e9dition critique du <em>Journal de guerre (1940-1941) <\/em>de Valentin FELDMAN, Tours, \u00c9ditions <em>farrago<\/em>, 2006, 347 p.&nbsp;<\/li><\/ul>\n","protected":false},"excerpt":{"rendered":"<p>Membre du laboratoire FRAMESPA. Enseignant au lyc\u00e9e Marcelin-Berthelot de Toulouse. Charg\u00e9 de cours \u00e0 l\u2019Institut d\u2019\u00c9tudes Politiques de Toulouse et \u00e0 l\u2019Universit\u00e9 Toulouse 2 Jean-Jaur\u00e8s. Agr\u00e9g\u00e9 et docteur en Histoire. PUBLICATIONS\u00a0&amp; COLLABORATIONS :\u00a0 \u00ab&nbsp;\u00ab\u00a0Imb\u00e9ciles, c\u2019est pour vous que je meurs&nbsp;!&#8230;\u00a0\u00bb Valentin Feldman (1909-1942), Paris, CNRS \u00c9ditions, 2021, 336 p. Joy Division. Sessions 1977-1981, Marseille, \u00e9ditions &hellip; <a href=\"https:\/\/blogs.univ-jfc.fr\/studium\/pierre-frederic-charpentier\/\" class=\"more-link\">Continuer la lecture de <span class=\"screen-reader-text\">Pierre-Fr\u00e9d\u00e9ric Charpentier<\/span> <span class=\"meta-nav\">&rarr;<\/span><\/a><\/p>\n","protected":false},"author":19,"featured_media":0,"parent":0,"menu_order":0,"comment_status":"closed","ping_status":"closed","template":"","meta":[],"_links":{"self":[{"href":"https:\/\/blogs.univ-jfc.fr\/studium\/wp-json\/wp\/v2\/pages\/2466"}],"collection":[{"href":"https:\/\/blogs.univ-jfc.fr\/studium\/wp-json\/wp\/v2\/pages"}],"about":[{"href":"https:\/\/blogs.univ-jfc.fr\/studium\/wp-json\/wp\/v2\/types\/page"}],"author":[{"embeddable":true,"href":"https:\/\/blogs.univ-jfc.fr\/studium\/wp-json\/wp\/v2\/users\/19"}],"replies":[{"embeddable":true,"href":"https:\/\/blogs.univ-jfc.fr\/studium\/wp-json\/wp\/v2\/comments?post=2466"}],"version-history":[{"count":3,"href":"https:\/\/blogs.univ-jfc.fr\/studium\/wp-json\/wp\/v2\/pages\/2466\/revisions"}],"predecessor-version":[{"id":2471,"href":"https:\/\/blogs.univ-jfc.fr\/studium\/wp-json\/wp\/v2\/pages\/2466\/revisions\/2471"}],"wp:attachment":[{"href":"https:\/\/blogs.univ-jfc.fr\/studium\/wp-json\/wp\/v2\/media?parent=2466"}],"curies":[{"name":"wp","href":"https:\/\/api.w.org\/{rel}","templated":true}]}}