{"id":283,"date":"2015-04-11T07:29:27","date_gmt":"2015-04-11T06:29:27","guid":{"rendered":"http:\/\/blogs.univ-jfc.fr\/studium\/?page_id=283"},"modified":"2015-04-11T08:13:04","modified_gmt":"2015-04-11T07:13:04","slug":"enseignement-primaire-et-secondaire","status":"publish","type":"page","link":"https:\/\/blogs.univ-jfc.fr\/studium\/ressources\/liens-utiles\/enseignement-primaire-et-secondaire\/","title":{"rendered":"Enseignement primaire"},"content":{"rendered":"<ul>\n<li>\n<h2><a href=\"http:\/\/bhef.ish-lyon.cnrs.fr\/\">Bibliographie de l&rsquo;histoire de l&rsquo;\u00e9ducation fran\u00e7aise<\/a><\/h2>\n<\/li>\n<li>\n<h3><a href=\"http:\/\/www.inrp.fr\/she\/guizot\/\" target=\"_blank\">L\u2019ENQU\u00caTE GUIZOT<\/a><\/h3>\n<\/li>\n<li>lES COLLECTIONS NUMERIQUES DE LA<\/li>\n<li>\n<h2><a href=\"http:\/\/rhe.ish-lyon.cnrs.fr\/?q=toformation\" target=\"_blank\"><strong>La formation des ma\u00eetres en France, 1914-1990. Textes officiels<\/strong><\/a><\/h2>\n<\/li>\n<\/ul>\n<p style=\"text-align: justify\"><span style=\"text-decoration: underline\">Historique<\/span> : <span style=\"color: #000000\">Marcel Grandi\u00e8re avait dirig\u00e9 et publi\u00e9, il y a quelques ann\u00e9es, un premier r\u00e9pertoire sur la formation des ma\u00eetres du premier degr\u00e9 en France de 1792 \u00e0 1914 (<a href=\"http:\/\/www.inrp.fr\/publications\/edition-electronique\/documents-travaux-recherche-education\/BH101.pdf\" target=\"_blank\">Disponible gratuitement en pdf<\/a>).<\/span><\/p>\n<p style=\"text-align: justify\"><span style=\"text-decoration: underline\">R\u00e9sum\u00e9<\/span> : la base de Marcel Grandi\u00e8re et de <span style=\"color: #000000\">R\u00e9mi Paris, rassemble p<\/span><span style=\"color: #000000\">r\u00e8s de 4000 textes produits par la puissance publique (minist\u00e8res, chambres parlementaires\u2026). <\/span><\/p>\n","protected":false},"excerpt":{"rendered":"<p>Bibliographie de l&rsquo;histoire de l&rsquo;\u00e9ducation fran\u00e7aise L\u2019ENQU\u00caTE GUIZOT lES COLLECTIONS NUMERIQUES DE LA La formation des ma\u00eetres en France, 1914-1990. Textes officiels Historique : Marcel Grandi\u00e8re avait dirig\u00e9 et publi\u00e9, il y a quelques ann\u00e9es, un premier r\u00e9pertoire sur la formation des ma\u00eetres du premier degr\u00e9 en France de 1792 \u00e0 1914 (Disponible gratuitement en &hellip; <a href=\"https:\/\/blogs.univ-jfc.fr\/studium\/ressources\/liens-utiles\/enseignement-primaire-et-secondaire\/\" class=\"more-link\">Continuer la lecture de <span class=\"screen-reader-text\">Enseignement primaire<\/span> <span class=\"meta-nav\">&rarr;<\/span><\/a><\/p>\n","protected":false},"author":19,"featured_media":0,"parent":281,"menu_order":1,"comment_status":"closed","ping_status":"open","template":"","meta":[],"_links":{"self":[{"href":"https:\/\/blogs.univ-jfc.fr\/studium\/wp-json\/wp\/v2\/pages\/283"}],"collection":[{"href":"https:\/\/blogs.univ-jfc.fr\/studium\/wp-json\/wp\/v2\/pages"}],"about":[{"href":"https:\/\/blogs.univ-jfc.fr\/studium\/wp-json\/wp\/v2\/types\/page"}],"author":[{"embeddable":true,"href":"https:\/\/blogs.univ-jfc.fr\/studium\/wp-json\/wp\/v2\/users\/19"}],"replies":[{"embeddable":true,"href":"https:\/\/blogs.univ-jfc.fr\/studium\/wp-json\/wp\/v2\/comments?post=283"}],"version-history":[{"count":9,"href":"https:\/\/blogs.univ-jfc.fr\/studium\/wp-json\/wp\/v2\/pages\/283\/revisions"}],"predecessor-version":[{"id":317,"href":"https:\/\/blogs.univ-jfc.fr\/studium\/wp-json\/wp\/v2\/pages\/283\/revisions\/317"}],"up":[{"embeddable":true,"href":"https:\/\/blogs.univ-jfc.fr\/studium\/wp-json\/wp\/v2\/pages\/281"}],"wp:attachment":[{"href":"https:\/\/blogs.univ-jfc.fr\/studium\/wp-json\/wp\/v2\/media?parent=283"}],"curies":[{"name":"wp","href":"https:\/\/api.w.org\/{rel}","templated":true}]}}