{"id":287,"date":"2015-04-11T07:35:33","date_gmt":"2015-04-11T06:35:33","guid":{"rendered":"http:\/\/blogs.univ-jfc.fr\/studium\/?page_id=287"},"modified":"2020-03-25T11:47:25","modified_gmt":"2020-03-25T10:47:25","slug":"enseignement-superieur","status":"publish","type":"page","link":"https:\/\/blogs.univ-jfc.fr\/studium\/ressources\/liens-utiles\/enseignement-superieur\/","title":{"rendered":"Enseignement sup\u00e9rieur"},"content":{"rendered":"<ul>\n<li>\n<h3><a href=\"https:\/\/tolosana.univ-toulouse.fr\/fr\/corpus\/enseignement-pays-toulousain#\" target=\"_blank\" rel=\"noopener noreferrer\">TOLOSANA : ENSEIGNEMENT EN PAYS TOULOUSAIN<\/a><\/h3>\n<\/li>\n<li>\n<h3><a href=\"http:\/\/heloise.hypotheses.org\/base-de-donnees\">HELOISE :\u00a0European Workshop on academic Database (portail d&rsquo;acc\u00e8s aux bases de donn\u00e9es europ\u00e9ennes sur le monde acad\u00e9mique)<\/a><\/h3>\n<\/li>\n<li>\n<h2><a href=\"http:\/\/bhef.ish-lyon.cnrs.fr\/\" target=\"_blank\" rel=\"noopener noreferrer\">Bibliographie d&rsquo;histoire de l&rsquo;\u00e9ducation fran\u00e7aise<\/a><\/h2>\n<\/li>\n<li>\n<h2><a href=\"http:\/\/rhe.ish-lyon.cnrs.fr\/?q=biblio-sup\">Bibliographie sur les \u00e9tablissements d&rsquo;enseignement sup\u00e9rieur.<\/a><\/h2>\n<\/li>\n<li>\n<h2><a href=\"http:\/\/www.biusante.parisdescartes.fr\/histmed\/medica.htm\" target=\"_blank\" rel=\"noopener noreferrer\">Biblioth\u00e8que num\u00e9rique Medic@<\/a><\/h2>\n<\/li>\n<li>\n<h2><a href=\"http:\/\/rhe.ish-lyon.cnrs.fr\/?q=archives_sciences_biblio\">Les archives des sciences en France.<\/a><\/h2>\n<\/li>\n<li>\n<h2 style=\"text-align: justify\"><a href=\"http:\/\/rhe.ish-lyon.cnrs.fr\/?q=pfap\">R\u00e9pertoire des professeurs et principaux de la facult\u00e9 des arts de Paris aux XVIIe et XVIIIe si\u00e8cles.<\/a><\/h2>\n<\/li>\n<li>\n<h2><a href=\"http:\/\/facultes19.ish-lyon.cnrs.fr\/\" target=\"_blank\" rel=\"noopener noreferrer\">Les enseignants des facult\u00e9s des lettres et des sciences en France 1808-1880)<\/a><\/h2>\n<\/li>\n<li>\n<div id=\"logo\">\n<h2><a title=\"Accueil\" href=\"http:\/\/siprojuris.symogih.org\/\">SIPROJURIS &#8211; <\/a>Syst\u00e8me d\u2019information des professeurs de droit (1804-1950)<\/h2>\n<h2><a href=\"http:\/\/rhe.ish-lyon.cnrs.fr\/?q=coursmag_ressdoc\">Le cours magistral : modalit\u00e9s et usages (XVIe-XXe si\u00e8cles). Ressources documentaires.<\/a><\/h2>\n<h2><a href=\"http:\/\/rhe.ish-lyon.cnrs.fr\/?q=coursmag\">Les cours manuscrits conserv\u00e9s dans les biblioth\u00e8ques publiques fran\u00e7aises et au mus\u00e9e national de l&rsquo;\u00e9ducation.<\/a><\/h2>\n<h2><a href=\"http:\/\/rhe.ish-lyon.cnrs.fr\/?q=coursimp\">Les cours imprim\u00e9s de 1620 \u00e0 1900.<\/a><\/h2>\n<h2><a href=\"http:\/\/rhe.ish-lyon.cnrs.fr\/colleges_facsarts\/\" target=\"_blank\" rel=\"noopener noreferrer\">Les coll\u00e8ges de la facult\u00e9 des arts de Paris au XVIIIe si\u00e8cle &#8211; une s\u00e9rie de cartes num\u00e9ris\u00e9es in\u00e9dites.<\/a><\/h2>\n<h2><a href=\"http:\/\/rhe.ish-lyon.cnrs.fr\/?q=theses\">Les th\u00e8ses de doctorat \u00e8s lettres soutenues en France de la fin du XVIIIe si\u00e8cle \u00e0 1940.<\/a><\/h2>\n<h2><a href=\"http:\/\/rhe.ish-lyon.cnrs.fr\/?q=courspub\">Les autorisations de cours publics dans les d\u00e9partements fran\u00e7ais (1808-1875).<\/a><\/h2>\n<h2><a href=\"http:\/\/rhe.ish-lyon.cnrs.fr\/?q=nhist\">Les historiens fran\u00e7ais : la construction d&rsquo;une discipline acad\u00e9mique (1800-2005).<\/a><\/h2>\n<h2><a href=\"http:\/\/morts-pour-la-france-14-18.ens-lyon.fr\/\" target=\"_blank\" rel=\"noopener noreferrer\">Les Normaliens de Saint-Cloud morts pour la France 1914-1918.<\/a><\/h2>\n<h2><a href=\"https:\/\/www.youtube.com\/user\/sorbonnepariscite\">Film sur le colloque\u00a0\u00bbles femmes dans le monde <\/a><br \/>\n<a href=\"https:\/\/www.youtube.com\/user\/sorbonnepariscite\">acad\u00e9mique\u00a0\u00bb<\/a><\/h2>\n<p>&nbsp;<\/p>\n<\/div>\n<\/li>\n<\/ul>\n","protected":false},"excerpt":{"rendered":"<p>TOLOSANA : ENSEIGNEMENT EN PAYS TOULOUSAIN HELOISE :\u00a0European Workshop on academic Database (portail d&rsquo;acc\u00e8s aux bases de donn\u00e9es europ\u00e9ennes sur le monde acad\u00e9mique) Bibliographie d&rsquo;histoire de l&rsquo;\u00e9ducation fran\u00e7aise Bibliographie sur les \u00e9tablissements d&rsquo;enseignement sup\u00e9rieur. Biblioth\u00e8que num\u00e9rique Medic@ Les archives des sciences en France. R\u00e9pertoire des professeurs et principaux de la facult\u00e9 des arts de Paris &hellip; <a href=\"https:\/\/blogs.univ-jfc.fr\/studium\/ressources\/liens-utiles\/enseignement-superieur\/\" class=\"more-link\">Continuer la lecture de <span class=\"screen-reader-text\">Enseignement sup\u00e9rieur<\/span> <span class=\"meta-nav\">&rarr;<\/span><\/a><\/p>\n","protected":false},"author":19,"featured_media":0,"parent":281,"menu_order":2,"comment_status":"closed","ping_status":"closed","template":"","meta":[],"_links":{"self":[{"href":"https:\/\/blogs.univ-jfc.fr\/studium\/wp-json\/wp\/v2\/pages\/287"}],"collection":[{"href":"https:\/\/blogs.univ-jfc.fr\/studium\/wp-json\/wp\/v2\/pages"}],"about":[{"href":"https:\/\/blogs.univ-jfc.fr\/studium\/wp-json\/wp\/v2\/types\/page"}],"author":[{"embeddable":true,"href":"https:\/\/blogs.univ-jfc.fr\/studium\/wp-json\/wp\/v2\/users\/19"}],"replies":[{"embeddable":true,"href":"https:\/\/blogs.univ-jfc.fr\/studium\/wp-json\/wp\/v2\/comments?post=287"}],"version-history":[{"count":10,"href":"https:\/\/blogs.univ-jfc.fr\/studium\/wp-json\/wp\/v2\/pages\/287\/revisions"}],"predecessor-version":[{"id":1692,"href":"https:\/\/blogs.univ-jfc.fr\/studium\/wp-json\/wp\/v2\/pages\/287\/revisions\/1692"}],"up":[{"embeddable":true,"href":"https:\/\/blogs.univ-jfc.fr\/studium\/wp-json\/wp\/v2\/pages\/281"}],"wp:attachment":[{"href":"https:\/\/blogs.univ-jfc.fr\/studium\/wp-json\/wp\/v2\/media?parent=287"}],"curies":[{"name":"wp","href":"https:\/\/api.w.org\/{rel}","templated":true}]}}