{"id":292,"date":"2015-04-11T07:41:06","date_gmt":"2015-04-11T06:41:06","guid":{"rendered":"http:\/\/blogs.univ-jfc.fr\/studium\/?page_id=292"},"modified":"2020-09-17T18:00:09","modified_gmt":"2020-09-17T17:00:09","slug":"edition-de-textes","status":"publish","type":"page","link":"https:\/\/blogs.univ-jfc.fr\/studium\/ressources\/liens-utiles\/edition-de-textes\/","title":{"rendered":"Edition de textes"},"content":{"rendered":"<ul>\n<li>\n<h2><a href=\"http:\/\/bibliotheca-tholosana.fr\/\" target=\"_blank\" rel=\"noopener noreferrer\">Bibliotheca Tolosana<\/a><\/h2>\n<\/li>\n<li>\n<h2><a href=\"http:\/\/tolosana.univ-toulouse.fr\/\">Tolosana &#8211; Biblioth\u00e8que virtuelle des fonds anciens<\/a><\/h2>\n<\/li>\n<li>\n<h2><a href=\"http:\/\/www.biusante.parisdescartes.fr\/histmed\/medica.htm\">Biblioth\u00e8que num\u00e9rique Medic@ &#8211; Histoire de la sant\u00e9.<\/a><\/h2>\n<\/li>\n<li>\n<h2>PATRIMOINE EN OCCITANIE<\/h2>\n<ul>\n<li><a href=\"https:\/\/ressourcespatrimoines.laregion.fr\/ark:\/46855\/2018-4360\" target=\"_blank\" rel=\"noopener noreferrer\">Qu&rsquo;est-ce que c&rsquo;est ? Journal des \u00e9tudiants am\u00e9ricains de Toulouse.<\/a><\/li>\n<\/ul>\n<\/li>\n<\/ul>\n","protected":false},"excerpt":{"rendered":"<p>Bibliotheca Tolosana Tolosana &#8211; Biblioth\u00e8que virtuelle des fonds anciens Biblioth\u00e8que num\u00e9rique Medic@ &#8211; Histoire de la sant\u00e9. PATRIMOINE EN OCCITANIE Qu&rsquo;est-ce que c&rsquo;est ? Journal des \u00e9tudiants am\u00e9ricains de Toulouse.<\/p>\n","protected":false},"author":19,"featured_media":0,"parent":281,"menu_order":3,"comment_status":"closed","ping_status":"closed","template":"","meta":[],"_links":{"self":[{"href":"https:\/\/blogs.univ-jfc.fr\/studium\/wp-json\/wp\/v2\/pages\/292"}],"collection":[{"href":"https:\/\/blogs.univ-jfc.fr\/studium\/wp-json\/wp\/v2\/pages"}],"about":[{"href":"https:\/\/blogs.univ-jfc.fr\/studium\/wp-json\/wp\/v2\/types\/page"}],"author":[{"embeddable":true,"href":"https:\/\/blogs.univ-jfc.fr\/studium\/wp-json\/wp\/v2\/users\/19"}],"replies":[{"embeddable":true,"href":"https:\/\/blogs.univ-jfc.fr\/studium\/wp-json\/wp\/v2\/comments?post=292"}],"version-history":[{"count":7,"href":"https:\/\/blogs.univ-jfc.fr\/studium\/wp-json\/wp\/v2\/pages\/292\/revisions"}],"predecessor-version":[{"id":1740,"href":"https:\/\/blogs.univ-jfc.fr\/studium\/wp-json\/wp\/v2\/pages\/292\/revisions\/1740"}],"up":[{"embeddable":true,"href":"https:\/\/blogs.univ-jfc.fr\/studium\/wp-json\/wp\/v2\/pages\/281"}],"wp:attachment":[{"href":"https:\/\/blogs.univ-jfc.fr\/studium\/wp-json\/wp\/v2\/media?parent=292"}],"curies":[{"name":"wp","href":"https:\/\/api.w.org\/{rel}","templated":true}]}}