{"id":309,"date":"2015-04-11T08:02:13","date_gmt":"2015-04-11T07:02:13","guid":{"rendered":"http:\/\/blogs.univ-jfc.fr\/studium\/?page_id=309"},"modified":"2015-04-11T08:05:16","modified_gmt":"2015-04-11T07:05:16","slug":"enseignement-technique","status":"publish","type":"page","link":"https:\/\/blogs.univ-jfc.fr\/studium\/ressources\/liens-utiles\/enseignement-technique\/","title":{"rendered":"Enseignement technique"},"content":{"rendered":"<ul>\n<li>\n<h3><strong><a href=\"http:\/\/rhe.ish-lyon.cnrs.fr\/sites\/default\/files\/bode_chronologie_et.pdf\">Chronologie de l&rsquo;enseignement technique, des origines \u00e0 2000 (G\u00e9rard Bod\u00e9).<\/a><\/strong><\/h3>\n<\/li>\n<li>\n<h3><strong><a href=\"http:\/\/www.inrp.fr\/publications\/edition-electronique\/repertoires-she\/etablissements-enseignement-technique-France-1789-1940-TI-correze.pdf\" target=\"_blank\">Les \u00e9tablissements d&rsquo;enseignement technique en France : 1789-1940. T1 : La Corr\u00e8ze<\/a><\/strong><\/h3>\n<\/li>\n<li>\n<h3><strong><a href=\"http:\/\/www.inrp.fr\/publications\/edition-electronique\/repertoires-she\/etablissements-enseignement-technique-France-1789-1940-TII-lot.pdf\" target=\"_blank\">Les \u00e9tablissements d&rsquo;enseignement technique en France : 1789-1940. T2 : Le Lot<\/a><\/strong><\/h3>\n<\/li>\n<li>\n<h3><strong><a href=\"http:\/\/rhe.ish-lyon.cnrs.fr\/?q=tmvauquelin\">L\u2019enseignement du travail manuel dans les \u00e9coles primaires de gar\u00e7ons. Travaux d\u2019\u00e9l\u00e8ves de l\u2019\u00e9cole Louis Vauquelin de Rouen, 1886-1887.<\/a><\/strong><\/h3>\n<\/li>\n<\/ul>\n","protected":false},"excerpt":{"rendered":"<p>Chronologie de l&rsquo;enseignement technique, des origines \u00e0 2000 (G\u00e9rard Bod\u00e9). Les \u00e9tablissements d&rsquo;enseignement technique en France : 1789-1940. T1 : La Corr\u00e8ze Les \u00e9tablissements d&rsquo;enseignement technique en France : 1789-1940. T2 : Le Lot L\u2019enseignement du travail manuel dans les \u00e9coles primaires de gar\u00e7ons. Travaux d\u2019\u00e9l\u00e8ves de l\u2019\u00e9cole Louis Vauquelin de Rouen, 1886-1887.<\/p>\n","protected":false},"author":19,"featured_media":0,"parent":281,"menu_order":4,"comment_status":"closed","ping_status":"open","template":"","meta":[],"_links":{"self":[{"href":"https:\/\/blogs.univ-jfc.fr\/studium\/wp-json\/wp\/v2\/pages\/309"}],"collection":[{"href":"https:\/\/blogs.univ-jfc.fr\/studium\/wp-json\/wp\/v2\/pages"}],"about":[{"href":"https:\/\/blogs.univ-jfc.fr\/studium\/wp-json\/wp\/v2\/types\/page"}],"author":[{"embeddable":true,"href":"https:\/\/blogs.univ-jfc.fr\/studium\/wp-json\/wp\/v2\/users\/19"}],"replies":[{"embeddable":true,"href":"https:\/\/blogs.univ-jfc.fr\/studium\/wp-json\/wp\/v2\/comments?post=309"}],"version-history":[{"count":3,"href":"https:\/\/blogs.univ-jfc.fr\/studium\/wp-json\/wp\/v2\/pages\/309\/revisions"}],"predecessor-version":[{"id":312,"href":"https:\/\/blogs.univ-jfc.fr\/studium\/wp-json\/wp\/v2\/pages\/309\/revisions\/312"}],"up":[{"embeddable":true,"href":"https:\/\/blogs.univ-jfc.fr\/studium\/wp-json\/wp\/v2\/pages\/281"}],"wp:attachment":[{"href":"https:\/\/blogs.univ-jfc.fr\/studium\/wp-json\/wp\/v2\/media?parent=309"}],"curies":[{"name":"wp","href":"https:\/\/api.w.org\/{rel}","templated":true}]}}