{"id":31,"date":"2015-04-03T12:57:17","date_gmt":"2015-04-03T11:57:17","guid":{"rendered":"http:\/\/blogs.univ-jfc.fr\/studium\/?page_id=31"},"modified":"2020-11-13T15:17:17","modified_gmt":"2020-11-13T14:17:17","slug":"auger-fabrice","status":"publish","type":"page","link":"https:\/\/blogs.univ-jfc.fr\/studium\/les-membres\/auger-fabrice\/","title":{"rendered":"AUGER Fabrice"},"content":{"rendered":"<p><a href=\"http:\/\/blogs.univ-jfc.fr\/studium\/wp-content\/uploads\/sites\/44\/2015\/04\/Auger_F.jpg\"><img loading=\"lazy\" class=\" wp-image-163 aligncenter\" src=\"http:\/\/blogs.univ-jfc.fr\/studium\/wp-content\/uploads\/sites\/44\/2015\/04\/Auger_F.jpg\" alt=\"\" width=\"155\" height=\"202\" \/><\/a>Ma\u00eetre de conf\u00e9rences en histoire du sport \u00e0 l&rsquo;Universit\u00e9 Paul Sabatier de Toulouse. membre permanent du laboratoire Framespa.<\/p>\n<p>Courriel : <a href=\"mailto:fabrice.auger@univ-tlse3.fr\">fabrice.auger@univ-tlse3.fr<\/a><\/p>\n<h5><span style=\"color: #800000\">Mots-clefs :<\/span> <span style=\"color: #000000\">histoire du sport.<\/span><\/h5>\n<h5><span style=\"color: #800000\"><strong>Chantiers : <\/strong><\/span>chantier 1 : <a href=\"http:\/\/blogs.univ-jfc.fr\/studium\/les-projets\/histoire-de-luniversite-de-toulouse\/\">histoire des institutions scientifiques<\/a> ; chantier 3 : <a href=\"http:\/\/blogs.univ-jfc.fr\/studium\/les-projets\/chantier-3-reformes-de-lenseignement-et-innovations-pedagogiques\/\">r\u00e9formes de l&rsquo;\u00e9ducation et innovations p\u00e9dagogiques<\/a>.<\/h5>\n<h5><span style=\"color: #d40808\"><strong>Bibliographie<\/strong><\/span><\/h5>\n<p><span style=\"color: #d40808\"><strong>Articles ou chapitres de livres<\/strong><\/span><\/p>\n<ul>\n<li>&#8211; Fabrice Auger, \u00ab\u00a0regards sur la recherche sportive toulousaine au XXe si\u00e8cle\u00a0\u00bb, dans <a href=\"https:\/\/www.edimip.com\/catalogue\/ouvrages\/histoire-de-luniversite-de-toulouse-vol-3-lepoque-contemporaine-xixe-xxie-siecle\/\"><em>Histoire de l&rsquo;universit\u00e9 de Toulouse<\/em>, vol. 3 <em>L&rsquo;\u00e9poque contemporaine (XIXe-XXIe si\u00e8cle)<\/em><\/a>, Portet-sur-Garonne, \u00e9dition midi-pyr\u00e9n\u00e9ennes\/Universit\u00e9 f\u00e9d\u00e9rale Toulouse-Midi-Pyr\u00e9n\u00e9es, 2019, p. 433-439.<\/li>\n<li>Fabrice Auger, \u00ab\u00a0Une dr\u00f4le de guerre pour un territoire p\u00e9dagogique, IREP et CREPS au tournant de la 4e R\u00e9publique\u00a0\u00bb, <em>Former les enseignants d\u2019EPS en France au XXe si\u00e8cle<\/em>, Rennes, Presses Universitaires de Rennes, 2019.<\/li>\n<\/ul>\n","protected":false},"excerpt":{"rendered":"<p>Ma\u00eetre de conf\u00e9rences en histoire du sport \u00e0 l&rsquo;Universit\u00e9 Paul Sabatier de Toulouse. membre permanent du laboratoire Framespa. Courriel : fabrice.auger@univ-tlse3.fr Mots-clefs : histoire du sport. Chantiers : chantier 1 : histoire des institutions scientifiques ; chantier 3 : r\u00e9formes de l&rsquo;\u00e9ducation et innovations p\u00e9dagogiques. Bibliographie Articles ou chapitres de livres &#8211; Fabrice Auger, \u00ab\u00a0regards &hellip; <a href=\"https:\/\/blogs.univ-jfc.fr\/studium\/les-membres\/auger-fabrice\/\" class=\"more-link\">Continuer la lecture de <span class=\"screen-reader-text\">AUGER Fabrice<\/span> <span class=\"meta-nav\">&rarr;<\/span><\/a><\/p>\n","protected":false},"author":19,"featured_media":0,"parent":10,"menu_order":4,"comment_status":"closed","ping_status":"closed","template":"","meta":[],"_links":{"self":[{"href":"https:\/\/blogs.univ-jfc.fr\/studium\/wp-json\/wp\/v2\/pages\/31"}],"collection":[{"href":"https:\/\/blogs.univ-jfc.fr\/studium\/wp-json\/wp\/v2\/pages"}],"about":[{"href":"https:\/\/blogs.univ-jfc.fr\/studium\/wp-json\/wp\/v2\/types\/page"}],"author":[{"embeddable":true,"href":"https:\/\/blogs.univ-jfc.fr\/studium\/wp-json\/wp\/v2\/users\/19"}],"replies":[{"embeddable":true,"href":"https:\/\/blogs.univ-jfc.fr\/studium\/wp-json\/wp\/v2\/comments?post=31"}],"version-history":[{"count":12,"href":"https:\/\/blogs.univ-jfc.fr\/studium\/wp-json\/wp\/v2\/pages\/31\/revisions"}],"predecessor-version":[{"id":1848,"href":"https:\/\/blogs.univ-jfc.fr\/studium\/wp-json\/wp\/v2\/pages\/31\/revisions\/1848"}],"up":[{"embeddable":true,"href":"https:\/\/blogs.univ-jfc.fr\/studium\/wp-json\/wp\/v2\/pages\/10"}],"wp:attachment":[{"href":"https:\/\/blogs.univ-jfc.fr\/studium\/wp-json\/wp\/v2\/media?parent=31"}],"curies":[{"name":"wp","href":"https:\/\/api.w.org\/{rel}","templated":true}]}}