{"id":327,"date":"2015-04-14T05:08:21","date_gmt":"2015-04-14T04:08:21","guid":{"rendered":"http:\/\/blogs.univ-jfc.fr\/studium\/?page_id=327"},"modified":"2019-12-14T10:31:03","modified_gmt":"2019-12-14T09:31:03","slug":"lacoue-labarthe-isabelle","status":"publish","type":"page","link":"https:\/\/blogs.univ-jfc.fr\/studium\/les-membres\/lacoue-labarthe-isabelle\/","title":{"rendered":"LACOUE-LABARTHE Isabelle"},"content":{"rendered":"<p><a href=\"http:\/\/blogs.univ-jfc.fr\/studium\/wp-content\/uploads\/sites\/44\/2015\/04\/Photo-Lacoue-Labarthe.jpg\"><img loading=\"lazy\" class=\" wp-image-331 aligncenter\" src=\"http:\/\/blogs.univ-jfc.fr\/studium\/wp-content\/uploads\/sites\/44\/2015\/04\/Photo-Lacoue-Labarthe.jpg\" alt=\"Photo-Lacoue-Labarthe\" width=\"169\" height=\"183\" \/><\/a><\/p>\n<p>&nbsp;<\/p>\n<p>Ma\u00eetre de conf\u00e9rences en histoire contemporaine \u00e0 l&rsquo;Institut d&rsquo;\u00e9tudes politiques de Toulouse.<\/p>\n<p><a href=\"http:\/\/framespa.univ-tlse2.fr\/actualites\/pratique\/annuaire\/lacoue-labarthe-isabelle-73034.kjsp?RH=annuaire_framespa\">Pr\u00e9sentation<\/a><\/p>\n<p><span style=\"color: #800000\">Courriel<\/span> :<\/p>\n<p>&nbsp;<\/p>\n<h5><span style=\"color: #800000\">Mots-clefs<\/span> : genre et r\u00e9cit de soi ; \u00e9pist\u00e9mologie de l&rsquo;histoire ; ego-histoire ; \u00e9tudiantes.<\/h5>\n<h5><span style=\"color: #800000\">Chantiers<\/span> : chantier 1 : <a href=\"http:\/\/blogs.univ-jfc.fr\/studium\/les-projets\/histoire-de-luniversite-de-toulouse\/\">histoire des institutions scientifiques<\/a> ; chantier 2 : <a href=\"http:\/\/blogs.univ-jfc.fr\/studium\/wp-admin\/post.php?post=109&amp;action=edit\">savoirs, contenus, gens de savoir ;\u00a0 Chantier 6\u00a0: <\/a><a href=\"http:\/\/blogs.univ-jfc.fr\/studium\/les-projets\/chantier-6-leducation-debats-et-affrontements\/\">L\u2019\u00e9ducation, d\u00e9bats et affrontements <\/a><\/h5>\n<h5><span style=\"color: #800000\">Bibliographie<\/span><\/h5>\n<p>&#8211; Isabelle Lacoue-Labarthe, \u00ab\u00a0Femmes et bancs d&rsquo;amphis\u00a0\u00bb, dans <a href=\"https:\/\/www.edimip.com\/catalogue\/ouvrages\/histoire-de-luniversite-de-toulouse-vol-3-lepoque-contemporaine-xixe-xxie-siecle\/\"><em>Histoire de l&rsquo;universit\u00e9 de Toulouse<\/em>, vol. 3 <em>L&rsquo;\u00e9poque contemporaine (XIXe-XXIe si\u00e8cle)<\/em><\/a>, Portet-sur-Garonne, \u00e9dition midi-pyr\u00e9n\u00e9ennes\/Universit\u00e9 f\u00e9d\u00e9rale Toulouse-Midi-Pyr\u00e9n\u00e9es, 2019, p. 489-495.<\/p>\n<p>&nbsp;<\/p>\n<p>&nbsp;<\/p>\n","protected":false},"excerpt":{"rendered":"<p>&nbsp; Ma\u00eetre de conf\u00e9rences en histoire contemporaine \u00e0 l&rsquo;Institut d&rsquo;\u00e9tudes politiques de Toulouse. Pr\u00e9sentation Courriel : &nbsp; Mots-clefs : genre et r\u00e9cit de soi ; \u00e9pist\u00e9mologie de l&rsquo;histoire ; ego-histoire ; \u00e9tudiantes. Chantiers : chantier 1 : histoire des institutions scientifiques ; chantier 2 : savoirs, contenus, gens de savoir ;\u00a0 Chantier 6\u00a0: L\u2019\u00e9ducation, d\u00e9bats &hellip; <a href=\"https:\/\/blogs.univ-jfc.fr\/studium\/les-membres\/lacoue-labarthe-isabelle\/\" class=\"more-link\">Continuer la lecture de <span class=\"screen-reader-text\">LACOUE-LABARTHE Isabelle<\/span> <span class=\"meta-nav\">&rarr;<\/span><\/a><\/p>\n","protected":false},"author":19,"featured_media":0,"parent":10,"menu_order":13,"comment_status":"closed","ping_status":"closed","template":"","meta":[],"_links":{"self":[{"href":"https:\/\/blogs.univ-jfc.fr\/studium\/wp-json\/wp\/v2\/pages\/327"}],"collection":[{"href":"https:\/\/blogs.univ-jfc.fr\/studium\/wp-json\/wp\/v2\/pages"}],"about":[{"href":"https:\/\/blogs.univ-jfc.fr\/studium\/wp-json\/wp\/v2\/types\/page"}],"author":[{"embeddable":true,"href":"https:\/\/blogs.univ-jfc.fr\/studium\/wp-json\/wp\/v2\/users\/19"}],"replies":[{"embeddable":true,"href":"https:\/\/blogs.univ-jfc.fr\/studium\/wp-json\/wp\/v2\/comments?post=327"}],"version-history":[{"count":11,"href":"https:\/\/blogs.univ-jfc.fr\/studium\/wp-json\/wp\/v2\/pages\/327\/revisions"}],"predecessor-version":[{"id":1602,"href":"https:\/\/blogs.univ-jfc.fr\/studium\/wp-json\/wp\/v2\/pages\/327\/revisions\/1602"}],"up":[{"embeddable":true,"href":"https:\/\/blogs.univ-jfc.fr\/studium\/wp-json\/wp\/v2\/pages\/10"}],"wp:attachment":[{"href":"https:\/\/blogs.univ-jfc.fr\/studium\/wp-json\/wp\/v2\/media?parent=327"}],"curies":[{"name":"wp","href":"https:\/\/api.w.org\/{rel}","templated":true}]}}