{"id":400,"date":"2015-06-17T08:38:10","date_gmt":"2015-06-17T07:38:10","guid":{"rendered":"http:\/\/blogs.univ-jfc.fr\/studium\/?page_id=400"},"modified":"2019-05-21T08:57:37","modified_gmt":"2019-05-21T07:57:37","slug":"science","status":"publish","type":"page","link":"https:\/\/blogs.univ-jfc.fr\/studium\/ressources\/liens-utiles\/science\/","title":{"rendered":"Sciences"},"content":{"rendered":"<p>&nbsp;<\/p>\n<ul>\n<li>\n<h3 style=\"text-align: justify\"><span style=\"color: #ad0909\"><a style=\"color: #ad0909\" href=\"http:\/\/wiki.arts.kuleuven.be\/wiki\/index.php\/Bestor:Pr%C3%A9sentation\">Base BESTOR : Belgian Science and Technology Online Resources<\/a><\/span><\/h3>\n<\/li>\n<\/ul>\n<p>Base de donn\u00e9es regroupant des notices, des sources historiques et des illustrations relatives \u00e0 la science belge durant les trois derniers si\u00e8cles.<\/p>\n<ul>\n<li>\n<h3><span style=\"color: #ad0909\"><a style=\"color: #ad0909\" href=\"https:\/\/warwick.ac.uk\/fac\/arts\/history\/sat\">History and Science and Technology Hub \u00e0 l&rsquo;Universit\u00e9 de Warwick<\/a><\/span><\/h3>\n<\/li>\n<\/ul>\n","protected":false},"excerpt":{"rendered":"<p>&nbsp; Base BESTOR : Belgian Science and Technology Online Resources Base de donn\u00e9es regroupant des notices, des sources historiques et des illustrations relatives \u00e0 la science belge durant les trois derniers si\u00e8cles. History and Science and Technology Hub \u00e0 l&rsquo;Universit\u00e9 de Warwick<\/p>\n","protected":false},"author":19,"featured_media":0,"parent":281,"menu_order":6,"comment_status":"closed","ping_status":"closed","template":"","meta":[],"_links":{"self":[{"href":"https:\/\/blogs.univ-jfc.fr\/studium\/wp-json\/wp\/v2\/pages\/400"}],"collection":[{"href":"https:\/\/blogs.univ-jfc.fr\/studium\/wp-json\/wp\/v2\/pages"}],"about":[{"href":"https:\/\/blogs.univ-jfc.fr\/studium\/wp-json\/wp\/v2\/types\/page"}],"author":[{"embeddable":true,"href":"https:\/\/blogs.univ-jfc.fr\/studium\/wp-json\/wp\/v2\/users\/19"}],"replies":[{"embeddable":true,"href":"https:\/\/blogs.univ-jfc.fr\/studium\/wp-json\/wp\/v2\/comments?post=400"}],"version-history":[{"count":4,"href":"https:\/\/blogs.univ-jfc.fr\/studium\/wp-json\/wp\/v2\/pages\/400\/revisions"}],"predecessor-version":[{"id":1305,"href":"https:\/\/blogs.univ-jfc.fr\/studium\/wp-json\/wp\/v2\/pages\/400\/revisions\/1305"}],"up":[{"embeddable":true,"href":"https:\/\/blogs.univ-jfc.fr\/studium\/wp-json\/wp\/v2\/pages\/281"}],"wp:attachment":[{"href":"https:\/\/blogs.univ-jfc.fr\/studium\/wp-json\/wp\/v2\/media?parent=400"}],"curies":[{"name":"wp","href":"https:\/\/api.w.org\/{rel}","templated":true}]}}