{"id":41,"date":"2015-04-03T13:00:55","date_gmt":"2015-04-03T12:00:55","guid":{"rendered":"http:\/\/blogs.univ-jfc.fr\/studium\/?page_id=41"},"modified":"2019-12-06T15:27:07","modified_gmt":"2019-12-06T14:27:07","slug":"ferte-patrick","status":"publish","type":"page","link":"https:\/\/blogs.univ-jfc.fr\/studium\/les-membres\/ferte-patrick\/","title":{"rendered":"FERT\u00c9 Patrick"},"content":{"rendered":"<p>Ma\u00eetre de conf\u00e9rences \u00e0 l&rsquo;universit\u00e9 de Toulouse 2 Jean Jaur\u00e8s. Membre permanent du laboratoire FRAMESPA.<\/p>\n<p>Courriel : pat.ferte@orange.fr<\/p>\n<h5><span style=\"color: #800000\">Mots-clefs<\/span> : universit\u00e9s, coll\u00e8ges, \u00e9tudiants, mobilit\u00e9 \u00e9tudiante, patrimoine.<\/h5>\n<h5><span style=\"color: #800000\">Chantiers :<\/span><\/h5>\n<p>Chantier 1 : <a href=\"http:\/\/blogs.univ-jfc.fr\/studium\/les-projets\/histoire-de-luniversite-de-toulouse\/\">histoire des institutions scientifiques<\/a> ; chantier 2 : <a href=\"http:\/\/blogs.univ-jfc.fr\/studium\/wp-admin\/post.php?post=109&amp;action=edit\">savoirs, contenus, gens de savoir<\/a> ; chantier 3 : <a href=\"http:\/\/blogs.univ-jfc.fr\/studium\/wp-admin\/post.php?post=95&amp;action=edit\">les bases de donn\u00e9es universitaires<\/a> ; chantier 5 : <a href=\"http:\/\/blogs.univ-jfc.fr\/studium\/les-projets\/chantier-5-espaces-territoires-et-lieux-denseignement\/\">Espaces, territoires et lieux d\u2019enseignement.<\/a><\/p>\n<h5><span style=\"color: #800000\"><strong>Bibliographie<\/strong><\/span><\/h5>\n<p><b>Ouvrages personnels<\/b><\/p>\n<p style=\"text-align: justify\">&#8211; FERT\u00c9 (Patrick)\u00a0: <i>R\u00e9pertoire<\/i><i> des \u00c9tudiants du Midi de la France (1561-1793). Pour une prosopographie des \u00e9lites, <\/i>tome 1<i>\u00a0: Dioc\u00e8ses d\u2019Albi, Castres, Lavaur, Montauban, <\/i>Toulouse, Presses de l\u2019Universit\u00e9 des Sciences Sociales de Toulouse, 2002 ; tome 2\u00a0: <i>Dioc\u00e8se de Cahors (1561-1793),<\/i> 2004 ; tome 3\u00a0: <i>Rouergue (dioc\u00e8ses de Rodez et de Vabres<\/i>) <i>(1561-1793)<\/i>, Albi, Presses du Centre universitaire Champollion, 2006 ; tome 4, <i>Dioc\u00e8ses pyr\u00e9n\u00e9ens<\/i>, Albi, Presses du Centre universitaire Champollion, 2008\u00a0; tome 5, <i>Bas-Languedoc et Roussillon<\/i>, Toulouse, Presses de l\u2019Universit\u00e9 Toulouse 1 Capitole, 2011 [<i>nota<\/i>\u00a0: un certain nombre de calvinistes inclus]\u00a0; t. 6\u00a0: <i>Gascogne gersoise et Agenais<\/i>, 2013, 490 p.<\/p>\n<p style=\"text-align: justify\">&#8211;\u00a0\u00a0 FERT\u00c9 (Patrick)\u00a0: <i>La grande g\u00e9n\u00e9ralit\u00e9 de Montauban (Quercy, Rouergue, Gascogne, pays de Foix) sous Louis XIV d\u2019apr\u00e8s le m\u00e9moire de l\u2019intendant de Montauban \u00ab\u00a0pour l\u2019Instruction du duc de Bourgogne\u00a0\u00bb (1699) et son compl\u00e9ment par A. Cathala-Coture (1713)<\/i>. <i>\u00c9dition critique et \u00e9tude<\/i>,<i> <\/i>Paris, C.T.H.S., 2014, 2 vol., 1228 p.<a href=\"http:\/\/blogs.univ-jfc.fr\/studium\/wp-content\/uploads\/sites\/44\/2015\/04\/generalite.jpg\"><img loading=\"lazy\" class=\"alignright size-medium wp-image-201\" src=\"http:\/\/blogs.univ-jfc.fr\/studium\/wp-content\/uploads\/sites\/44\/2015\/04\/generalite-300x228.jpg\" alt=\"generalite\" width=\"198\" height=\"151\" srcset=\"https:\/\/blogs.univ-jfc.fr\/studium\/wp-content\/uploads\/sites\/44\/2015\/04\/generalite-300x228.jpg 300w, https:\/\/blogs.univ-jfc.fr\/studium\/wp-content\/uploads\/sites\/44\/2015\/04\/generalite.jpg 840w\" sizes=\"(max-width: 198px) 100vw, 198px\" \/><\/a><\/p>\n<p>&#8211;\u00a0 FERT\u00c9 (Patrick)\u00a0: <i>La Vie \u00e0 Cahors du XVI<sup>e<\/sup> au XVIII<sup>e<\/sup> si\u00e8cle \u00e0 travers les fonds municipaux<\/i>, B.M.Cahors, F\u00e9d\u00e9ration fran\u00e7aise de coop\u00e9ration entre biblioth\u00e8ques et Direction du livre et de la lecture, coll. \u00ab\u00a0Re-D\u00e9couvertes\u00a0\u00bb, 1999, 100 p.<\/p>\n<p>&#8211;\u00a0 FERT\u00c9 (Patrick)\u00a0: <i>L\u2019universit\u00e9 de Cahors au XVIII<sup>e<\/sup> si\u00e8cle (1700-1751<\/i>). Le coma <i>universitaire au si\u00e8cle des Lumi\u00e8res<\/i>, Toulouse, 1975, 375 p.<\/p>\n<p>&#8211;\u00a0\u00a0 FERT\u00c9 (Patrick)\u00a0: <i>Scatabronda, Un br\u00fblot libertin occitan dans l\u2019universit\u00e9 de Cahors (1697)<\/i>, Cahors, Institut d\u2019\u00e9tudes occitanes, 1983, 414 p.<a href=\"http:\/\/blogs.univ-jfc.fr\/studium\/wp-content\/uploads\/sites\/44\/2015\/04\/scatabronda.jpg\"><img loading=\"lazy\" class=\"alignright size-full wp-image-203\" src=\"http:\/\/blogs.univ-jfc.fr\/studium\/wp-content\/uploads\/sites\/44\/2015\/04\/scatabronda.jpg\" alt=\"scatabronda\" width=\"105\" height=\"173\" \/><\/a><\/p>\n<p>&nbsp;<\/p>\n<p>&nbsp;<\/p>\n<p><b>Ouvrages en collaboration<\/b><\/p>\n<p style=\"text-align: justify\">&#8211;\u00a0\u00a0 <i>Irish communities in early-modern Europe<\/i>, Th. O\u2019Connor, Mary Ann Lyons ed., Dublin, Four Courts Press, 2006 (2 chapitres, p. 34-80).<\/p>\n<p style=\"text-align: justify\">&#8211;\u00a0 <i>Et Toulouse pour apprendre. Sept si\u00e8cle d\u2019histoire de l\u2019universit\u00e9 de Toulouse 1229-1969, M. Mouranche dir., Toulouse, P.U.Mirail, 2010.<\/i><\/p>\n<p style=\"text-align: justify\">&#8211;\u00a0 <i>Le Patrimoine de l\u2019\u00e9ducation nationale<\/i>, Charenton, Flohic \u00e9ditions, 1999. Partie r\u00e9dig\u00e9e : \u00ab\u00a01530-1789. De la Renaissance aux Lumi\u00e8res\u00a0\u00bb, p. 142-291.<\/p>\n<p>&#8211;\u00a0 <i>Atlas de la R\u00e9volution fran\u00e7aise, t. 2.\u00a0 L\u2019enseignement, 1760-1815<\/i>,<i>\u00a0 <\/i>D. Julia dir., Paris, Ed. de l\u2019EHESS, 1987.<\/p>\n<p><i>\u00a0<\/i><b>Direction scientifique d&rsquo;ouvrages<br \/>\n<\/b><\/p>\n<p style=\"text-align: justify\">&#8211;\u00a0\u00a0 FERT\u00c9 (Patrick), BARRERA (Caroline) dir.\u00a0: <i>L<\/i><i>es \u00c9tudiants de l\u2019exil. Universit\u00e9s &#8211; refuges\u00a0 et\u00a0 migrations \u00e9tudiantes (XVI<sup>e<\/sup> &#8211; XX<sup>e <\/sup>siecle<\/i>, Toulouse, Presses universitaires du Mirail, coll. Tempus, 2009.<a href=\"http:\/\/blogs.univ-jfc.fr\/studium\/wp-content\/uploads\/sites\/44\/2015\/04\/Caro-4.jpg\"><img loading=\"lazy\" class=\"alignright size-full wp-image-167\" src=\"http:\/\/blogs.univ-jfc.fr\/studium\/wp-content\/uploads\/sites\/44\/2015\/04\/Caro-4.jpg\" alt=\"Caro 4\" width=\"93\" height=\"136\" \/><\/a><\/p>\n<p>&nbsp;<\/p>\n<p>&nbsp;<\/p>\n<p><b>Direction d\u2019un dossier de revue<\/b><\/p>\n<p style=\"text-align: justify\">&#8211;\u00a0\u00a0<b><\/b>Fert\u00e9 dir., n\u00b0 sp\u00e9cial des <i>Annales du Midi<\/i>\u00a0: <i>Les universit\u00e9s m\u00e9ridionales sous l\u2019Ancien R\u00e9gime<\/i> (t. 121, n\u00b0 268, oct.-d\u00e9c. 2009).<\/p>\n<p><b>\u00a0Articles<\/b><\/p>\n<p style=\"text-align: justify\">&#8211; Patrick <span class=\"familyName\">Fert\u00e9<\/span>, \u00ab\u00a0<a href=\"https:\/\/journals.openedition.org\/framespa\/6601\" target=\"_blank\" rel=\"noopener noreferrer\">L\u2019inapplicable interdiction des nations \u00e9tudiantes \u00e0 Toulouse\u00a0(xvi<sup>e<\/sup>\u2011 xvii<sup>e<\/sup>\u00a0si\u00e8cle<\/a>)\u00a0\u00bb, <em>Les Cahiers de Framespa<\/em> [En ligne], 32\u00a0|\u00a02019.<\/p>\n<p style=\"text-align: justify\">&#8211;\u00a0\u00a0 FERT\u00c9 (P.)\u00a0: \u00ab\u00a0Bolivar y el colegio franc\u00e9s de Sor\u00e8ze, laboratorio pedagogico de las Luces. Hechos, leyendas y nuevas pistas\u00a0\u00bb, dans <i>1810. La insurgencia de Am\u00e9rica<\/i>. Congreso Internacional, Valencia, 22-27 de marzo de 2010, Val\u00e8ncia, 2013, p. 83-114.<\/p>\n<p style=\"text-align: justify\">&#8211;\u00a0\u00a0 FERT\u00c9 (P.)\u00a0: \u00ab\u00a0Les \u201cintellectuels frustr\u00e9s\u201d et la R\u00e9volution fran\u00e7aise\u00a0: une th\u00e9orie r\u00e9vis\u00e9e par les statistiques universitaires\u00a0\u00bb, dans <i>Les universit\u00e9s en Europe (1450-1814)<\/i>, Paris, Presses de l\u2019universit\u00e9 Paris-Sorbonne, \u00ab\u00a0Bull. de l\u2019AHMUF\u00a0\u00bb, 2013, p. 153-190.<\/p>\n<p style=\"text-align: justify\">&#8211;\u00a0\u00a0 FERT\u00c9 (P.)\u00a0: \u00ab\u00a0<a href=\"http:\/\/framespa.revues.org\/2611\">Toulouse, universit\u00e9 hispanique. Des relations universitaires franco-espagnoles du Moyen \u00c2ge \u00e0 l\u2019<i>Illustraci\u00f3n<\/i><\/a>\u00a0\u00bb, dans <i>Les Cahiers de Framespa<\/i> [revue \u00e9lectronique], 14 \u2013 2013.<\/p>\n<p style=\"text-align: justify\">&#8211;\u00a0\u00a0 FERT\u00c9 (P.)\u00a0: \u00ab\u00a0L\u2019origine du \u00ab\u00a0rectorat d\u2019acad\u00e9mie\u00a0\u00bb de Napol\u00e9on I<sup>er<\/sup>. Les id\u00e9es\u00a0 re\u00e7ues et la piste de Gen\u00e8ve\u00a0\u00bb, dans Les recteurs et le rectorat de l\u2019acad\u00e9mie de Toulouse (1808-2008), D. Foucault \u00e9d., Toulouse, M\u00e9ridiennes, 2010, p. 47-63.<\/p>\n<p style=\"text-align: justify\">&#8211;\u00a0\u00a0 FERT\u00c9 (P.)\u00a0: \u00ab\u00a0<a href=\"http:\/\/framespa.revues.org\/475\">De Paris \u00e0 Padoue, le grand tour d\u2019un universitaire proscrit par Louis XIV\u00a0:\u00a0Charles Patin, m\u00e9decin, numismate (1633-1693<\/a>)\u00a0\u00bb, <i>Les Cahiers de Framespa<\/i> [revue \u00e9lectronique], 6- 2010<\/p>\n<p style=\"text-align: justify\">&#8211;\u00a0\u00a0 Fert\u00c9 (P.)\u00a0: \u00ab\u00a0The Statutes of the Irish college, Toulouse (1618-1793)\u00a0\u00bb et \u00ab\u00a0List of superiors of the Irish college, Toulouse (1618-1793) \u00bb, <i>Archivium Hibernicum<\/i>, LXIII, 2010, p. 274-298.<\/p>\n<p style=\"text-align: justify\">&#8211;\u00a0\u00a0 FERT\u00c9 (P.)\u00a0: \u00ab\u00a0L\u2019Universit\u00e0 di Parigi e le guerre di religione\u00a0\u00bb, dans <i>Le universit\u00e0 e la guerra<\/i>\u00a0; Padoue (19-20 nov. 2009),\u00a0Padoue, 2010.<\/p>\n<p style=\"text-align: justify\">&#8211;\u00a0\u00a0 FERT\u00c9 (P.)\u00a0: \u00ab\u00a0La Facult\u00e9 de m\u00e9decine de Toulouse au XVIII<sup>e<\/sup> si\u00e8cle\u00a0: dans l\u2019ombre de Montpellier\u00a0\u00bb dans <i>M\u00e9decine et m\u00e9decins \u00e0 Toulouse au si\u00e8cle des Lumi\u00e8res<\/i>, D. Foucault, P. Lile \u00e9ds, (congr\u00e8s de Toulouse, M\u00e9ridiennes, 2009, p. 13-35.<\/p>\n<p style=\"text-align: justify\">&#8211; FERT\u00c9 (P.)\u00a0: \u00ab\u00a0Bibliographie des migrations d\u2019\u00e9tudiants discrimin\u00e9s dans l\u2019Europe moderne. Recensement bibliographique europ\u00e9en sur un si\u00e8cle\u00a0\u00bb, dans FERT\u00c9 (Patrick), BARRERA (Caroline) dir., <i>L<\/i><i>es \u00c9tudiants de l\u2019exil. Universit\u00e9s &#8211; refuges\u00a0 et\u00a0 migrations \u00e9tudiantes (XVI<sup>e<\/sup> &#8211; XX<sup>e <\/sup>siecle<\/i>, Toulouse, Presses universitaires du Mirail, coll. Tempus, 2009, p. 275-316.<\/p>\n<p style=\"text-align: justify\">&#8211;\u00a0\u00a0 FERT\u00c9 (P.)\u00a0: \u00ab\u00a0Le r\u00f4le contre-productif de l\u2019Universit\u00e9 dans la Mission irlandaise en France (XVII<sup>e<\/sup>-XVIII<sup>e<\/sup> si\u00e8cles)\u00a0\u00bb, dans FERT\u00c9 (P.), BARRERA (C.) dir., <i>L<\/i><i>es \u00c9tudiants de l\u2019exil. Universit\u00e9s &#8211; refuges\u00a0 et\u00a0 migrations \u00e9tudiantes (XVI<sup>e<\/sup> &#8211; XX<sup>e <\/sup>siecle)<\/i>, Toulouse, Presses universitaires du Mirail, coll. Tempus, 2009, p. 161-176.<\/p>\n<p style=\"text-align: justify\">&#8211;\u00a0\u00a0 P. Fert\u00e9, \u00ab\u00a0L\u2019universit\u00e9 d\u2019Avignon, \u00e0 la fois fran\u00e7aise et \u00e9trang\u00e8re, et ses rivales (Aix-en-Provence, Besan\u00e7on, Orange, Valence)\u00a0\u00bb, <i>Annales du Midi<\/i>, t. 121, n\u00b0 268, oct.-d\u00e9c. 2009, p. 459-478.<\/p>\n<p style=\"text-align: justify\">&#8211;\u00a0 P. Fert\u00e9, \u00ab\u00a0L\u2019autonomie des universit\u00e9s sous l\u2019Ancien r\u00e9gime\u00a0: un bilan peu \u00e9difiant\u00a0\u00bb, <i>Annales du Midi<\/i>, , t. 121, n\u00b0 268, oct.-d\u00e9c. 2009, p.\u00a0\u00a0 545-568.<\/p>\n<p style=\"text-align: justify\">&#8211;\u00a0\u00a0 FERT\u00c9 (P.)\u00a0: \u00ab\u00a0\u00c9tudiants elbeuviens au long cours (16<sup>e<\/sup>-18<sup>e<\/sup> s)\u00a0: universit\u00e9s de Toulouse, Montpellier, Avignon, Orange, Italie\u00a0\u00bb,<i> Bulletin de la Soci\u00e9t\u00e9 de l\u2019Histoire d\u2019Elbeuf<\/i>, n\u00b0 51, mai 2009, p. 3-15.<\/p>\n<p style=\"text-align: justify\">&#8211;\u00a0\u00a0 FERT\u00c9 (P.)\u00a0: \u00ab\u00a0Sor\u00e8ze, laboratoire p\u00e9dagogique des Lumi\u00e8res. Au-del\u00e0 des id\u00e9es re\u00e7ues\u00a0\u00bb et \u00ab\u00a0Rabastens et Gaillac au sein du recrutement international du coll\u00e8ge de Sor\u00e8ze, <i>L\u2019\u00c9cho du Pays rabastinois<\/i>, n\u00b0 243, janv. 2009, p. 16-26\u00a0et n\u00b0 244, avril 2009.<\/p>\n<p style=\"text-align: justify\">&#8211;\u00a0\u00a0 FERT\u00c9 (P.)\u00a0: \u00ab\u00a0Un pensionnat transpyr\u00e9n\u00e9en\u00a0au XVIII<sup>e<\/sup> si\u00e8cle : le coll\u00e8ge de Sor\u00e8ze [France]\u00a0\u00bb, dans\u00a0: <i>Derecho, Historia y Universidades. <\/i><i>Estudios dedicados a Mariano Peset<\/i>, Universitat de Val\u00e8ncia, Val\u00e8ncia, 2008, vol. I, p. 605-610.<\/p>\n<p>&#8211;\u00a0\u00a0\u00a0\u00a0\u00a0\u00a0\u00a0\u00a0\u00a0 FERT\u00c9 (P.)\u00a0: \u00ab\u00a0New Statutes of Irish Seminary of Toulouse (1752)\u00a0\u00bb, <i>Archivium Hibernicum, <\/i>Maynooth, Irish Historical Records, 2008<i>.<\/i><\/p>\n<p style=\"text-align: justify\">&#8211;\u00a0 FERT\u00c9 (P.)\u00a0: \u00ab\u00a0L\u2019Universit\u00e9 d\u2019Avignon sous Louis XIV, \u00e0 la fois fran\u00e7aise et \u00e9trang\u00e8re\u00a0: un statut ambigu, des statuts r\u00e9am\u00e9nag\u00e9s\u00a0\u00bb. Convegno Internazionale di Studi (Messine et Milazzo, 15-17 avril 2004)\u00a0: <i>Gli statuti universitari\u00a0: tradizione dei testi e valenze politiche (secc. XII-XXI),<\/i> A. Romano et D. Novarese dir., 2007.<\/p>\n<p style=\"text-align: justify\">&#8211;\u00a0\u00a0 FERT\u00c9 (P.)\u00a0: \u00ab\u00a0Docimologie et molinologie\u00a0: laxisme universitaire et scrutins d\u2019examens a la facult\u00e9 de droit de Toulouse\u00a0(1679-1789)\u00a0\u00bb, Colloque international de Sor\u00e8ze (26-27 octobre 2006), dans\u00a0: Munier (Marie-Odile), dir., <i>De l\u2019Antiquit\u00e9 \u00e0 nos jours\u00a0: Histoire et m\u00e9thodes de l\u2019enseignement<\/i>, Albi, Centre universitaire Champollion, 2007, p. 87-101.<\/p>\n<p style=\"text-align: justify\">&#8211;\u00a0\u00a0 FERT\u00c9 (P.)\u00a0: \u00ab\u00a0La r\u00e9organisation des \u00e9tudes de droit par Louis XIV (1679)\u00a0: une r\u00e9forme\u00a0 universitaire d\u00e9natur\u00e9e et ses effets pervers\u00a0\u00bb, dans <i>Histoire de l\u2019enseignement du droit \u00e0 Toulouse<\/i>, O. Devaux dir., coll. \u00ab\u00a0\u00c9tudes d\u2019histoire du droit et des id\u00e9es politiques\u00a0\u00bb, Toulouse, Presses de l\u2019Universit\u00e9 des Sciences Sociales de Toulouse, n\u00b0 11, 2007, p. 55-93.<\/p>\n<p style=\"text-align: justify\">&#8211;\u00a0 FERT\u00c9 (P.)\u00a0: \u00ab\u00a0Du Rouergue surdipl\u00f4m\u00e9\u00a0 sous l\u2019Ancien R\u00e9gime\u00a0: prosopographie d\u2019un corpus \u00e9tudiant\u00a0\u00bb, <i>\u00c9tudes aveyronnaises<\/i>, 2007, p. 7-26.<\/p>\n<p style=\"text-align: justify\">&#8211;\u00a0\u00a0 FERT\u00c9 (P.)\u00a0: \u00ab\u00a0Le tropisme espagnol vers l\u2019universit\u00e9 de Toulouse et le coll\u00e8ge de Sor\u00e8ze au 18<sup>e<\/sup> si\u00e8cle\u00a0\u00bb, dans Diot (M.-Fr.) et Brouzeng (P.) dir., <i>Transmission et diffusion des savoirs dans le sud de la France <\/i>(126<sup>e<\/sup> Congr\u00e8s national des Soci\u00e9t\u00e9s historiques et scientifiques, Toulouse, 2001), \u00e9d. \u00e9lectronique, coll. \u00ab\u00a0Actes des Congr\u00e8s des soci\u00e9t\u00e9s historiques et scientifiques\u00a0\u00bb, CD-ROM, 2007.<\/p>\n<p style=\"text-align: justify\">&#8211;\u00a0 FERT\u00c9 (P.)\u00a0: \u00ab\u00a0The Counter-Reformation and Franco-Irish solidarity : Irish clerical refugees at the universities of Toulouse and Cahors in the seventeenth and eighteenth centuries \u00bb, dans O\u2019Connor (Thomas), Lyons (Mary Ann) \u00e9d., <i>Irish communities in early-modern Europe<\/i>, Dublin, Four Courts Press, 2006, p. 6-31.<\/p>\n<p style=\"text-align: justify\">&#8211;\u00a0\u00a0 Fert\u00c9 (P.)\u00a0: \u00ab\u00a0\u00c9tudiants et professeurs irlandais dans les universit\u00e9s de Toulouse et de Cahors (xvii<sup>e<\/sup>-xviii<sup>e<\/sup> si\u00e8cles)\u00a0: les limites de la mission irlandaise\u00a0\u00bb, dans O\u2019Connor (Thomas), Lyons (Mary Ann) \u00e9d., <i>Irish communities in early-modern Europe<\/i>, Dublin, Four Courts Press, 2006, p. 69-84.<\/p>\n<p>&#8211;\u00a0\u00a0 Fert\u00c9 (P.)\u00a0: \u00ab\u00a0Un prot\u00e9g\u00e9 de Pierre Chirac.Le m\u00e9decin rouergat Jean Mailhes, professeur \u00e0 l\u2019universit\u00e9 de Cahors et profiteur de la peste de Marseille (1687-1751), <i>Revue du Rouergue<\/i>, n\u00b0 81, printemps 2005,\u00a0 p. 1-26.<\/p>\n<p style=\"text-align: justify\">&#8211;\u00a0\u00a0 FERT\u00c9 (P.)\u00a0: \u00ab\u00a0Un prot\u00e9g\u00e9 de Pierre Chirac. Le m\u00e9decin rouergat Jean Mailhes, professeur \u00e0 l\u2019universit\u00e9 de Cahors et profiteur de la peste de Marseille (1687-1751)\u00a0\u00bb, <i>Revue du Rouergue<\/i>, n\u00b0 81, printemps 2005, p. 1-26.<\/p>\n<p style=\"text-align: justify\">&#8211;\u00a0\u00a0 FERT\u00c9 (P.)\u00a0: \u201c Bibliography. Publications on University History since 1977. A Continuing Bibliography\u00a0\u201c [mise \u00e0 jour semestrielle du secteur \u00ab\u00a0France\u00a0\u00bb], <i>in History of Universities<\/i>, Oxford University Press (du vol. XIX\/2 2004 jusqu\u2019\u00e0 2012).<\/p>\n<p style=\"text-align: justify\">&#8211;\u00a0\u00a0 Fert\u00c9 (P.), Brockliss (Laurence W. B.)\u00a0: \u00ab<i>\u00a0<\/i>Prosopography of Irish clerics in the Universities of Paris and Toulouse, 1573-1792\u00a0\u00bb, <i>Archivium Hibernicum<\/i>, 58 (2004), p.\u00a07-166.<b> <\/b><\/p>\n<p style=\"text-align: justify\">&#8211;\u00a0\u00a0\u00a0 FERT\u00c9 (P.)\u00a0: \u00ab\u00a0Les \u00c9tudiants catalans \u00e0 l\u2019universit\u00e9 de Toulouse du xiii<sup>e<\/sup> au xviii<sup>e<\/sup> si\u00e8cle\u00a0\u00bb, dans Peset (Mariano), <i>Aulas y saberes<\/i>, <i>vi Congreso Internacional de Historia de las universidades hisp\u00e1nicas<\/i> (Valencia, diciembre 1999), Valence, Universitat de Valencia, 2003, vol. I, p. 397-413.<\/p>\n<p style=\"text-align: justify\">&#8211; FERT\u00c9 (P.)\u00a0: \u00ab\u00a0Toulouse et son universit\u00e9, relais de la Renaissance entre Espagne et Italie (1430-1550)\u00a0\u00bb, dans Bideaux (Michel), Fragonard (Marie-Madeleine) \u00e9d., <i>Les \u00c9changes entre les universit\u00e9s europ\u00e9ennes \u00e0 la Renaissance,<\/i> <i>Actes du colloque international organis\u00e9 par la Soci\u00e9t\u00e9 fran\u00e7aise d\u2019\u00c9tude du xvi<sup>e<\/sup> si\u00e8cle et l\u2019Association Renaissance-Humanisme-R\u00e9forme, Valence, 15-18 mai 2002<\/i>, Gen\u00e8ve, Droz, 2003, p.\u00a0217-230.<\/p>\n<p>&#8211;\u00a0\u00a0 FERT\u00c9 (P.)\u00a0: \u00ab\u00a0Dos migraciones estudiantiles desconocidas\u00a0: Toulouse y Avi\u00f1on, universidades de recambio para Catalanes y Menorquines (siglo xviii)\u00a0\u00bb, dans Gonz\u00e1les Gonz\u00e1les (Enrique), P\u00e9rez Puente (Laetitia) \u00e9d., <i>Colegios y Universidades. Del antiguo r\u00e9gimen al liberalismo<\/i>, Mexico, CESU-UNAM, 2001, vol. I, p. 285-303.<\/p>\n<p style=\"text-align: justify\">&#8211;\u00a0\u00a0 FERT\u00c9 (P.)\u00a0: \u00ab\u00a0 Fran\u00e7ois Bayl\u00e9 (1622-1709), m\u00e9decin universitaire. Son origine g\u00e9ographique et sociale. Son testament\u00a0\u00bb, <i>Revue de Comminges<\/i> <i>et des Pyr\u00e9n\u00e9es centrales<\/i>; t. CXVII, 2001-2002, p. 205-220.<\/p>\n<p style=\"text-align: justify\">&#8211;\u00a0\u00a0\u00a0 FERT\u00c9 (P.)\u00a0: \u00ab\u00a0G\u00e9ographie du recrutement du coll\u00e8ge de Sor\u00e8ze (1767-1790) : un recrutement colonial et international\u00a0\u00bb, dans <i>Sor\u00e8ze, l\u2019intelligence et la m\u00e9moire d\u2019un lieu<\/i>, M.-O. Munier \u00e9d., Toulouse, Presses de l\u2019Universit\u00e9 des Sciences Sociales de Toulouse, 2001, p. 123-140.<\/p>\n<p style=\"text-align: justify\">&#8211;\u00a0\u00a0 FERT\u00c9 (P.)\u00a0: \u00ab\u00a0Le m\u00e9decin \u2013 numismate Charles Patin (1633-1693)\u00a0: un proscrit de Louis XIV \u00e0 l\u2019universit\u00e9 de Padoue (1682)\u00a0\u00bb, <i>Bulletin du Centre d\u2019Etude d\u2019Histoire de <\/i><\/p>\n<p>&nbsp;<\/p>\n","protected":false},"excerpt":{"rendered":"<p>Ma\u00eetre de conf\u00e9rences \u00e0 l&rsquo;universit\u00e9 de Toulouse 2 Jean Jaur\u00e8s. Membre permanent du laboratoire FRAMESPA. Courriel : pat.ferte@orange.fr Mots-clefs : universit\u00e9s, coll\u00e8ges, \u00e9tudiants, mobilit\u00e9 \u00e9tudiante, patrimoine. Chantiers : Chantier 1 : histoire des institutions scientifiques ; chantier 2 : savoirs, contenus, gens de savoir ; chantier 3 : les bases de donn\u00e9es universitaires ; chantier &hellip; <a href=\"https:\/\/blogs.univ-jfc.fr\/studium\/les-membres\/ferte-patrick\/\" class=\"more-link\">Continuer la lecture de <span class=\"screen-reader-text\">FERT\u00c9 Patrick<\/span> <span class=\"meta-nav\">&rarr;<\/span><\/a><\/p>\n","protected":false},"author":19,"featured_media":0,"parent":10,"menu_order":11,"comment_status":"closed","ping_status":"closed","template":"","meta":[],"_links":{"self":[{"href":"https:\/\/blogs.univ-jfc.fr\/studium\/wp-json\/wp\/v2\/pages\/41"}],"collection":[{"href":"https:\/\/blogs.univ-jfc.fr\/studium\/wp-json\/wp\/v2\/pages"}],"about":[{"href":"https:\/\/blogs.univ-jfc.fr\/studium\/wp-json\/wp\/v2\/types\/page"}],"author":[{"embeddable":true,"href":"https:\/\/blogs.univ-jfc.fr\/studium\/wp-json\/wp\/v2\/users\/19"}],"replies":[{"embeddable":true,"href":"https:\/\/blogs.univ-jfc.fr\/studium\/wp-json\/wp\/v2\/comments?post=41"}],"version-history":[{"count":11,"href":"https:\/\/blogs.univ-jfc.fr\/studium\/wp-json\/wp\/v2\/pages\/41\/revisions"}],"predecessor-version":[{"id":1558,"href":"https:\/\/blogs.univ-jfc.fr\/studium\/wp-json\/wp\/v2\/pages\/41\/revisions\/1558"}],"up":[{"embeddable":true,"href":"https:\/\/blogs.univ-jfc.fr\/studium\/wp-json\/wp\/v2\/pages\/10"}],"wp:attachment":[{"href":"https:\/\/blogs.univ-jfc.fr\/studium\/wp-json\/wp\/v2\/media?parent=41"}],"curies":[{"name":"wp","href":"https:\/\/api.w.org\/{rel}","templated":true}]}}