{"id":416,"date":"2015-06-19T07:34:37","date_gmt":"2015-06-19T06:34:37","guid":{"rendered":"http:\/\/blogs.univ-jfc.fr\/studium\/?page_id=416"},"modified":"2023-06-08T15:06:01","modified_gmt":"2023-06-08T14:06:01","slug":"vaucelle-serge","status":"publish","type":"page","link":"https:\/\/blogs.univ-jfc.fr\/studium\/les-membres\/vaucelle-serge\/","title":{"rendered":"VAUCELLE Serge"},"content":{"rendered":"<p>Ma\u00eetre de conf\u00e9rences STAPS \u00e0 l&rsquo;Universit\u00e9 Paul Sabatier.<\/p>\n<p>Membre associ\u00e9 du laboratoire Framespa.<\/p>\n<p><a href=\"http:\/\/prissmh.univ-tlse3.fr\/serge-vaucelle-555812.kjsp?RH=1306836358619\"><strong>Pr\u00e9sentation<\/strong><\/a><\/p>\n<p><strong>Courriel<\/strong> : serge.vaucelle@univ-tlse3.fr<\/p>\n<h5><span style=\"color: #800000\">Th\u00e9matiques de recherche :<\/span><\/h5>\n<ul>\n<li>Jeux, exercices du corps, sports, pratiques de sant\u00e9 sous l&rsquo;Ancien R\u00e9gime.<\/li>\n<li>Processus de \u00ab\u00a0sportivation\u00a0\u00bb, associations sportives \u00e0 l&rsquo;\u00e9poque contemporaine,<\/li>\n<li>\u00c9ducation physique dans les \u00e9tablissements scolaires (XVIIIe-XXe),<\/li>\n<li>Entrainement, performances sportives, m\u00e9decine et sant\u00e9 publique (XIXe-XXe)<\/li>\n<\/ul>\n<h5><span style=\"color: #800000\">Chantiers :<\/span><\/h5>\n<h5><span style=\"color: #800000\">Bibliographie<\/span><\/h5>\n<p><strong>Th\u00e8se de doctorat :<\/strong> <em>L\u2019Art de Jouer \u00e0 la Cour \u2013 Transformations des jeux d\u2019exercice dans l\u2019\u00e9ducation de la <\/em><em>noblesse fran\u00e7aise (XIIe-XVIIe s<\/em>., l\u2019Ecole des Hautes Etudes en Sciences Sociales &#8211; Paris ; Histoire et civilisations \u2013 Dir. : Pr Georges VIGARELLO (EHESS Paris), 2004.<\/p>\n<p><strong>Articles<\/strong><\/p>\n<ul>\n<li style=\"font-size: medium;font-family: 'Times New Roman', serif;color: #000000;font-style: normal;font-weight: 400;letter-spacing: normal;text-indent: 0px;text-transform: none;text-decoration: none;text-align: justify\"><span style=\"font-family: Calibri, sans-serif\">VAUCELLE Serge, \u00ab Une p\u00e9dagogie au ch\u00e2teau. Espaces sportifs et am\u00e9nagement d\u2019un parc au CREPS de Toulouse apr\u00e8s 1945 \u00bb,<span class=\"\">\u00a0<\/span><i>Revue Sciences Sociales du Sport<\/i>, 2023 (in press).<\/span><\/li>\n<li style=\"font-size: medium;font-family: 'Times New Roman', serif;color: #000000;font-style: normal;font-weight: 400;letter-spacing: normal;text-indent: 0px;text-transform: none;text-decoration: none;text-align: justify\"><span style=\"font-family: Calibri, sans-serif\">VAUCELLE Serge, \u00ab\u00a0Contr\u00f4ler l\u2019effort physique de la jeunesse. Entra\u00eenement sportif et surveillance m\u00e9dicale \u00e0 l\u2019IREP de Toulouse dans l\u2019entre-deux-guerres\u00a0\u00bb,<span class=\"\">\u00a0<\/span><i>European Studies in Sports History<\/i>, 2023 (in press).<\/span><\/li>\n<li style=\"font-size: medium;font-family: 'Times New Roman', serif;color: #000000;font-style: normal;font-weight: 400;letter-spacing: normal;text-indent: 0px;text-transform: none;text-decoration: none;text-align: justify\"><span style=\"font-family: Calibri, sans-serif\">VAUCELLE Serge (avec Thomas BAUER, Doriane GOMET),<\/span><span style=\"font-family: Calibri, sans-serif\"><span class=\"\">\u00a0<\/span>\u00ab\u00a0Les activit\u00e9s de raquette\u00a0: tout(es) une histoire\u00a0\u00bb,<span class=\"\">\u00a0<\/span><i>Revue STAPS,<\/i><span class=\"\">\u00a0<\/span>n\u00b0 138, 2023\u00a0; p. 79-98.<\/span><\/li>\n<li style=\"font-size: medium;font-family: 'Times New Roman', serif;color: #000000;font-style: normal;font-weight: 400;letter-spacing: normal;text-indent: 0px;text-transform: none;text-decoration: none;text-align: justify\"><span style=\"font-family: Calibri, sans-serif\"><span lang=\"EN-US\" style=\"color: #000000;font-size: 12pt;font-style: normal;font-weight: 400;letter-spacing: normal;text-align: start;text-indent: 0px;text-transform: none;text-decoration: none;font-family: Calibri, sans-serif\">VAUCELLE Serge, ROQUEFORT Guillaume, \u201cReal Tennis Court. Castle of Suze-La-Rousse (Dr\u00f4me, France)\u201d, in Daphn\u00e9 BOLZ, Michael KR\u00dcGER (dir.),<span class=\"\">\u00a0<\/span><i>European Sports History in<\/i><span class=\"\">\u00a0<\/span><i>100 O<span style=\"font-size: 12pt\">bjects<\/span><\/i>, M\u00fcnster\u00a0: Arete Verlag, 2023, p. 78-81.<\/span><\/span><\/li>\n<li style=\"font-size: medium;font-family: 'Times New Roman', serif;color: #000000;font-style: normal;font-weight: 400;letter-spacing: normal;text-indent: 0px;text-transform: none;text-decoration: none;text-align: justify\"><span style=\"font-family: Calibri, sans-serif;font-size: 12pt\"><span lang=\"EN-US\" style=\"color: #000000;font-style: normal;font-weight: 400;letter-spacing: normal;text-align: start;text-indent: 0px;text-transform: none;text-decoration: none;font-family: Calibri, sans-serif\"><span style=\"color: #000000;font-style: normal;font-weight: 400;letter-spacing: normal;text-align: start;text-indent: 0px;text-transform: none;text-decoration: none;font-family: Calibri, sans-serif\">VAUCELLE Serge, \u00ab Les Enfances du Sport dans la France moderne (XVI<sup>e<\/sup><span class=\"\">\u00a0<\/span>\u2013 XIX<sup>e<\/sup><span class=\"\">\u00a0<\/span>s.)\u00a0\u00bb, in BELMAS Elisabeth, TURCOT Laurent,<span class=\"\">\u00a0<\/span><i>Jeux, sports et loisirs en France \u00e0 l\u2019\u00e9poque moderne<\/i>, Rennes\u00a0: PUR, 2023.<\/span><\/span><\/span><\/li>\n<li style=\"font-size: medium;font-family: 'Times New Roman', serif;color: #000000;font-style: normal;font-weight: 400;letter-spacing: normal;text-indent: 0px;text-transform: none;text-decoration: none;text-align: justify\"><span style=\"color: #000000;font-family: Calibri, sans-serif;font-size: medium;font-style: normal;font-weight: 400;letter-spacing: normal;text-align: justify;text-indent: 0px;text-transform: none;background-color: #ffffff;text-decoration: none;float: none\"><span style=\"font-size: 12pt\">VAUCELLE Serge, \u00ab\u00a0De la gym au ca<\/span>rdio, de la forme au fitness : une histoire de la condition physique\u00a0\u00bb, <i>Revue<\/i> <i>Fitness Challenge<\/i>, n\u00b064, 2023.<\/span><\/li>\n<li style=\"font-size: medium;font-family: 'Times New Roman', serif;color: #000000;font-style: normal;font-weight: 400;letter-spacing: normal;text-indent: 0px;text-transform: none;text-decoration: none;text-align: justify\"><span style=\"color: #000000;font-family: Calibri, sans-serif;font-size: medium;font-style: normal;font-weight: 400;letter-spacing: normal;text-align: justify;text-indent: 0px;text-transform: none;background-color: #ffffff;text-decoration: none;float: none\">VAUCELLE Serge, \u00ab\u00a0Former des \u00e9ducateurs sportifs \u00e0 partir des d\u00e9terminants de la condition physique\u00a0\u00bb,<span class=\"\">\u00a0<\/span><\/span><i style=\"color: #000000;font-family: Calibri, sans-serif;font-weight: 400;letter-spacing: normal;text-align: justify;text-indent: 0px;text-transform: none;background-color: #ffffff;text-decoration: none\">Revue EP.S<\/i><span style=\"color: #000000;font-family: Calibri, sans-serif;font-size: medium;font-style: normal;font-weight: 400;letter-spacing: normal;text-align: justify;text-indent: 0px;text-transform: none;background-color: #ffffff;text-decoration: none;float: none\">, n\u00b0399, 2023.<\/span><\/li>\n<li style=\"font-size: medium;font-family: 'Times New Roman', serif;color: #000000;font-style: normal;font-weight: 400;letter-spacing: normal;text-indent: 0px;text-transform: none;text-decoration: none;text-align: justify\"><span style=\"color: #000000;font-family: Calibri, sans-serif;font-size: medium;font-style: normal;font-weight: 400;letter-spacing: normal;text-align: justify;text-indent: 0px;text-transform: none;background-color: #ffffff;text-decoration: none;float: none\">VAUCELLE Serge, \u00ab\u00a0Histoire du concept de condition physique\u00a0\u00bb,<span class=\"\">\u00a0<\/span><\/span><i style=\"color: #000000;font-family: Calibri, sans-serif;font-weight: 400;letter-spacing: normal;text-align: justify;text-indent: 0px;text-transform: none;background-color: #ffffff;text-decoration: none\">Revue EP.S<\/i><span style=\"color: #000000;font-family: Calibri, sans-serif;font-size: medium;font-style: normal;font-weight: 400;letter-spacing: normal;text-align: justify;text-indent: 0px;text-transform: none;background-color: #ffffff;text-decoration: none;float: none\">, n\u00b0394, 2022, p. 31-33.<\/span><\/li>\n<li style=\"font-size: medium;font-family: 'Times New Roman', serif;color: #000000;font-style: normal;font-weight: 400;letter-spacing: normal;text-indent: 0px;text-transform: none;text-decoration: none;text-align: justify\">VAUCELLE Serge, ROQUEFORT Guillaume, \u00ab\u00a0Le jeu de courte paume de Suze-la-Rousse : &lsquo;le plus excellent&rsquo; jeu \u00e0 dedans de la Renaissance\u00a0\u00bb, <i>Revue Etudes Dr\u00f4moises<\/i>, n\u00b091, 2022, p. 3-7.<\/li>\n<li style=\"font-size: medium;font-family: 'Times New Roman', serif;color: #000000;font-style: normal;font-weight: 400;letter-spacing: normal;text-indent: 0px;text-transform: none;text-decoration: none;text-align: justify\">VAUCELLE Serge, ROQUEFORT Guillaume, \u00ab\u00a0Le jeu en h\u00e9ritage : Renaissance d&rsquo;un jeu de paume de l&rsquo;\u00e9poque moderne\u00a0\u00bb, in LOUDCHER Jean-Fran\u00e7ois, H\u00e9ritage sportif et dynamique patrimoniale, Montpellier : PULM, 2022, p.91-112.<\/li>\n<li style=\"font-size: medium;font-family: 'Times New Roman', serif;color: #000000;font-style: normal;font-weight: 400;letter-spacing: normal;text-indent: 0px;text-transform: none;text-decoration: none;text-align: justify\"><span style=\"font-family: Calibri, sans-serif\"><span lang=\"EN-US\" style=\"color: #000000;font-size: 12pt;font-style: normal;font-weight: 400;letter-spacing: normal;text-align: start;text-indent: 0px;text-transform: none;text-decoration: none;font-family: Calibri, sans-serif\">VAUCELLE Serge,<span style=\"color: #000000;font-family: Calibri, sans-serif;font-size: 16px;font-style: normal;font-weight: 400;letter-spacing: normal;text-align: start;text-indent: 0px;text-transform: none;background-color: #ffffff;text-decoration: none;float: none\"><span class=\"\">\u00a0<\/span>\u201cSpor<span style=\"font-size: 12pt\">ts Coaching in France. From foreign influences to the invention of a French coaching method (1940-1970)\u201d, in Dave DAY, <i>Sports Coaching in Europe, Cultural Histories<\/i>, Londres-New York : Routledge, 2021, p. 129-147.<\/span><\/span><\/span><\/span><\/li>\n<li style=\"font-size: medium;font-family: 'Times New Roman', serif;color: #000000;font-style: normal;font-weight: 400;letter-spacing: normal;text-indent: 0px;text-transform: none;text-decoration: none;text-align: justify\"><span style=\"font-size: 12pt\"><span style=\"color: black\">GALMICHE Thierry, RAFFIN Aur\u00e9lie,<span class=\"\">\u00a0<\/span><\/span>ROQUEFORT Guillaume,<span class=\"\">\u00a0<\/span><span style=\"color: black\">VAUCELLE Serge, \u00ab\u00a0Villers-Cotter\u00eats\u00a0: le jeu de paume royal de Fran\u00e7ois I<sup>er<\/sup>\u00a0\u00bb,<span class=\"\">\u00a0<\/span><i>Monumental<\/i><span class=\"\">\u00a0<\/span>n\u00b020, 2021, pp. 13.<\/span><\/span><\/li>\n<li style=\"font-size: medium;font-family: 'Times New Roman', serif;color: #000000;font-style: normal;font-weight: 400;letter-spacing: normal;text-indent: 0px;text-transform: none;text-decoration: none;text-align: justify\"><span style=\"color: black\"><span style=\"font-size: 12pt\">GALMICHE Thierry, RAFFIN Aur\u00e9lie,<span class=\"\">\u00a0<\/span><span style=\"background-color: white\">ROQUEFORT Guillaume,<span class=\"\">\u00a0<\/span><\/span>VAUCELLE Serge, \u00ab\u00a0Le ch\u00e2teau de Villers-Cotter\u00eats d\u00e9voile son logis royal et son jeu de paume\u00a0\u00bb,<span class=\"\">\u00a0<\/span><i>Arch\u00e9ologia<\/i><span class=\"\">\u00a0<\/span>n\u00b0594, 2021, pp. 48-55.<\/span><\/span><\/li>\n<li style=\"font-size: medium;font-family: 'Times New Roman', serif;color: #000000;font-style: normal;font-weight: 400;letter-spacing: normal;text-indent: 0px;text-transform: none;text-decoration: none;text-align: justify\"><span style=\"color: black\"><span style=\"font-size: 12pt\">VAUCELLE Serge, \u00ab\u00a0La place des activit\u00e9s physiques et des sports dans les programmes p\u00e9dagogiques de l&rsquo;Ecole royale militaire de Sor\u00e8ze (XVIIe-XIXe)\u00a0\u00bb, in Juan-Ramon CARBO, <i>Cuerpo y Espiritu : Deporte y Cristianismo en la Historia<\/i>, Murcie : UCAM, 2021, p. 361-399.<\/span><\/span><\/li>\n<li style=\"font-size: medium;font-family: 'Times New Roman', serif;color: #000000;font-style: normal;font-weight: 400;letter-spacing: normal;text-indent: 0px;text-transform: none;text-decoration: none;text-align: justify\">Thomas Bauer, Serge Vaucelle et Philippe T\u00e9tart, \u00ab\u00a0De la foule au supporter. Regards d\u2019\u00e9crivains sur les passions sportives\u00a0\u00bb, dans Philippe T\u00e9tart (dir.), <em>C\u00f4t\u00e9 tribunes. Les supporters en France de la Belle \u00c9poque aux ann\u00e9es 1930<\/em>, Rennes, PUR, 2019, p. 339-376.<\/li>\n<\/ul>\n<p>&#8211; HOIBIAN (Olivier), VAUCELLE (Serge), POYER (Alex), \u00ab Les exercices physiques des lyc\u00e9ens: un effet des campagnes hygi\u00e9nistes du d\u00e9but du XIXe si\u00e8cle ? \u00bb, Stadion, Sankt Augustin, 2015 (\u00e0 para\u00eetre).<\/p>\n<p>&#8211; VAUCELLE (Serge). \u00ab \u2018Sans mod\u00e9ration mais avec mesure\u2019. Jeux d\u2019exercices et limites du jeu dans la France moderne \u00bb. European Studies in Sports History, vol. 7, PURH, 2015 (\u00e0 para\u00eetre).<\/p>\n<p>&#8211; VAUCELLE (Serge). \u00ab \u2018L\u2019Esp\u00e9e &amp; l\u2019Esteuf \u2018. Escrime et jeu de paume dans la France moderne (XVe-XVIIe si\u00e8cles) \u00bb. SPORT HISTORY REVIEW n\u00b0 40, University of Western Ontario, Canada (Ed. Human Kinetics, USA), 2009, pp. 57-68.<\/p>\n<p>&#8211; VAUCELLE (Serge). \u00ab Les femmes et les sports du gentilhomme \u00e0 l&rsquo;\u00e9poque moderne \u00bb. CLIO, Histoire, Femmes et Soci\u00e9t\u00e9s, n\u00b0 23, \u00ab Le genre du sport \u00bb, Toulouse : Presses Universitaires du Mirail, 2006, pp. 145-163.<\/p>\n<p>&#8211; European Studies in Sports History, 2015 &#8211; Sport History Review n\u00b040, 2009 &#8211; CLIO (HFS) n\u00b023, 2006 &#8211; CRM &#8211; Cahiers Recherches M\u00e9di\u00e9vales n\u00b010, 2003 &#8211; Ludica n\u00b08, 2002. Ludica n\u00b09, 2003.<\/p>\n<p><strong>Chapitres d&rsquo;ouvrages<\/strong><br \/>\n&#8211; BAUER Thomas, Georges Magnane, La plume et le sport : Rennes : PUR, 2015.<\/p>\n<p>&#8211; ARNAL Thierry, TERRET Thierry (sous la dir. de), Aux origines de la gymnastique moderne.<br \/>\nValenciennes : PUV, 2011, pp. 23-38.<\/p>\n<p>&#8211; ATTALI Micha\u00ebl, SAINT-MARTIN Jean, Dictionnaire Culturel du Sport. Paris : A. Colin, 2010.<\/p>\n<p>&#8211; CLASTRES Patrick, DIETSCHY Paul, Paume et Tennis en France (XVe-XXe s.). Paris : Ed.<br \/>\nNouveau Monde, 2009, pp. 45-58.<\/p>\n<p>&#8211; McCLELLAND John, MERRILEES Brian, Sport and Culture in Early Modern Europe. Toronto : CRRS Publications, 2009, pp. 249-267.<\/p>\n","protected":false},"excerpt":{"rendered":"<p>Ma\u00eetre de conf\u00e9rences STAPS \u00e0 l&rsquo;Universit\u00e9 Paul Sabatier. Membre associ\u00e9 du laboratoire Framespa. Pr\u00e9sentation Courriel : serge.vaucelle@univ-tlse3.fr Th\u00e9matiques de recherche : Jeux, exercices du corps, sports, pratiques de sant\u00e9 sous l&rsquo;Ancien R\u00e9gime. Processus de \u00ab\u00a0sportivation\u00a0\u00bb, associations sportives \u00e0 l&rsquo;\u00e9poque contemporaine, \u00c9ducation physique dans les \u00e9tablissements scolaires (XVIIIe-XXe), Entrainement, performances sportives, m\u00e9decine et sant\u00e9 publique (XIXe-XXe) &hellip; <a href=\"https:\/\/blogs.univ-jfc.fr\/studium\/les-membres\/vaucelle-serge\/\" class=\"more-link\">Continuer la lecture de <span class=\"screen-reader-text\">VAUCELLE Serge<\/span> <span class=\"meta-nav\">&rarr;<\/span><\/a><\/p>\n","protected":false},"author":19,"featured_media":0,"parent":10,"menu_order":20,"comment_status":"closed","ping_status":"closed","template":"","meta":[],"_links":{"self":[{"href":"https:\/\/blogs.univ-jfc.fr\/studium\/wp-json\/wp\/v2\/pages\/416"}],"collection":[{"href":"https:\/\/blogs.univ-jfc.fr\/studium\/wp-json\/wp\/v2\/pages"}],"about":[{"href":"https:\/\/blogs.univ-jfc.fr\/studium\/wp-json\/wp\/v2\/types\/page"}],"author":[{"embeddable":true,"href":"https:\/\/blogs.univ-jfc.fr\/studium\/wp-json\/wp\/v2\/users\/19"}],"replies":[{"embeddable":true,"href":"https:\/\/blogs.univ-jfc.fr\/studium\/wp-json\/wp\/v2\/comments?post=416"}],"version-history":[{"count":4,"href":"https:\/\/blogs.univ-jfc.fr\/studium\/wp-json\/wp\/v2\/pages\/416\/revisions"}],"predecessor-version":[{"id":2456,"href":"https:\/\/blogs.univ-jfc.fr\/studium\/wp-json\/wp\/v2\/pages\/416\/revisions\/2456"}],"up":[{"embeddable":true,"href":"https:\/\/blogs.univ-jfc.fr\/studium\/wp-json\/wp\/v2\/pages\/10"}],"wp:attachment":[{"href":"https:\/\/blogs.univ-jfc.fr\/studium\/wp-json\/wp\/v2\/media?parent=416"}],"curies":[{"name":"wp","href":"https:\/\/api.w.org\/{rel}","templated":true}]}}