{"id":43,"date":"2015-04-03T13:01:36","date_gmt":"2015-04-03T12:01:36","guid":{"rendered":"http:\/\/blogs.univ-jfc.fr\/studium\/?page_id=43"},"modified":"2019-12-16T06:36:10","modified_gmt":"2019-12-16T05:36:10","slug":"foissac-patrice","status":"publish","type":"page","link":"https:\/\/blogs.univ-jfc.fr\/studium\/les-membres\/foissac-patrice\/","title":{"rendered":"FOISSAC Patrice"},"content":{"rendered":"<p><a href=\"http:\/\/blogs.univ-jfc.fr\/studium\/wp-content\/uploads\/sites\/44\/2015\/04\/Patrice-F.jpg\"><img loading=\"lazy\" class=\" wp-image-209 aligncenter\" src=\"http:\/\/blogs.univ-jfc.fr\/studium\/wp-content\/uploads\/sites\/44\/2015\/04\/Patrice-F-257x300.jpg\" alt=\"Patrice F\" width=\"160\" height=\"186\" srcset=\"https:\/\/blogs.univ-jfc.fr\/studium\/wp-content\/uploads\/sites\/44\/2015\/04\/Patrice-F-257x300.jpg 257w, https:\/\/blogs.univ-jfc.fr\/studium\/wp-content\/uploads\/sites\/44\/2015\/04\/Patrice-F.jpg 349w\" sizes=\"(max-width: 160px) 100vw, 160px\" \/><\/a>Historien, docteur en histoire. Membre associ\u00e9 du laboratoire Framespa.<b><br \/>\n<\/b><\/p>\n<h5 style=\"text-align: justify\"><span style=\"color: #800000\">Mots-clefs<\/span> : \u00e9tudiants, coll\u00e8ge, enseignement secondaire et sup\u00e9rieur, Moyen Age.<\/h5>\n<h5>Chantiers :<\/h5>\n<p>Chantier 1 : <a href=\"http:\/\/blogs.univ-jfc.fr\/studium\/les-projets\/histoire-de-luniversite-de-toulouse\/\">histoire des institutions scientifiques<\/a> ; chantier 2 : <a href=\"http:\/\/blogs.univ-jfc.fr\/studium\/wp-admin\/post.php?post=109&amp;action=edit\">savoirs, contenus, gens de savoir<\/a> ; chantier 5 : <a href=\"http:\/\/blogs.univ-jfc.fr\/studium\/les-projets\/chantier-5-espaces-territoires-et-lieux-denseignement\/\">Espaces, territoires et lieux d\u2019enseignement.<\/a><\/p>\n<h5><span style=\"color: #800000\">Bibliographie<\/span><\/h5>\n<p><b>Livres<\/b><\/p>\n<p><i>Histoire des coll\u00e8ges de Cahors et de Toulouse (XIV et XVe si\u00e8cle)<\/i>, pr\u00e9face de Jacques Verger, La Louves \u00e9ditions, 2010, 574 p.<a href=\"http:\/\/blogs.univ-jfc.fr\/studium\/wp-content\/uploads\/sites\/44\/2015\/04\/Foissac.jpg\"><img loading=\"lazy\" class=\"size-medium wp-image-206 aligncenter\" src=\"http:\/\/blogs.univ-jfc.fr\/studium\/wp-content\/uploads\/sites\/44\/2015\/04\/Foissac-181x300.jpg\" alt=\"Foissac\" width=\"120\" height=\"199\" srcset=\"https:\/\/blogs.univ-jfc.fr\/studium\/wp-content\/uploads\/sites\/44\/2015\/04\/Foissac-181x300.jpg 181w, https:\/\/blogs.univ-jfc.fr\/studium\/wp-content\/uploads\/sites\/44\/2015\/04\/Foissac.jpg 209w\" sizes=\"(max-width: 120px) 100vw, 120px\" \/><\/a><\/p>\n<p><b>\u00a0<\/b><\/p>\n<p><b>Articles ou chapitres de livres<br \/>\n<\/b><\/p>\n<p style=\"text-align: justify\">&#8211; Patrice Foissac,\u00a0 \u00ab\u00a0Le petit monde des coll\u00e8ges \u00ab\u00a0, dans <a href=\"https:\/\/www.edimip.com\/catalogue\/ouvrages\/histoire-de-luniversite-de-toulouse-le-moyen-age-xiiie-xve-siecle\/\"><em>Histoire de l&rsquo;universit\u00e9 de Toulouse<\/em>, vol. 1 <em>Le Moyen Age<\/em><\/a>, Portet-sur-Garonne, \u00e9dition midi-pyr\u00e9n\u00e9ennes\/Universit\u00e9 f\u00e9d\u00e9rale Toulouse-Midi-Pyr\u00e9n\u00e9es, 2019, p. 203-270.<\/p>\n<p style=\"text-align: justify\">&#8211;\u00a0\u00a0 \u00ab\u00a0<a href=\"http:\/\/opac.regesta-imperii.de\/lang_en\/anzeige.php?aufsatz=Civilisation+mat%C3%A9rielle+et+vie+quotidienne+%C3%A0+Cahors+au+Moyen+%C3%82ge%3A+inventaire+des+biens+du+coll%C3%A8ge+P%C3%A9legry%2C+15+novembre+1378&amp;pk=1836561\">Civilisation mat\u00e9rielle et vie quotidienne \u00e0 Cahors au Moyen \u00c2ge: inventaire des biens du coll\u00e8ge P\u00e9legry, 15 novembre 1378<\/a>\u00a0\u00bb, dans <i><a href=\"http:\/\/opac.regesta-imperii.de\/lang_en\/anzeige.php?zeitschrift=Bullettin+de+la+Soci%C3%A9t%C3%A9+des+%C3%A9tudes+litteraires+scientiques+et+artistiques+du+Lot\">Bulletin de la Soci\u00e9t\u00e9 des \u00e9tudes litt\u00e9raires scientifiques et artistiques du Lot<\/a><\/i>, vol. 132 (2011) p. 87-94.<\/p>\n<p style=\"text-align: justify\">&#8211;\u00a0 \u00ab\u00a0<a href=\"http:\/\/opac.regesta-imperii.de\/lang_en\/anzeige.php?aufsatz=Le+coll%C3%A8ge+Saint-Michel+de+l%27Universit%C3%A9+de+Cahors&amp;pk=1036244\">Le coll\u00e8ge Saint-Michel de l&rsquo;Universit\u00e9 de Cahors<\/a>\u00a0\u00ab\u00a0, dans <i><a href=\"http:\/\/opac.regesta-imperii.de\/lang_en\/anzeige.php?zeitschrift=Bullettin+de+la+Soci%C3%A9t%C3%A9+des+%C3%A9tudes+litteraires+scientiques+et+artistiques+du+Lot\">Bulletin de la Soci\u00e9t\u00e9 des \u00e9tudes litt\u00e9raires scientifiques et artistiques du Lot<\/a><\/i>, vol. 127 (2006) p. 81-86.<\/p>\n<p style=\"text-align: justify\">&#8211;\u00a0\u00a0 <a href=\"http:\/\/opac.regesta-imperii.de\/lang_en\/anzeige.php?aufsatz=Un+article+in%C3%A9dit+du+chanoine+Albe%3A+%22Le+Coll%C3%A8ge+de+Rodez+en+1501-1502%22&amp;pk=921616\">Un article in\u00e9dit du chanoine Albe: \u00ab\u00a0Le Coll\u00e8ge de Rodez en 1501-1502\u00a0\u00bb<\/a> , <i><a href=\"http:\/\/opac.regesta-imperii.de\/lang_en\/anzeige.php?zeitschrift=Bullettin+de+la+Soci%C3%A9t%C3%A9+des+%C3%A9tudes+litteraires+scientiques+et+artistiques+du+Lot\">Bulletin \u00a0de la Soci\u00e9t\u00e9 des \u00e9tudes litt\u00e9raires scientifiques \u00a0et artistiques du Lot<\/a> <\/i>vol. 126 (2005), p. 104-114.<\/p>\n<p style=\"text-align: justify\">&#8211;\u00a0\u00a0\u00a0 \u00ab\u00a0<a href=\"http:\/\/opac.regesta-imperii.de\/lang_en\/anzeige.php?aufsatz=Le+coll%C3%A8ge+P%C3%A9legry+de+Cahors+aux+XIVe+et+XVe+si%C3%A8cles.+Troisi%C3%A8me+partie%3A+les+hommes&amp;pk=921626\">Le coll\u00e8ge P\u00e9legry de Cahors aux XIVe et XVe si\u00e8cles. Troisi\u00e8me partie: les hommes<\/a>\u00a0\u00bb, dans <i><a href=\"http:\/\/opac.regesta-imperii.de\/lang_en\/anzeige.php?zeitschrift=Bullettin+de+la+Soci%C3%A9t%C3%A9+des+%C3%A9tudes+litteraires+scientiques+et+artistiques+du+Lot\">Bulletin de la Soci\u00e9t\u00e9 des \u00e9tudes litt\u00e9raires scientifiques et artistiques du Lot<\/a><\/i> vol. 125 (2004) p. 169-198.<\/p>\n<p style=\"text-align: justify\">&#8211;\u00a0\u00a0 \u00ab\u00a0<a href=\"http:\/\/opac.regesta-imperii.de\/lang_en\/anzeige.php?aufsatz=Le+coll%C3%A8ge+P%C3%A9legry+de+Cahors+aux+XIVe+et+XVe+si%C3%A8cles.+Premi%C3%A8re+%C3%A9poque+%281365-1420%29&amp;pk=921630\">Le coll\u00e8ge P\u00e9legry de Cahors aux XIVe et XVe si\u00e8cles. Premi\u00e8re \u00e9poque (1365-1420\u00a0\u00bb)<\/a>,\u00a0 <i><a href=\"http:\/\/opac.regesta-imperii.de\/lang_en\/anzeige.php?zeitschrift=Bullettin+de+la+Soci%C3%A9t%C3%A9+des+%C3%A9tudes+litteraires+scientiques+et+artistiques+du+Lot\">Bulletin de la Soci\u00e9t\u00e9 des \u00e9tudes litt\u00e9raires scientifiques et artistiques du Lot<\/a><\/i> vol. 125 (2004) p. 1-19.<\/p>\n<p style=\"text-align: justify\">&#8211;\u00a0\u00a0 \u00ab\u00a0<a href=\"http:\/\/opac.regesta-imperii.de\/lang_en\/anzeige.php?aufsatz=Le+coll%C3%A8ge+P%C3%A9legry+de+Cahors+aux+XIVe+et+XVe+si%C3%A8cles.+Deuxi%C3%A8me+%C3%A9poque+%28apr%C3%A8s+1420%29&amp;pk=921628\">Le coll\u00e8ge P\u00e9legry de Cahors aux XIVe et XVe si\u00e8cles. Deuxi\u00e8me \u00e9poque (apr\u00e8s 1420)<\/a>\u00a0\u00bb, dans <i><a href=\"http:\/\/opac.regesta-imperii.de\/lang_en\/anzeige.php?zeitschrift=Bullettin+de+la+Soci%C3%A9t%C3%A9+des+%C3%A9tudes+litteraires+scientiques+et+artistiques+du+Lot\">Bulletin de la Soci\u00e9t\u00e9 des \u00e9tudes litt\u00e9raires scientifiques et artistiques du Lot<\/a><\/i> vol. 125 (2004) p. 81-102.<\/p>\n","protected":false},"excerpt":{"rendered":"<p>Historien, docteur en histoire. Membre associ\u00e9 du laboratoire Framespa. Mots-clefs : \u00e9tudiants, coll\u00e8ge, enseignement secondaire et sup\u00e9rieur, Moyen Age. Chantiers : Chantier 1 : histoire des institutions scientifiques ; chantier 2 : savoirs, contenus, gens de savoir ; chantier 5 : Espaces, territoires et lieux d\u2019enseignement. Bibliographie Livres Histoire des coll\u00e8ges de Cahors et de &hellip; <a href=\"https:\/\/blogs.univ-jfc.fr\/studium\/les-membres\/foissac-patrice\/\" class=\"more-link\">Continuer la lecture de <span class=\"screen-reader-text\">FOISSAC Patrice<\/span> <span class=\"meta-nav\">&rarr;<\/span><\/a><\/p>\n","protected":false},"author":19,"featured_media":0,"parent":10,"menu_order":12,"comment_status":"closed","ping_status":"closed","template":"","meta":[],"_links":{"self":[{"href":"https:\/\/blogs.univ-jfc.fr\/studium\/wp-json\/wp\/v2\/pages\/43"}],"collection":[{"href":"https:\/\/blogs.univ-jfc.fr\/studium\/wp-json\/wp\/v2\/pages"}],"about":[{"href":"https:\/\/blogs.univ-jfc.fr\/studium\/wp-json\/wp\/v2\/types\/page"}],"author":[{"embeddable":true,"href":"https:\/\/blogs.univ-jfc.fr\/studium\/wp-json\/wp\/v2\/users\/19"}],"replies":[{"embeddable":true,"href":"https:\/\/blogs.univ-jfc.fr\/studium\/wp-json\/wp\/v2\/comments?post=43"}],"version-history":[{"count":11,"href":"https:\/\/blogs.univ-jfc.fr\/studium\/wp-json\/wp\/v2\/pages\/43\/revisions"}],"predecessor-version":[{"id":1609,"href":"https:\/\/blogs.univ-jfc.fr\/studium\/wp-json\/wp\/v2\/pages\/43\/revisions\/1609"}],"up":[{"embeddable":true,"href":"https:\/\/blogs.univ-jfc.fr\/studium\/wp-json\/wp\/v2\/pages\/10"}],"wp:attachment":[{"href":"https:\/\/blogs.univ-jfc.fr\/studium\/wp-json\/wp\/v2\/media?parent=43"}],"curies":[{"name":"wp","href":"https:\/\/api.w.org\/{rel}","templated":true}]}}