{"id":481,"date":"2016-10-18T06:41:37","date_gmt":"2016-10-18T05:41:37","guid":{"rendered":"http:\/\/blogs.univ-jfc.fr\/studium\/?page_id=481"},"modified":"2019-04-16T08:09:26","modified_gmt":"2019-04-16T07:09:26","slug":"roffidal-emilie","status":"publish","type":"page","link":"https:\/\/blogs.univ-jfc.fr\/studium\/les-membres\/roffidal-emilie\/","title":{"rendered":"ROFFIDAL Emilie"},"content":{"rendered":"<p><a href=\"http:\/\/blogs.univ-jfc.fr\/studium\/wp-content\/uploads\/sites\/44\/2016\/10\/Emilie.jpg\"><img loading=\"lazy\" class=\"size-medium wp-image-485 aligncenter\" src=\"http:\/\/blogs.univ-jfc.fr\/studium\/wp-content\/uploads\/sites\/44\/2016\/10\/Emilie-246x300.jpg\" alt=\"Emilie\" width=\"137\" height=\"168\" srcset=\"https:\/\/blogs.univ-jfc.fr\/studium\/wp-content\/uploads\/sites\/44\/2016\/10\/Emilie-246x300.jpg 246w, https:\/\/blogs.univ-jfc.fr\/studium\/wp-content\/uploads\/sites\/44\/2016\/10\/Emilie.jpg 362w\" sizes=\"(max-width: 137px) 100vw, 137px\" \/><\/a>Historienne de l&rsquo;art, charg\u00e9e de recherche au CNRS, membre permanent du laboratoire FRAMESPA<\/p>\n<p><a title=\"ROFFIDAL Emilie\" href=\"http:\/\/blogs.univ-jfc.fr\/studium\/les-membres\/roffidal-emilie\/\" target=\"_blank\" rel=\"noopener noreferrer\">Pr\u00e9sentation<\/a><\/p>\n<p>Courriel : <a>emilie.roffidal@univ-tlse2.fr<\/a><\/p>\n<p style=\"text-align: justify\"><strong>Th\u00e8mes<\/strong> : formation des artistes, acad\u00e9mies de peinture et de sculpture, \u00e9coles de dessin, r\u00e9seaux socio-culturels ; interactions des artistes avec les r\u00e9seaux \u00e9conomiques<\/p>\n<h5 style=\"text-align: justify\">Bibliographie s\u00e9lective<\/h5>\n<ul>\n<li>\u00ab De l\u2019Acad\u00e9mie de peinture et de sculpture \u00e0 la production manufacturi\u00e8re de porcelaines. Intentions et r\u00e9alit\u00e9s marseillaises \u00bb, <em>Artistes &amp; dessinateurs. La cr\u00e9ation dans les arts d\u00e9coratifs (XVIIIe-XIXe)<\/em>, dir. Aziza Grill-Mariotte, Presses Universitaires de Rennes, coll. Art &amp; Soci\u00e9t\u00e9 (accept\u00e9).<\/li>\n<li>\u00ab <a title=\"les r\u00e9seaux des acad\u00e9mies et des \u00e9coles d\u2019art en europe m\u00e9ridionale (1740-1820) : projet et perspectives de recherche (nouvelle fen\u00eatre)\" href=\"http:\/\/%20http:\/\/framespa.revues.org\/3120\">Les r\u00e9seaux des acad\u00e9mies et des \u00e9coles d\u2019art en Europe m\u00e9ridionale (1740-1820) : projet et perspectives de recherche<\/a> \u00bb, <em>Les Cahiers de Framespa<\/em>, 17 \/ 2014, mis en ligne le 31 d\u00e9cembre 2014.<\/li>\n<li>\u00ab Jean-Michel Verdiguier. Sculpteur et directeur de l\u2019Acad\u00e9mie de Marseille \u00bb, <em>Bulletin de l\u2019Essor<\/em>, sept. 2002, p. 53-58.<\/li>\n<\/ul>\n<h5><strong>\u00a0<\/strong><\/h5>\n","protected":false},"excerpt":{"rendered":"<p>Historienne de l&rsquo;art, charg\u00e9e de recherche au CNRS, membre permanent du laboratoire FRAMESPA Pr\u00e9sentation Courriel : emilie.roffidal@univ-tlse2.fr Th\u00e8mes : formation des artistes, acad\u00e9mies de peinture et de sculpture, \u00e9coles de dessin, r\u00e9seaux socio-culturels ; interactions des artistes avec les r\u00e9seaux \u00e9conomiques Bibliographie s\u00e9lective \u00ab De l\u2019Acad\u00e9mie de peinture et de sculpture \u00e0 la production manufacturi\u00e8re &hellip; <a href=\"https:\/\/blogs.univ-jfc.fr\/studium\/les-membres\/roffidal-emilie\/\" class=\"more-link\">Continuer la lecture de <span class=\"screen-reader-text\">ROFFIDAL Emilie<\/span> <span class=\"meta-nav\">&rarr;<\/span><\/a><\/p>\n","protected":false},"author":19,"featured_media":0,"parent":10,"menu_order":19,"comment_status":"closed","ping_status":"closed","template":"","meta":[],"_links":{"self":[{"href":"https:\/\/blogs.univ-jfc.fr\/studium\/wp-json\/wp\/v2\/pages\/481"}],"collection":[{"href":"https:\/\/blogs.univ-jfc.fr\/studium\/wp-json\/wp\/v2\/pages"}],"about":[{"href":"https:\/\/blogs.univ-jfc.fr\/studium\/wp-json\/wp\/v2\/types\/page"}],"author":[{"embeddable":true,"href":"https:\/\/blogs.univ-jfc.fr\/studium\/wp-json\/wp\/v2\/users\/19"}],"replies":[{"embeddable":true,"href":"https:\/\/blogs.univ-jfc.fr\/studium\/wp-json\/wp\/v2\/comments?post=481"}],"version-history":[{"count":5,"href":"https:\/\/blogs.univ-jfc.fr\/studium\/wp-json\/wp\/v2\/pages\/481\/revisions"}],"predecessor-version":[{"id":1032,"href":"https:\/\/blogs.univ-jfc.fr\/studium\/wp-json\/wp\/v2\/pages\/481\/revisions\/1032"}],"up":[{"embeddable":true,"href":"https:\/\/blogs.univ-jfc.fr\/studium\/wp-json\/wp\/v2\/pages\/10"}],"wp:attachment":[{"href":"https:\/\/blogs.univ-jfc.fr\/studium\/wp-json\/wp\/v2\/media?parent=481"}],"curies":[{"name":"wp","href":"https:\/\/api.w.org\/{rel}","templated":true}]}}